{"id":3,"date":"2020-05-05T13:37:41","date_gmt":"2020-05-05T13:37:41","guid":{"rendered":"https:\/\/new.deschenaux.me\/?page_id=3"},"modified":"2020-08-12T06:37:02","modified_gmt":"2020-08-12T06:37:02","slug":"privacy-policy","status":"publish","type":"page","link":"https:\/\/eupa.uk\/pt\/privacy-policy\/","title":{"rendered":"pol\u00edtica de Privacidade"},"content":{"rendered":"<div data-elementor-type=\"wp-page\" data-elementor-id=\"3\" class=\"elementor elementor-3\" data-elementor-post-type=\"page\">\n\t\t\t\t\t\t<section class=\"elementor-section elementor-top-section elementor-element elementor-element-7d9baf5b elementor-section-boxed elementor-section-height-default elementor-section-height-default\" data-id=\"7d9baf5b\" data-element_type=\"section\">\n\t\t\t\t\t\t<div class=\"elementor-container elementor-column-gap-default\">\n\t\t\t\t\t<div class=\"elementor-column elementor-col-100 elementor-top-column elementor-element elementor-element-46b8d89f\" data-id=\"46b8d89f\" data-element_type=\"column\">\n\t\t\t<div class=\"elementor-widget-wrap elementor-element-populated\">\n\t\t\t\t\t\t<div class=\"elementor-element elementor-element-6af4a87b elementor-widget elementor-widget-text-editor\" data-id=\"6af4a87b\" data-element_type=\"widget\" data-widget_type=\"text-editor.default\">\n\t\t\t\t<div class=\"elementor-widget-container\">\n\t\t\t\t\t\t\t\t\t<p>A Ag\u00eancia Europeia de Imprensa (\u201cn\u00f3s\u201d, \u201cn\u00f3s\u201d ou \u201cnosso\u201d) est\u00e1 operando o referido \u201cServi\u00e7o\u201d, que \u00e9 o seguinte site: https:\/\/eupa.uk<\/p><p>Esta p\u00e1gina informa sobre nossas pol\u00edticas relativas \u00e0 coleta, uso e divulga\u00e7\u00e3o de dados pessoais quando voc\u00ea usa nosso Servi\u00e7o e as escolhas que voc\u00ea associou a esses dados.<\/p><p>Usamos seus dados para fornecer e melhorar o Servi\u00e7o. Ao utilizar o Servi\u00e7o, voc\u00ea concorda com a coleta e uso de informa\u00e7\u00f5es de acordo com esta pol\u00edtica. Salvo defini\u00e7\u00e3o em contr\u00e1rio nesta Pol\u00edtica de Privacidade, os termos utilizados nesta Pol\u00edtica de Privacidade t\u00eam os mesmos significados que nos nossos Termos e Condi\u00e7\u00f5es, acess\u00edveis em https:\/\/eupa.uk<\/p><p><strong>DEFINI\u00c7\u00d5ES<\/strong><\/p><p><strong>Servi\u00e7o<\/strong><\/p><p>O servi\u00e7o \u00e9 o site https:\/\/eupa.uk operado pela Ag\u00eancia Europeia de Imprensa.<\/p><p><strong>Dados pessoais<\/strong><\/p><p>Dados Pessoais significam dados sobre um indiv\u00edduo vivo que pode ser identificado a partir desses dados (ou dessas e outras informa\u00e7\u00f5es em nossa posse ou que possam vir a estar em nossa posse).<\/p><p><strong>Dados de uso<\/strong><\/p><p>Dados de utiliza\u00e7\u00e3o s\u00e3o dados coletados automaticamente gerados pelo uso do Servi\u00e7o ou pela pr\u00f3pria infraestrutura do Servi\u00e7o (por exemplo, a dura\u00e7\u00e3o de uma visita \u00e0 p\u00e1gina).<\/p><p><strong>Biscoitos<\/strong><\/p><p>Cookies s\u00e3o pequenos arquivos armazenados no seu dispositivo (computador ou dispositivo m\u00f3vel).<\/p><p><strong>Controlador de dados<\/strong><\/p><p>Controlador de Dados significa a pessoa f\u00edsica ou jur\u00eddica que (sozinha ou em conjunto ou em comum com outras pessoas) determina os fins para os quais e a maneira pela qual qualquer informa\u00e7\u00e3o pessoal \u00e9, ou deve ser, processada.<\/p><p>Para efeitos desta Pol\u00edtica de Privacidade, somos Controladores de Dados dos seus Dados Pessoais.<\/p><p><strong>Processadores de dados (ou provedores de servi\u00e7os)<\/strong><\/p><p>Processador de Dados (ou Provedor de Servi\u00e7os) significa qualquer pessoa f\u00edsica ou jur\u00eddica que processe os dados em nome do Controlador de Dados.<\/p><p>Poderemos utilizar os servi\u00e7os de v\u00e1rios Provedores de Servi\u00e7os para processar os seus dados de forma mais eficaz.<\/p><p><strong>Do utilizador<\/strong><\/p><p>Sujeito dos Dados \u00e9 qualquer indiv\u00edduo vivo que esteja usando nosso Servi\u00e7o e seja objeto de Dados Pessoais.<\/p><p><strong>\u00a0<\/strong><\/p><p><strong>COLETA E USO DE INFORMA\u00c7\u00d5ES<\/strong><\/p><p>Coletamos v\u00e1rios tipos diferentes de informa\u00e7\u00f5es para diversos fins, a fim de fornecer e melhorar nossos<\/p><p>Servi\u00e7o para voc\u00ea.<\/p><p><strong>\u00a0<\/strong><\/p><p><strong>Tipos de dados coletados<\/strong><\/p><p><strong>\u00a0<\/strong><\/p><p><strong>Dados pessoais<\/strong><\/p><p>Ao utilizar nosso Servi\u00e7o, podemos solicitar que voc\u00ea nos forne\u00e7a determinadas informa\u00e7\u00f5es de identifica\u00e7\u00e3o pessoal que podem ser usadas para contat\u00e1-lo ou identific\u00e1-lo (\u201cDados Pessoais\u201d). As informa\u00e7\u00f5es de identifica\u00e7\u00e3o pessoal podem incluir, mas n\u00e3o est\u00e3o limitadas a:<\/p><p>Endere\u00e7o de email<\/p><p>Nome e sobrenome<\/p><p>N\u00famero de telefone<\/p><p>Endere\u00e7o, estado, prov\u00edncia, CEP\/c\u00f3digo postal, cidade<\/p><p><strong>\u00a0<\/strong><\/p><p><strong>Cookies e dados de uso<\/strong><\/p><p>Poderemos utilizar os seus Dados Pessoais para contact\u00e1-lo com newsletters, materiais promocionais ou de marketing e outras informa\u00e7\u00f5es que possam ser do seu interesse.<\/p><p>Voc\u00ea pode optar por n\u00e3o receber nenhuma ou todas essas comunica\u00e7\u00f5es nossas seguindo o link de cancelamento de inscri\u00e7\u00e3o ou as instru\u00e7\u00f5es fornecidas em qualquer e-mail que enviamos.<\/p><p><strong>\u00a0<\/strong><\/p><p><strong>Dados de uso<\/strong><\/p><p>Tamb\u00e9m poderemos coletar informa\u00e7\u00f5es sobre como o Servi\u00e7o \u00e9 acessado e utilizado (\u201cDados de Uso\u201d). Esses Dados de Uso podem incluir informa\u00e7\u00f5es como o endere\u00e7o de protocolo da Internet do seu computador (por exemplo, endere\u00e7o IP), tipo de navegador, vers\u00e3o do navegador, as p\u00e1ginas do nosso Servi\u00e7o que voc\u00ea visita, a hora e a data da sua visita, o tempo gasto nessas p\u00e1ginas, informa\u00e7\u00f5es exclusivas identificadores de dispositivos e outros dados de diagn\u00f3stico.<\/p><p><strong>\u00a0<\/strong><\/p><p><strong>Dados de rastreamento e cookies<\/strong><\/p><p>Utilizamos cookies e tecnologias de rastreamento semelhantes para rastrear a atividade em nosso Servi\u00e7o e mantemos determinadas informa\u00e7\u00f5es.<\/p><p>Cookies s\u00e3o arquivos com uma pequena quantidade de dados que podem incluir um identificador \u00fanico an\u00f4nimo. Os cookies s\u00e3o enviados para o seu navegador a partir de um site e armazenados no seu dispositivo. Outras tecnologias de rastreamento tamb\u00e9m s\u00e3o utilizadas, como beacons, tags e scripts para coletar e rastrear informa\u00e7\u00f5es e para melhorar e analisar nosso Servi\u00e7o.<\/p><p>Voc\u00ea pode instruir seu navegador para recusar todos os cookies ou indicar quando um cookie est\u00e1 sendo enviado. No entanto, se voc\u00ea n\u00e3o aceitar cookies, poder\u00e1 n\u00e3o conseguir usar algumas partes do nosso Servi\u00e7o.<\/p><p>Exemplos de Cookies que utilizamos:<\/p><p>Cookies de sess\u00e3o. Usamos Cookies de Sess\u00e3o para operar nosso Servi\u00e7o.<\/p><p>Cookies de prefer\u00eancia. Usamos Cookies de Prefer\u00eancia para lembrar suas prefer\u00eancias e diversas configura\u00e7\u00f5es.<\/p><p>Cookies de seguran\u00e7a. Usamos Cookies de Seguran\u00e7a para fins de seguran\u00e7a.<\/p><p><strong>\u00a0<\/strong><\/p><p><strong>Uso de dados<\/strong><\/p><p>A Ag\u00eancia Europeia de Imprensa utiliza os dados recolhidos para v\u00e1rios fins:<\/p><ul><li>Para fornecer e manter nosso servi\u00e7o<\/li><li>Para notific\u00e1-lo sobre altera\u00e7\u00f5es no nosso servi\u00e7o<\/li><li>Para permitir que voc\u00ea participe de recursos interativos do nosso Servi\u00e7o quando voc\u00ea decidir faz\u00ea-lo<\/li><li>Para fornecer suporte ao cliente<\/li><li>Para coletar an\u00e1lises ou informa\u00e7\u00f5es valiosas para que possamos melhorar nosso Servi\u00e7o<\/li><li>Para monitorar o uso do nosso Servi\u00e7o<\/li><li>Para detectar, prevenir e resolver problemas t\u00e9cnicos<\/li><li>Para lhe fornecer not\u00edcias, ofertas especiais e informa\u00e7\u00f5es gerais sobre outros produtos, servi\u00e7os e eventos que oferecemos e que sejam semelhantes aos que voc\u00ea j\u00e1 comprou ou consultou, a menos que tenha optado por n\u00e3o receber tais informa\u00e7\u00f5es<\/li><\/ul><p><strong>\u00a0<\/strong><\/p><p><strong>Base Jur\u00eddica para o Tratamento de Dados Pessoais ao abrigo do Regulamento Geral de Prote\u00e7\u00e3o de Dados (RGPD)<\/strong><\/p><p>Se voc\u00ea \u00e9 do Espa\u00e7o Econ\u00f4mico Europeu (EEE), a base legal da Ag\u00eancia Europeia de Imprensa para coletar e usar as informa\u00e7\u00f5es pessoais descritas nesta Pol\u00edtica de Privacidade depende dos Dados Pessoais que coletamos e do contexto espec\u00edfico em que os coletamos.<\/p><p>A Ag\u00eancia Europeia de Imprensa pode processar os seus Dados Pessoais porque:<\/p><ul><li>Precisamos realizar um contrato com voc\u00ea<\/li><li>Voc\u00ea nos deu permiss\u00e3o para fazer isso<\/li><li>O processamento \u00e9 do nosso interesse leg\u00edtimo e n\u00e3o \u00e9 anulado pelos seus direitos<\/li><li>Para fins de processamento de pagamentos<\/li><li>Para cumprir a lei<\/li><\/ul><p><strong>\u00a0<\/strong><\/p><p><strong>Reten\u00e7\u00e3o de Dados<\/strong><\/p><p>A Ag\u00eancia Europeia de Imprensa conservar\u00e1 os seus Dados Pessoais apenas durante o tempo necess\u00e1rio para os fins estabelecidos nesta Pol\u00edtica de Privacidade. Reteremos e utilizaremos os seus Dados Pessoais na medida necess\u00e1ria para cumprir as nossas obriga\u00e7\u00f5es legais (por exemplo, se formos obrigados a reter os seus dados para cumprir as leis aplic\u00e1veis), resolver disputas e fazer cumprir os nossos acordos e pol\u00edticas legais.<\/p><p>A Ag\u00eancia Europeia de Imprensa SEM FRONTEIRAS FEDERA\u00c7\u00c3O tamb\u00e9m reter\u00e1 Dados de Utiliza\u00e7\u00e3o para fins de an\u00e1lise interna. Os Dados de Utiliza\u00e7\u00e3o s\u00e3o geralmente retidos por um per\u00edodo de tempo mais curto, exceto quando estes dados s\u00e3o utilizados para refor\u00e7ar a seguran\u00e7a ou para melhorar a funcionalidade do nosso servi\u00e7o, ou quando somos legalmente obrigados a reter estes dados por per\u00edodos mais longos.<\/p><p><strong>\u00a0<\/strong><\/p><p><strong>Transfer\u00eancia de dados<\/strong><\/p><p>Suas informa\u00e7\u00f5es, incluindo Dados Pessoais, podem ser transferidas e mantidas em computadores localizados fora de seu estado, prov\u00edncia, pa\u00eds ou outra jurisdi\u00e7\u00e3o governamental onde as leis de prote\u00e7\u00e3o de dados possam diferir daquelas de sua jurisdi\u00e7\u00e3o.<\/p><p>Se voc\u00ea estiver fora da Su\u00ed\u00e7a e optar por nos fornecer informa\u00e7\u00f5es, observe que transferimos os dados, incluindo Dados Pessoais, para a Su\u00ed\u00e7a e os processamos l\u00e1.<\/p><p>Seu consentimento com esta Pol\u00edtica de Privacidade seguido pelo envio de tais informa\u00e7\u00f5es representa sua concord\u00e2ncia com essa transfer\u00eancia.<\/p><p>A Ag\u00eancia Europeia de Imprensa tomar\u00e1 todas as medidas razoavelmente necess\u00e1rias para garantir que os seus dados sejam tratados de forma segura e de acordo com esta Pol\u00edtica de Privacidade e nenhuma transfer\u00eancia dos seus Dados Pessoais ocorrer\u00e1 para uma organiza\u00e7\u00e3o ou pa\u00eds, a menos que haja controles adequados em vigor, incluindo o seguran\u00e7a dos seus dados e outras informa\u00e7\u00f5es pessoais.<\/p><p><strong>\u00a0<\/strong><\/p><p><strong>Divulga\u00e7\u00e3o de Dados<\/strong><\/p><p><strong>\u00a0<\/strong><\/p><p><strong>Transa\u00e7\u00e3o Comercial<\/strong><\/p><p>Se a Ag\u00eancia Europeia de Imprensa estiver envolvida numa fus\u00e3o, aquisi\u00e7\u00e3o ou venda de ativos, os seus Dados Pessoais poder\u00e3o ser transferidos. Forneceremos um aviso antes que seus Dados Pessoais sejam transferidos e fiquem sujeitos a uma Pol\u00edtica de Privacidade diferente.<\/p><p><strong>\u00a0<\/strong><\/p><p><strong>Divulga\u00e7\u00e3o para aplica\u00e7\u00e3o da lei<\/strong><\/p><p>Sob certas circunst\u00e2ncias, a Ag\u00eancia Europeia de Imprensa pode ser obrigada a divulgar os seus Dados Pessoais, se assim for exigido por lei ou em resposta<\/p><p>a solicita\u00e7\u00f5es v\u00e1lidas de autoridades p\u00fablicas (por exemplo, um tribunal ou uma ag\u00eancia governamental).<\/p><p><strong>\u00a0<\/strong><\/p><p><strong>Requerimentos legais<\/strong><\/p><p>A Ag\u00eancia Europeia de Imprensa pode divulgar os seus Dados Pessoais acreditando de boa f\u00e9 que tal a\u00e7\u00e3o \u00e9 necess\u00e1ria para:<\/p><ul><li>Para cumprir uma obriga\u00e7\u00e3o legal<\/li><li>Para proteger e defender os direitos ou propriedade da Ag\u00eancia Europeia de Imprensa<\/li><li>Para evitar ou investigar poss\u00edveis irregularidades relacionadas ao Servi\u00e7o<\/li><li>Para proteger a seguran\u00e7a pessoal dos usu\u00e1rios do Servi\u00e7o ou do p\u00fablico<\/li><li>Para proteger contra responsabilidade legal<\/li><\/ul><p><strong>\u00a0<\/strong><\/p><p><strong>Seguran\u00e7a de Dados<\/strong><\/p><p>A seguran\u00e7a dos seus dados \u00e9 importante para n\u00f3s, mas lembre-se de que nenhum m\u00e9todo de transmiss\u00e3o pela Internet ou m\u00e9todo de armazenamento eletr\u00f4nico \u00e9 100% seguro. Embora nos esforcemos para utilizar meios comercialmente aceit\u00e1veis para proteger os seus Dados Pessoais, n\u00e3o podemos garantir a sua seguran\u00e7a absoluta.<\/p><p>Nossa Pol\u00edtica sobre Sinais \u201cN\u00e3o Rastrear\u201d sob a Lei de Prote\u00e7\u00e3o Online da Calif\u00f3rnia (CalOPPA)<\/p><p>N\u00e3o oferecemos suporte para Do Not Track (\u201cDNT\u201d). Do Not Track \u00e9 uma prefer\u00eancia que voc\u00ea pode definir em seu navegador para informar sites que voc\u00ea n\u00e3o deseja ser rastreado. Voc\u00ea pode ativar ou desativar Do Not Track visitando a p\u00e1gina Prefer\u00eancias ou Configura\u00e7\u00f5es do seu navegador.<\/p><p><strong>\u00a0<\/strong><\/p><p><strong>Os seus direitos de prote\u00e7\u00e3o de dados ao abrigo do Regulamento Geral de Prote\u00e7\u00e3o de Dados (RGPD)<\/strong><\/p><p>Se for residente do Espa\u00e7o Econ\u00f3mico Europeu (EEE), tem determinados direitos de prote\u00e7\u00e3o de dados. A Ag\u00eancia Europeia de Imprensa pretende tomar medidas razo\u00e1veis para permitir que voc\u00ea corrija, altere, exclua ou limite o uso de seus Dados Pessoais.<\/p><p>Se desejar ser informado sobre quais Dados Pessoais mantemos sobre voc\u00ea e se desejar que eles sejam removidos de nossos sistemas, entre em contato conosco.<\/p><p>Em determinadas circunst\u00e2ncias, voc\u00ea tem os seguintes direitos de prote\u00e7\u00e3o de dados:<\/p><p>O direito de acessar, atualizar ou excluir as informa\u00e7\u00f5es que temos sobre voc\u00ea. Sempre que poss\u00edvel, voc\u00ea poder\u00e1 acessar, atualizar ou solicitar a exclus\u00e3o dos seus Dados Pessoais diretamente na se\u00e7\u00e3o de configura\u00e7\u00f5es da sua conta. Se voc\u00ea n\u00e3o conseguir realizar essas a\u00e7\u00f5es sozinho, entre em contato conosco para ajud\u00e1-lo.<\/p><p>O direito de retifica\u00e7\u00e3o. Voc\u00ea tem o direito de que suas informa\u00e7\u00f5es sejam retificadas se essas informa\u00e7\u00f5es estiverem imprecisas ou incompletas.<\/p><p>O direito de objetar. Voc\u00ea tem o direito de se opor ao nosso processamento de seus Dados Pessoais.<\/p><p>O direito de restri\u00e7\u00e3o. Voc\u00ea tem o direito de solicitar que restrinjamos o processamento de suas informa\u00e7\u00f5es pessoais.<\/p><p>O direito \u00e0 portabilidade dos dados. Voc\u00ea tem o direito de receber uma c\u00f3pia das informa\u00e7\u00f5es que temos sobre voc\u00ea em um formato estruturado, leg\u00edvel por m\u00e1quina e comumente usado.<\/p><p>O direito de retirar o consentimento. Voc\u00ea tamb\u00e9m tem o direito de retirar seu consentimento a qualquer momento quando a Ag\u00eancia Europeia de Imprensa se basear no seu consentimento para processar suas informa\u00e7\u00f5es pessoais.<\/p><p>Tenha em aten\u00e7\u00e3o que poderemos pedir-lhe que verifique a sua identidade antes de responder a tais pedidos.<\/p><p>Voc\u00ea tem o direito de reclamar junto a uma Autoridade de Prote\u00e7\u00e3o de Dados sobre nossa coleta e uso de seus Dados Pessoais. Para obter mais informa\u00e7\u00f5es, entre em contato com a autoridade local de prote\u00e7\u00e3o de dados no Espa\u00e7o Econ\u00f4mico Europeu (EEE).<\/p><p><strong>\u00a0<\/strong><\/p><p><strong>Transa\u00e7\u00e3o Comercial<\/strong><\/p><p>Se a Ag\u00eancia Europeia de Imprensa estiver envolvida numa fus\u00e3o, aquisi\u00e7\u00e3o ou venda de ativos, os seus Dados Pessoais poder\u00e3o ser transferidos. Forneceremos um aviso antes que seus Dados Pessoais sejam transferidos e fiquem sujeitos a uma Pol\u00edtica de Privacidade diferente.<\/p><p><strong>\u00a0<\/strong><\/p><p><strong>Divulga\u00e7\u00e3o para aplica\u00e7\u00e3o da lei<\/strong><\/p><p>Sob certas circunst\u00e2ncias, a Ag\u00eancia Europeia de Imprensa pode ser obrigada a divulgar os seus Dados Pessoais, se assim for exigido por lei ou em resposta<\/p><p>a solicita\u00e7\u00f5es v\u00e1lidas de autoridades p\u00fablicas (por exemplo, um tribunal ou uma ag\u00eancia governamental).<\/p><p><strong>\u00a0<\/strong><\/p><p><strong>PROVEDORES DE SERVI\u00c7O<\/strong><\/p><p>Podemos contratar empresas e indiv\u00edduos terceirizados para facilitar nosso Servi\u00e7o (\u201cPrestadores de Servi\u00e7os\u201d), fornecer o Servi\u00e7o em nosso nome, executar servi\u00e7os relacionados ao Servi\u00e7o ou nos ajudar a analisar como nosso Servi\u00e7o \u00e9 usado.<\/p><p>Esses terceiros t\u00eam acesso aos seus Dados Pessoais apenas para realizar essas tarefas em nosso nome e s\u00e3o obrigados a n\u00e3o divulg\u00e1-los ou utiliz\u00e1-los para qualquer outra finalidade.<\/p><p><strong>\u00a0<\/strong><\/p><p><strong>AN\u00c1LISE<\/strong><\/p><p>Poderemos usar Provedores de Servi\u00e7os terceirizados para monitorar e analisar o uso do nosso Servi\u00e7o.<\/p><p><strong>Google Analytics<\/strong><\/p><p>O Google Analytics \u00e9 um servi\u00e7o de an\u00e1lise da web oferecido pelo Google que rastreia e relata o tr\u00e1fego do site. O Google usa os dados coletados para rastrear e monitorar o uso do nosso Servi\u00e7o. Esses dados s\u00e3o compartilhados com outros servi\u00e7os do Google. O Google poder\u00e1 utilizar os dados recolhidos para contextualizar e personalizar os an\u00fancios da sua pr\u00f3pria rede de publicidade. Voc\u00ea pode optar por n\u00e3o disponibilizar sua atividade no Servi\u00e7o para o Google Analytics instalando o complemento do navegador para desativa\u00e7\u00e3o do Google Analytics. O complemento impede que o JavaScript do Google Analytics (ga.js, analytics.js e dc.js) compartilhe informa\u00e7\u00f5es com o Google Analytics sobre a atividade de visitas.<\/p><p>Para obter mais informa\u00e7\u00f5es sobre as pr\u00e1ticas de privacidade do Google, visite a p\u00e1gina da web Privacidade e Termos do Google:\u00a0<a href=\"https:\/\/policies.google.com\/privacy?hl=en\">https:\/\/policies.google.com\/privacy?hl=en<\/a><\/p><p><strong>\u00a0<\/strong><\/p><p><strong>Pagamentos<\/strong><\/p><p>Podemos fornecer produtos e\/ou servi\u00e7os pagos dentro do Servi\u00e7o. Nesse caso, utilizamos servi\u00e7os de terceiros para processamento de pagamentos (por exemplo, processadores de pagamentos).<\/p><p>N\u00e3o armazenaremos nem coletaremos os detalhes do seu cart\u00e3o de pagamento. Essas informa\u00e7\u00f5es s\u00e3o fornecidas diretamente aos nossos processadores de pagamento terceirizados, cujo uso das suas informa\u00e7\u00f5es pessoais \u00e9 regido pela Pol\u00edtica de Privacidade deles. Esses processadores de pagamento aderem aos padr\u00f5es definidos pelo PCI-DSS gerenciados pelo PCI Security Standards Council, que \u00e9 um esfor\u00e7o conjunto de marcas como Visa, MasterCard, American Express e Discover. Os requisitos do PCI-DSS ajudam a garantir o manuseio seguro das informa\u00e7\u00f5es de pagamento. Podemos usar v\u00e1rios provedores de solu\u00e7\u00f5es de pagamento diferentes, como Paypal, Postfinance, Stripe e outros. Convidamos os usu\u00e1rios a revisar cada respectiva pol\u00edtica de privacidade.<\/p><p><strong>\u00a0<\/strong><\/p><p><strong>Links para outros sites<\/strong><\/p><p>Nosso Servi\u00e7o pode conter links para outros sites que n\u00e3o s\u00e3o operados por n\u00f3s. Se voc\u00ea clicar em um link de terceiros, ser\u00e1 direcionado ao site desse terceiro. Aconselhamos vivamente que reveja a Pol\u00edtica de Privacidade de cada site que visita. N\u00e3o temos controle e n\u00e3o assumimos responsabilidade pelo conte\u00fado, pol\u00edticas de privacidade ou pr\u00e1ticas de quaisquer sites ou servi\u00e7os de terceiros.<\/p><p><strong>\u00a0<\/strong><\/p><p><strong>PRIVACIDADE DAS CRIAN\u00c7AS<\/strong><\/p><p>Nosso Servi\u00e7o n\u00e3o se dirige a menores de 18 anos (\u201cCrian\u00e7as\u201d).<\/p><p>N\u00e3o coletamos intencionalmente informa\u00e7\u00f5es de identifica\u00e7\u00e3o pessoal de menores de 18 anos. Se voc\u00ea \u00e9 pai ou respons\u00e1vel e sabe que seu filho nos forneceu Dados Pessoais, entre em contato conosco. Se tivermos conhecimento de que recolhemos Dados Pessoais de crian\u00e7as sem verifica\u00e7\u00e3o do consentimento dos pais, tomaremos medidas para remover essas informa\u00e7\u00f5es dos nossos servidores.<\/p><p><strong>\u00a0<\/strong><\/p><p><strong>ALTERA\u00c7\u00d5ES A ESTA POL\u00cdTICA DE PRIVACIDADE<\/strong><\/p><p>Poderemos atualizar nossa Pol\u00edtica de Privacidade de tempos em tempos. Iremos notific\u00e1-lo sobre quaisquer altera\u00e7\u00f5es publicando a nova Pol\u00edtica de Privacidade nesta p\u00e1gina.<\/p><p>Iremos inform\u00e1-lo por e-mail e\/ou um aviso em destaque em nosso Servi\u00e7o, antes que a altera\u00e7\u00e3o entre em vigor e atualizaremos a \u201cdata de vig\u00eancia\u201d no topo desta Pol\u00edtica de Privacidade.<\/p><p>Aconselhamos que voc\u00ea revise esta Pol\u00edtica de Privacidade periodicamente para quaisquer altera\u00e7\u00f5es. As altera\u00e7\u00f5es a esta Pol\u00edtica de Privacidade entram em vigor quando s\u00e3o publicadas nesta p\u00e1gina.<\/p><p><strong>\u00a0<\/strong><\/p><p><strong>CONTATE-NOS<\/strong><\/p><p>Se voc\u00ea tiver alguma d\u00favida sobre esta Pol\u00edtica de Privacidade, por favor <a href=\"https:\/\/eupa.uk\/pt\/contact\/\">Contate-nos<\/a><\/p>\t\t\t\t\t\t\t\t<\/div>\n\t\t\t\t<\/div>\n\t\t\t\t\t<\/div>\n\t\t<\/div>\n\t\t\t\t\t<\/div>\n\t\t<\/section>\n\t\t\t\t<\/div>","protected":false},"excerpt":{"rendered":"<p>(\u201cn\u00f3s\u201d, \u201cn\u00f3s\u201d ou \u201cnosso\u201d) opera o referido \u201cServi\u00e7o\u201d, que \u00e9 o seguinte site: Esta p\u00e1gina informa sobre nossas pol\u00edticas relativas \u00e0 coleta, uso e divulga\u00e7\u00e3o de dados pessoais quando voc\u00ea usa nosso Servi\u00e7o e as escolhas que voc\u00ea associou a esses dados. Usamos seus dados para fornecer e melhorar o Servi\u00e7o. Por \u2026 <a title=\"pol\u00edtica de Privacidade\" class=\"read-more\" href=\"https:\/\/eupa.uk\/pt\/privacy-policy\/\" aria-label=\"Leia mais sobre Pol\u00edtica de Privacidade\">Leia mais<\/a><\/p>","protected":false},"author":1,"featured_media":0,"parent":0,"menu_order":1000,"comment_status":"closed","ping_status":"closed","template":"","meta":{"footnotes":""},"class_list":["post-3","page","type-page","status-publish"],"_links":{"self":[{"href":"https:\/\/eupa.uk\/pt\/wp-json\/wp\/v2\/pages\/3","targetHints":{"allow":["GET"]}}],"collection":[{"href":"https:\/\/eupa.uk\/pt\/wp-json\/wp\/v2\/pages"}],"about":[{"href":"https:\/\/eupa.uk\/pt\/wp-json\/wp\/v2\/types\/page"}],"author":[{"embeddable":true,"href":"https:\/\/eupa.uk\/pt\/wp-json\/wp\/v2\/users\/1"}],"replies":[{"embeddable":true,"href":"https:\/\/eupa.uk\/pt\/wp-json\/wp\/v2\/comments?post=3"}],"version-history":[{"count":0,"href":"https:\/\/eupa.uk\/pt\/wp-json\/wp\/v2\/pages\/3\/revisions"}],"wp:attachment":[{"href":"https:\/\/eupa.uk\/pt\/wp-json\/wp\/v2\/media?parent=3"}],"curies":[{"name":"wp","href":"https:\/\/api.w.org\/{rel}","templated":true}]}}