{"id":3060,"date":"2021-03-20T10:54:03","date_gmt":"2021-03-20T10:54:03","guid":{"rendered":"https:\/\/eupa.agency\/?page_id=3060"},"modified":"2021-04-20T10:46:34","modified_gmt":"2021-04-20T10:46:34","slug":"vip-press-kit","status":"publish","type":"page","link":"https:\/\/eupa.uk\/pt\/vip-press-kit\/","title":{"rendered":"KIT DE IMPRENSA VIP"},"content":{"rendered":"<div data-elementor-type=\"wp-page\" data-elementor-id=\"3060\" class=\"elementor elementor-3060\" data-elementor-post-type=\"page\">\n\t\t\t\t\t\t<section class=\"elementor-section elementor-top-section elementor-element elementor-element-57222ee elementor-section-stretched elementor-section-boxed elementor-section-height-default elementor-section-height-default\" data-id=\"57222ee\" data-element_type=\"section\" data-settings=\"{&quot;stretch_section&quot;:&quot;section-stretched&quot;}\">\n\t\t\t\t\t\t<div class=\"elementor-container elementor-column-gap-default\">\n\t\t\t\t\t<div class=\"elementor-column elementor-col-100 elementor-top-column elementor-element elementor-element-64a810d\" data-id=\"64a810d\" data-element_type=\"column\">\n\t\t\t<div class=\"elementor-widget-wrap elementor-element-populated\">\n\t\t\t\t\t\t<div class=\"elementor-element elementor-element-d88d2b3 elementor-widget elementor-widget-text-editor\" data-id=\"d88d2b3\" data-element_type=\"widget\" data-widget_type=\"text-editor.default\">\n\t\t\t\t<div class=\"elementor-widget-container\">\n\t\t\t\t\t\t\t\t\t<p>Cada membro da EUPA recebe um Kit de Imprensa VIP quando credenciado, sem quaisquer custos suplementares. O Press Kit \u00e9 v\u00e1lido pelo ano de assinatura e \u00e9 renovado anualmente com o pagamento da taxa anual de servi\u00e7o.<\/p>\n<h2>O que est\u00e1 inclu\u00eddo no kit?<\/h2>\n<ul>\n \t<li>Um passe de imprensa<\/li>\n \t<li>Um cart\u00e3o de identifica\u00e7\u00e3o de imprensa<\/li>\n \t<li>Uma carta de credenciamento<\/li>\n \t<li>Uma identifica\u00e7\u00e3o de ve\u00edculo de imprensa<\/li>\n<\/ul>\t\t\t\t\t\t\t\t<\/div>\n\t\t\t\t<\/div>\n\t\t\t\t<div class=\"elementor-element elementor-element-924d82f elementor-widget elementor-widget-heading\" data-id=\"924d82f\" data-element_type=\"widget\" data-widget_type=\"heading.default\">\n\t\t\t\t<div class=\"elementor-widget-container\">\n\t\t\t\t\t<h2 class=\"elementor-heading-title elementor-size-default\">INFORMA\u00c7\u00d5ES GERAIS SOBRE O KIT DE IMPRENSA DA EUPA<\/h2>\t\t\t\t<\/div>\n\t\t\t\t<\/div>\n\t\t\t\t<div class=\"elementor-element elementor-element-a11af69 elementor-widget elementor-widget-text-editor\" data-id=\"a11af69\" data-element_type=\"widget\" data-widget_type=\"text-editor.default\">\n\t\t\t\t<div class=\"elementor-widget-container\">\n\t\t\t\t\t\t\t\t\t<p>Nosso Press Kit \u00e9 uma ferramenta importante para produtores de conte\u00fado de qualidade profissional em tempo integral e parcial. Permite-lhes identificar-se perante ag\u00eancias, autoridades, organizadores de eventos e empresas. Os documentos do Press Kit identificam seu propriet\u00e1rio como um jornalista profissional, o que \u00e9 extremamente \u00fatil na condu\u00e7\u00e3o de pesquisas aprofundadas. Um Press Kit facilita o acesso a eventos, \u00e1reas bloqueadas e diversas informa\u00e7\u00f5es. Os jornalistas que desejam ser adicionados a uma mailing list de meios de comunica\u00e7\u00e3o social ou participar numa confer\u00eancia de imprensa s\u00e3o frequentemente solicitados a apresentar provas da sua profiss\u00e3o jornal\u00edstica, o que o nosso Kit de Imprensa certifica. Ag\u00eancias, organizadores e empresas podem facilmente verificar se algu\u00e9m \u00e9 realmente jornalista ou n\u00e3o.<\/p>\t\t\t\t\t\t\t\t<\/div>\n\t\t\t\t<\/div>\n\t\t\t\t<div class=\"elementor-element elementor-element-3f09363 elementor-widget elementor-widget-heading\" data-id=\"3f09363\" data-element_type=\"widget\" data-widget_type=\"heading.default\">\n\t\t\t\t<div class=\"elementor-widget-container\">\n\t\t\t\t\t<h2 class=\"elementor-heading-title elementor-size-default\">UM KIT QUE DISTINGUE OS FABRICANTES DE CONTE\u00daDO PROFISSIONAL<\/h2>\t\t\t\t<\/div>\n\t\t\t\t<\/div>\n\t\t\t\t<div class=\"elementor-element elementor-element-41bbcac elementor-widget elementor-widget-text-editor\" data-id=\"41bbcac\" data-element_type=\"widget\" data-widget_type=\"text-editor.default\">\n\t\t\t\t<div class=\"elementor-widget-container\">\n\t\t\t\t\t\t\t\t\t<p>Para receber o seu Kit de Imprensa VIP da EUPA completo, ter\u00e1 de apresentar um comprovativo da sua profiss\u00e3o como jornalista. Os passes de imprensa e os cart\u00f5es de identifica\u00e7\u00e3o de imprensa s\u00e3o emitidos exclusivamente por organiza\u00e7\u00f5es guarda-chuva e ag\u00eancias de imprensa e, na maioria dos casos, aprovados apenas para jornalistas empregados a tempo inteiro. Na EUPA, assumimos que qualquer pessoa que represente a imprensa (seja em per\u00edodo integral ou parcial) tem direito a um Kit de Imprensa VIP.<\/p>\t\t\t\t\t\t\t\t<\/div>\n\t\t\t\t<\/div>\n\t\t\t\t<div class=\"elementor-element elementor-element-e875762 elementor-widget elementor-widget-heading\" data-id=\"e875762\" data-element_type=\"widget\" data-widget_type=\"heading.default\">\n\t\t\t\t<div class=\"elementor-widget-container\">\n\t\t\t\t\t<h2 class=\"elementor-heading-title elementor-size-default\">PREVEN\u00c7\u00c3O DE FRAUDE: GENUINIDADE E RECURSOS DE SEGURAN\u00c7A<\/h2>\t\t\t\t<\/div>\n\t\t\t\t<\/div>\n\t\t\t\t<div class=\"elementor-element elementor-element-8590d2a elementor-widget elementor-widget-text-editor\" data-id=\"8590d2a\" data-element_type=\"widget\" data-widget_type=\"text-editor.default\">\n\t\t\t\t<div class=\"elementor-widget-container\">\n\t\t\t\t\t\t\t\t\t<p>Para evitar fraudes, os documentos da Ag\u00eancia Europeia de Imprensa (EUPA) cont\u00eam v\u00e1rios recursos de seguran\u00e7a personalizados. A autenticidade de qualquer documento da EUPA pode ser verificada comparando-o com os elementos de identifica\u00e7\u00e3o no site da EUPA. Em caso de d\u00favida, pode contactar diretamente a sede nacional da EUPA. Mediante solicita\u00e7\u00e3o, ag\u00eancias e empresas podem analisar recursos adicionais de autentica\u00e7\u00e3o.<\/p>\t\t\t\t\t\t\t\t<\/div>\n\t\t\t\t<\/div>\n\t\t\t\t<div class=\"elementor-element elementor-element-3a0dbef elementor-widget elementor-widget-heading\" data-id=\"3a0dbef\" data-element_type=\"widget\" data-widget_type=\"heading.default\">\n\t\t\t\t<div class=\"elementor-widget-container\">\n\t\t\t\t\t<h2 class=\"elementor-heading-title elementor-size-default\">POR QUE TAIS MEDIDAS DE SEGURAN\u00c7A DRAM\u00c1TICAS S\u00c3O NECESS\u00c1RIAS?<\/h2>\t\t\t\t<\/div>\n\t\t\t\t<\/div>\n\t\t\t\t<div class=\"elementor-element elementor-element-ef8721f elementor-widget elementor-widget-text-editor\" data-id=\"ef8721f\" data-element_type=\"widget\" data-widget_type=\"text-editor.default\">\n\t\t\t\t<div class=\"elementor-widget-container\">\n\t\t\t\t\t\t\t\t\t<p>Os criminosos tentam continuamente divulgar documentos falsos ou alterados. Portanto, \u00e9 importante que nossos documentos genu\u00ednos possam ser autenticados sem sombra de d\u00favida.<\/p>\t\t\t\t\t\t\t\t<\/div>\n\t\t\t\t<\/div>\n\t\t\t\t<div class=\"elementor-element elementor-element-39c598c elementor-widget elementor-widget-heading\" data-id=\"39c598c\" data-element_type=\"widget\" data-widget_type=\"heading.default\">\n\t\t\t\t<div class=\"elementor-widget-container\">\n\t\t\t\t\t<h2 class=\"elementor-heading-title elementor-size-default\">Anota\u00e7\u00f5es importantes<\/h2>\t\t\t\t<\/div>\n\t\t\t\t<\/div>\n\t\t\t\t<div class=\"elementor-element elementor-element-510b4b3 elementor-widget elementor-widget-text-editor\" data-id=\"510b4b3\" data-element_type=\"widget\" data-widget_type=\"text-editor.default\">\n\t\t\t\t<div class=\"elementor-widget-container\">\n\t\t\t\t\t\t\t\t\t<p>O Kit de Imprensa EUPA n\u00e3o pode ser adquirido e \u00e9 estritamente reservado aos nossos membros credenciados.<br \/>Voc\u00ea deve ter pelo menos 18 anos para se tornar membro da EUPA e obter um kit de imprensa VIP.<\/p>\t\t\t\t\t\t\t\t<\/div>\n\t\t\t\t<\/div>\n\t\t\t\t\t<\/div>\n\t\t<\/div>\n\t\t\t\t\t<\/div>\n\t\t<\/section>\n\t\t\t\t<\/div>","protected":false},"excerpt":{"rendered":"<p>Cada membro da EUPA recebe um Kit de Imprensa VIP quando credenciado, sem quaisquer custos suplementares. O Press Kit \u00e9 v\u00e1lido pelo ano de assinatura e \u00e9 renovado anualmente com o pagamento da taxa anual de servi\u00e7o. O que est\u00e1 inclu\u00eddo no kit? Um passe de imprensa Um cart\u00e3o de identifica\u00e7\u00e3o de imprensa Uma carta de credenciamento A\u2026 <a title=\"KIT DE IMPRENSA VIP\" class=\"read-more\" href=\"https:\/\/eupa.uk\/pt\/vip-press-kit\/\" aria-label=\"Leia mais sobre VIP PRESS KIT\">Leia mais<\/a><\/p>","protected":false},"author":1,"featured_media":0,"parent":0,"menu_order":2,"comment_status":"closed","ping_status":"closed","template":"","meta":{"footnotes":""},"class_list":["post-3060","page","type-page","status-publish"],"_links":{"self":[{"href":"https:\/\/eupa.uk\/pt\/wp-json\/wp\/v2\/pages\/3060","targetHints":{"allow":["GET"]}}],"collection":[{"href":"https:\/\/eupa.uk\/pt\/wp-json\/wp\/v2\/pages"}],"about":[{"href":"https:\/\/eupa.uk\/pt\/wp-json\/wp\/v2\/types\/page"}],"author":[{"embeddable":true,"href":"https:\/\/eupa.uk\/pt\/wp-json\/wp\/v2\/users\/1"}],"replies":[{"embeddable":true,"href":"https:\/\/eupa.uk\/pt\/wp-json\/wp\/v2\/comments?post=3060"}],"version-history":[{"count":0,"href":"https:\/\/eupa.uk\/pt\/wp-json\/wp\/v2\/pages\/3060\/revisions"}],"wp:attachment":[{"href":"https:\/\/eupa.uk\/pt\/wp-json\/wp\/v2\/media?parent=3060"}],"curies":[{"name":"wp","href":"https:\/\/api.w.org\/{rel}","templated":true}]}}