{"id":3062,"date":"2021-03-20T10:54:18","date_gmt":"2021-03-20T10:54:18","guid":{"rendered":"https:\/\/eupa.agency\/?page_id=3062"},"modified":"2021-04-27T10:27:22","modified_gmt":"2021-04-27T10:27:22","slug":"rules","status":"publish","type":"page","link":"https:\/\/eupa.uk\/pt\/rules\/","title":{"rendered":"Regras"},"content":{"rendered":"<div data-elementor-type=\"wp-page\" data-elementor-id=\"3062\" class=\"elementor elementor-3062\" data-elementor-post-type=\"page\">\n\t\t\t\t\t\t<section class=\"elementor-section elementor-top-section elementor-element elementor-element-9d3d13f elementor-section-content-middle elementor-section-stretched elementor-section-boxed elementor-section-height-default elementor-section-height-default\" data-id=\"9d3d13f\" data-element_type=\"section\" data-settings=\"{&quot;background_background&quot;:&quot;classic&quot;,&quot;stretch_section&quot;:&quot;section-stretched&quot;}\">\n\t\t\t\t\t\t<div class=\"elementor-container elementor-column-gap-default\">\n\t\t\t\t\t<div class=\"elementor-column elementor-col-33 elementor-top-column elementor-element elementor-element-3e2d39a\" data-id=\"3e2d39a\" data-element_type=\"column\">\n\t\t\t<div class=\"elementor-widget-wrap elementor-element-populated\">\n\t\t\t\t\t\t<div class=\"elementor-element elementor-element-47975c2 elementor-widget elementor-widget-heading\" data-id=\"47975c2\" data-element_type=\"widget\" data-widget_type=\"heading.default\">\n\t\t\t\t<div class=\"elementor-widget-container\">\n\t\t\t\t\t<h2 class=\"elementor-heading-title elementor-size-default\">C\u00d3DIGO DE \u00c9TICA<\/h2>\t\t\t\t<\/div>\n\t\t\t\t<\/div>\n\t\t\t\t<div class=\"elementor-element elementor-element-c644ee7 elementor-widget elementor-widget-text-editor\" data-id=\"c644ee7\" data-element_type=\"widget\" data-widget_type=\"text-editor.default\">\n\t\t\t\t<div class=\"elementor-widget-container\">\n\t\t\t\t\t\t\t\t\t<p><strong>A EUPA segue e pede aos seus membros que sigam o c\u00f3digo de \u00e9tica do SPJ, cujos quatro princ\u00edpios principais s\u00e3o:<\/strong><\/p><ul><li>BUSQUE A VERDADE E RELATE-A<\/li><li>MINIMIZAR DANOS<\/li><li>AJA DE FORMA INDEPENDENTE<\/li><li>SEJA RESPONS\u00c1VEL E TRANSPARENTE<\/li><\/ul>\t\t\t\t\t\t\t\t<\/div>\n\t\t\t\t<\/div>\n\t\t\t\t<div class=\"elementor-element elementor-element-df7490a elementor-widget elementor-widget-spacer\" data-id=\"df7490a\" data-element_type=\"widget\" data-widget_type=\"spacer.default\">\n\t\t\t\t<div class=\"elementor-widget-container\">\n\t\t\t\t\t\t\t<div class=\"elementor-spacer\">\n\t\t\t<div class=\"elementor-spacer-inner\"><\/div>\n\t\t<\/div>\n\t\t\t\t\t\t<\/div>\n\t\t\t\t<\/div>\n\t\t\t\t<div class=\"elementor-element elementor-element-5729754 elementor-align-center elementor-widget elementor-widget-button\" data-id=\"5729754\" data-element_type=\"widget\" data-widget_type=\"button.default\">\n\t\t\t\t<div class=\"elementor-widget-container\">\n\t\t\t\t\t\t\t\t\t<div class=\"elementor-button-wrapper\">\n\t\t\t\t\t<a class=\"elementor-button elementor-button-link elementor-size-sm\" href=\"\/pt\/rules\/code-of-ethics\/\">\n\t\t\t\t\t\t<span class=\"elementor-button-content-wrapper\">\n\t\t\t\t\t\t\t\t\t<span class=\"elementor-button-text\">Consulte Mais informa\u00e7\u00e3o<\/span>\n\t\t\t\t\t<\/span>\n\t\t\t\t\t<\/a>\n\t\t\t\t<\/div>\n\t\t\t\t\t\t\t\t<\/div>\n\t\t\t\t<\/div>\n\t\t\t\t\t<\/div>\n\t\t<\/div>\n\t\t\t\t<div class=\"elementor-column elementor-col-33 elementor-top-column elementor-element elementor-element-1f821ef\" data-id=\"1f821ef\" data-element_type=\"column\">\n\t\t\t<div class=\"elementor-widget-wrap elementor-element-populated\">\n\t\t\t\t\t\t<div class=\"elementor-element elementor-element-6fc0af7 elementor-widget elementor-widget-heading\" data-id=\"6fc0af7\" data-element_type=\"widget\" data-widget_type=\"heading.default\">\n\t\t\t\t<div class=\"elementor-widget-container\">\n\t\t\t\t\t<h2 class=\"elementor-heading-title elementor-size-default\">EDI\u00c7\u00c3O<\/h2>\t\t\t\t<\/div>\n\t\t\t\t<\/div>\n\t\t\t\t<div class=\"elementor-element elementor-element-a032ea1 elementor-widget elementor-widget-text-editor\" data-id=\"a032ea1\" data-element_type=\"widget\" data-widget_type=\"text-editor.default\">\n\t\t\t\t<div class=\"elementor-widget-container\">\n\t\t\t\t\t\t\t\t\t<p><strong>Todas as vantagens do nosso sistema editorial em resumo:<\/strong><\/p><ul><li>DOCUMENTA\u00c7\u00c3O DE TODO O SEU TRABALHO JORNAL\u00cdSTICO<\/li><li>DIVERSAS FONTES DE RENDA IMEDIATA (COMERCIALIZA\u00c7\u00c3O DE CONTE\u00daDO E COBERTURA DE EVENTOS)<\/li><li>PROVA DE PUBLICA\u00c7\u00c3O, \u00daTIL PARA PESQUISAS EXTENSAS E PROCESSOS DE ACREDITA\u00c7\u00c3O<\/li><li>OPORTUNIDADES DE MERCADO<\/li><\/ul>\t\t\t\t\t\t\t\t<\/div>\n\t\t\t\t<\/div>\n\t\t\t\t<div class=\"elementor-element elementor-element-08c9ef1 elementor-align-center elementor-widget elementor-widget-button\" data-id=\"08c9ef1\" data-element_type=\"widget\" data-widget_type=\"button.default\">\n\t\t\t\t<div class=\"elementor-widget-container\">\n\t\t\t\t\t\t\t\t\t<div class=\"elementor-button-wrapper\">\n\t\t\t\t\t<a class=\"elementor-button elementor-button-link elementor-size-sm\" href=\"\/pt\/rules\/edition\/\">\n\t\t\t\t\t\t<span class=\"elementor-button-content-wrapper\">\n\t\t\t\t\t\t\t\t\t<span class=\"elementor-button-text\">Consulte Mais informa\u00e7\u00e3o<\/span>\n\t\t\t\t\t<\/span>\n\t\t\t\t\t<\/a>\n\t\t\t\t<\/div>\n\t\t\t\t\t\t\t\t<\/div>\n\t\t\t\t<\/div>\n\t\t\t\t\t<\/div>\n\t\t<\/div>\n\t\t\t\t<div class=\"elementor-column elementor-col-33 elementor-top-column elementor-element elementor-element-6a22747\" data-id=\"6a22747\" data-element_type=\"column\">\n\t\t\t<div class=\"elementor-widget-wrap elementor-element-populated\">\n\t\t\t\t\t\t<div class=\"elementor-element elementor-element-ef16e2a elementor-widget elementor-widget-heading\" data-id=\"ef16e2a\" data-element_type=\"widget\" data-widget_type=\"heading.default\">\n\t\t\t\t<div class=\"elementor-widget-container\">\n\t\t\t\t\t<h2 class=\"elementor-heading-title elementor-size-default\">TERMOS E CONDI\u00c7\u00d5ES<\/h2>\t\t\t\t<\/div>\n\t\t\t\t<\/div>\n\t\t\t\t<div class=\"elementor-element elementor-element-a4d1a6e elementor-widget elementor-widget-text-editor\" data-id=\"a4d1a6e\" data-element_type=\"widget\" data-widget_type=\"text-editor.default\">\n\t\t\t\t<div class=\"elementor-widget-container\">\n\t\t\t\t\t\t\t\t\t<p><strong>Tudo o que voc\u00ea precisa saber ao usar nosso site e antes de nos enviar seu formul\u00e1rio de inscri\u00e7\u00e3o, incluindo:<\/strong><\/p><ul><li>PAGAMENTO DE TAXAS DE ASSOCIA\u00c7\u00c3O<\/li><li>USO ADEQUADO DO NOSSO SITE<\/li><li>DIREITO DE PROPRIEDADE INTELECTUAL<\/li><li>LEI APLIC\u00c1VEL<\/li><\/ul>\t\t\t\t\t\t\t\t<\/div>\n\t\t\t\t<\/div>\n\t\t\t\t<div class=\"elementor-element elementor-element-4c1c4ae elementor-widget elementor-widget-spacer\" data-id=\"4c1c4ae\" data-element_type=\"widget\" data-widget_type=\"spacer.default\">\n\t\t\t\t<div class=\"elementor-widget-container\">\n\t\t\t\t\t\t\t<div class=\"elementor-spacer\">\n\t\t\t<div class=\"elementor-spacer-inner\"><\/div>\n\t\t<\/div>\n\t\t\t\t\t\t<\/div>\n\t\t\t\t<\/div>\n\t\t\t\t<div class=\"elementor-element elementor-element-6156131 elementor-align-center elementor-widget elementor-widget-button\" data-id=\"6156131\" data-element_type=\"widget\" data-widget_type=\"button.default\">\n\t\t\t\t<div class=\"elementor-widget-container\">\n\t\t\t\t\t\t\t\t\t<div class=\"elementor-button-wrapper\">\n\t\t\t\t\t<a class=\"elementor-button elementor-button-link elementor-size-sm\" href=\"\/pt\/rules\/terms-and-conditions\/\">\n\t\t\t\t\t\t<span class=\"elementor-button-content-wrapper\">\n\t\t\t\t\t\t\t\t\t<span class=\"elementor-button-text\">Consulte Mais informa\u00e7\u00e3o<\/span>\n\t\t\t\t\t<\/span>\n\t\t\t\t\t<\/a>\n\t\t\t\t<\/div>\n\t\t\t\t\t\t\t\t<\/div>\n\t\t\t\t<\/div>\n\t\t\t\t\t<\/div>\n\t\t<\/div>\n\t\t\t\t\t<\/div>\n\t\t<\/section>\n\t\t\t\t<\/div>","protected":false},"excerpt":{"rendered":"<p>C\u00d3DIGO DE \u00c9TICA A EUPA segue e pede aos seus membros que sigam o c\u00f3digo de \u00e9tica da SPJ, cujos quatro princ\u00edpios principais s\u00e3o: BUSCAR A VERDADE E DENUNCI\u00c1-LA MINIMIZAR OS DANOS ATUAR DE FORMA INDEPENDENTE SER RESPONS\u00c1VEL E TRANSPARENTE Leia mais EDI\u00c7\u00c3O Todas as vantagens do nosso sistema editorial em resumo: DOCUMENTA\u00c7\u00c3O DE TODO O SEU TRABALHO JORNAL\u00cdSTICO\u2026 <a title=\"Regras\" class=\"read-more\" href=\"https:\/\/eupa.uk\/pt\/rules\/\" aria-label=\"Leia mais sobre Rules\">Leia mais<\/a><\/p>","protected":false},"author":1,"featured_media":0,"parent":0,"menu_order":2,"comment_status":"closed","ping_status":"closed","template":"","meta":{"footnotes":""},"class_list":["post-3062","page","type-page","status-publish"],"_links":{"self":[{"href":"https:\/\/eupa.uk\/pt\/wp-json\/wp\/v2\/pages\/3062","targetHints":{"allow":["GET"]}}],"collection":[{"href":"https:\/\/eupa.uk\/pt\/wp-json\/wp\/v2\/pages"}],"about":[{"href":"https:\/\/eupa.uk\/pt\/wp-json\/wp\/v2\/types\/page"}],"author":[{"embeddable":true,"href":"https:\/\/eupa.uk\/pt\/wp-json\/wp\/v2\/users\/1"}],"replies":[{"embeddable":true,"href":"https:\/\/eupa.uk\/pt\/wp-json\/wp\/v2\/comments?post=3062"}],"version-history":[{"count":0,"href":"https:\/\/eupa.uk\/pt\/wp-json\/wp\/v2\/pages\/3062\/revisions"}],"wp:attachment":[{"href":"https:\/\/eupa.uk\/pt\/wp-json\/wp\/v2\/media?parent=3062"}],"curies":[{"name":"wp","href":"https:\/\/api.w.org\/{rel}","templated":true}]}}