{"id":3454,"date":"2021-03-20T15:25:04","date_gmt":"2021-03-20T15:25:04","guid":{"rendered":"https:\/\/eupa.agency\/?page_id=3454"},"modified":"2021-04-20T12:02:21","modified_gmt":"2021-04-20T12:02:21","slug":"eupa-press-id-card","status":"publish","type":"page","link":"https:\/\/eupa.uk\/pt\/vip-press-kit\/eupa-press-id-card\/","title":{"rendered":"Cart\u00e3o de identifica\u00e7\u00e3o de imprensa EUPA"},"content":{"rendered":"<div data-elementor-type=\"wp-page\" data-elementor-id=\"3454\" class=\"elementor elementor-3454\" data-elementor-post-type=\"page\">\n\t\t\t\t\t\t<section class=\"elementor-section elementor-top-section elementor-element elementor-element-1a9968bb elementor-section-boxed elementor-section-height-default elementor-section-height-default\" data-id=\"1a9968bb\" data-element_type=\"section\">\n\t\t\t\t\t\t<div class=\"elementor-container elementor-column-gap-default\">\n\t\t\t\t\t<div class=\"elementor-column elementor-col-100 elementor-top-column elementor-element elementor-element-432c79fa\" data-id=\"432c79fa\" data-element_type=\"column\">\n\t\t\t<div class=\"elementor-widget-wrap elementor-element-populated\">\n\t\t\t\t\t\t<div class=\"elementor-element elementor-element-68f5b39 elementor-widget elementor-widget-text-editor\" data-id=\"68f5b39\" data-element_type=\"widget\" data-widget_type=\"text-editor.default\">\n\t\t\t\t<div class=\"elementor-widget-container\">\n\t\t\t\t\t\t\t\t\t<p>Qualquer pessoa que represente a imprensa (a tempo inteiro ou parcial) tem direito a um cart\u00e3o de imprensa. Como membro da EUPA, voc\u00ea receber\u00e1 automaticamente um cart\u00e3o de identifica\u00e7\u00e3o de imprensa. O cart\u00e3o \u00e9 do tamanho de um cart\u00e3o de cr\u00e9dito e pode ser carregado com voc\u00ea o tempo todo. Tamb\u00e9m inclui o nome da sua principal \u00e1rea jornal\u00edstica.<\/p><p>Em combina\u00e7\u00e3o com o nosso Passe de Imprensa e ID de Ve\u00edculo de Imprensa, o Cart\u00e3o de Identifica\u00e7\u00e3o de Imprensa EUPA \u00e9 um indicador de compet\u00eancia que certifica a fiabilidade e o profissionalismo do seu propriet\u00e1rio. Talvez seja o documento mais importante para o seu trabalho como profissional do meio midi\u00e1tico. Seu cart\u00e3o de identifica\u00e7\u00e3o de imprensa permite que voc\u00ea se identifique como membro leg\u00edtimo de uma organiza\u00e7\u00e3o de imprensa em v\u00e1rios eventos e ajuda a fazer valer seu direito \u00e0 informa\u00e7\u00e3o. O Cart\u00e3o de Identifica\u00e7\u00e3o de Imprensa documenta a sua profiss\u00e3o como jornalista, eliminando qualquer necessidade de verifica\u00e7\u00e3o independente da sua identidade ou da extens\u00e3o da sua pr\u00e1tica jornal\u00edstica. Tanto para voc\u00ea quanto para os organizadores do evento, um cart\u00e3o de identifica\u00e7\u00e3o de imprensa fornece uma prova de sua atividade prontamente dispon\u00edvel e sem preocupa\u00e7\u00f5es. Embora possuir um Cart\u00e3o de Imprensa n\u00e3o lhe d\u00ea o direito de ser admitido gratuitamente em eventos, a maioria das organiza\u00e7\u00f5es presume que este cart\u00e3o significa que voc\u00ea tem forma\u00e7\u00e3o jornal\u00edstica sem fazer perguntas.<\/p>\t\t\t\t\t\t\t\t<\/div>\n\t\t\t\t<\/div>\n\t\t\t\t\t<\/div>\n\t\t<\/div>\n\t\t\t\t\t<\/div>\n\t\t<\/section>\n\t\t\t\t<section class=\"elementor-section elementor-top-section elementor-element elementor-element-82b3961 elementor-section-full_width elementor-section-stretched elementor-section-height-default elementor-section-height-default\" data-id=\"82b3961\" data-element_type=\"section\" data-settings=\"{&quot;stretch_section&quot;:&quot;section-stretched&quot;,&quot;background_background&quot;:&quot;classic&quot;}\">\n\t\t\t\t\t\t<div class=\"elementor-container elementor-column-gap-default\">\n\t\t\t\t\t<div class=\"elementor-column elementor-col-100 elementor-top-column elementor-element elementor-element-a2491fc\" data-id=\"a2491fc\" data-element_type=\"column\">\n\t\t\t<div class=\"elementor-widget-wrap elementor-element-populated\">\n\t\t\t\t\t\t<section class=\"elementor-section elementor-inner-section elementor-element elementor-element-16f3e08 elementor-section-boxed elementor-section-height-default elementor-section-height-default\" data-id=\"16f3e08\" data-element_type=\"section\">\n\t\t\t\t\t\t<div class=\"elementor-container elementor-column-gap-default\">\n\t\t\t\t\t<div class=\"elementor-column elementor-col-50 elementor-inner-column elementor-element elementor-element-5ac57d2\" data-id=\"5ac57d2\" data-element_type=\"column\">\n\t\t\t<div class=\"elementor-widget-wrap elementor-element-populated\">\n\t\t\t\t\t\t<div class=\"elementor-element elementor-element-3a5b6da elementor-widget elementor-widget-image\" data-id=\"3a5b6da\" data-element_type=\"widget\" data-widget_type=\"image.default\">\n\t\t\t\t<div class=\"elementor-widget-container\">\n\t\t\t\t\t\t\t\t\t\t\t\t\t\t\t<img fetchpriority=\"high\" decoding=\"async\" width=\"472\" height=\"800\" src=\"https:\/\/b2281902.smushcdn.com\/2281902\/wp-content\/uploads\/reporter1.jpg?lossy=1&strip=1&webp=1\" class=\"attachment-large size-large wp-image-5067\" alt=\"\" srcset=\"https:\/\/b2281902.smushcdn.com\/2281902\/wp-content\/uploads\/reporter1.jpg?lossy=1&strip=1&webp=1 472w, https:\/\/b2281902.smushcdn.com\/2281902\/wp-content\/uploads\/reporter1-177x300.jpg?lossy=1&strip=1&webp=1 177w, https:\/\/b2281902.smushcdn.com\/2281902\/wp-content\/uploads\/reporter1-7x12.jpg?lossy=1&strip=1&webp=1 7w, https:\/\/b2281902.smushcdn.com\/2281902\/wp-content\/uploads\/reporter1.jpg?size=240x407&lossy=1&strip=1&webp=1 240w\" sizes=\"(max-width: 472px) 100vw, 472px\" \/>\t\t\t\t\t\t\t\t\t\t\t\t\t\t\t<\/div>\n\t\t\t\t<\/div>\n\t\t\t\t<div class=\"elementor-element elementor-element-fc45421 elementor-widget elementor-widget-heading\" data-id=\"fc45421\" data-element_type=\"widget\" data-widget_type=\"heading.default\">\n\t\t\t\t<div class=\"elementor-widget-container\">\n\t\t\t\t\t<h2 class=\"elementor-heading-title elementor-size-default\">Pressione a parte frontal do cart\u00e3o de identifica\u00e7\u00e3o (cart\u00e3o de rep\u00f3rter):<\/h2>\t\t\t\t<\/div>\n\t\t\t\t<\/div>\n\t\t\t\t<div class=\"elementor-element elementor-element-ea15ceb elementor-icon-list--layout-traditional elementor-list-item-link-full_width elementor-widget elementor-widget-icon-list\" data-id=\"ea15ceb\" data-element_type=\"widget\" data-widget_type=\"icon-list.default\">\n\t\t\t\t<div class=\"elementor-widget-container\">\n\t\t\t\t\t\t\t<ul class=\"elementor-icon-list-items\">\n\t\t\t\t\t\t\t<li class=\"elementor-icon-list-item\">\n\t\t\t\t\t\t\t\t\t\t\t<span class=\"elementor-icon-list-icon\">\n\t\t\t\t\t\t\t<i aria-hidden=\"true\" class=\"fab fa-jira\"><\/i>\t\t\t\t\t\t<\/span>\n\t\t\t\t\t\t\t\t\t\t<span class=\"elementor-icon-list-text\">Fot\u00f3grafo\/Rep\u00f3rter<\/span>\n\t\t\t\t\t\t\t\t\t<\/li>\n\t\t\t\t\t\t\t\t<li class=\"elementor-icon-list-item\">\n\t\t\t\t\t\t\t\t\t\t\t<span class=\"elementor-icon-list-icon\">\n\t\t\t\t\t\t\t<i aria-hidden=\"true\" class=\"fab fa-jira\"><\/i>\t\t\t\t\t\t<\/span>\n\t\t\t\t\t\t\t\t\t\t<span class=\"elementor-icon-list-text\">Vers\u00e3o internacional autorizada<\/span>\n\t\t\t\t\t\t\t\t\t<\/li>\n\t\t\t\t\t\t\t\t<li class=\"elementor-icon-list-item\">\n\t\t\t\t\t\t\t\t\t\t\t<span class=\"elementor-icon-list-icon\">\n\t\t\t\t\t\t\t<i aria-hidden=\"true\" class=\"fab fa-jira\"><\/i>\t\t\t\t\t\t<\/span>\n\t\t\t\t\t\t\t\t\t\t<span class=\"elementor-icon-list-text\">\u00c0 prova de falsifica\u00e7\u00e3o, em formato de cart\u00e3o de cheque<\/span>\n\t\t\t\t\t\t\t\t\t<\/li>\n\t\t\t\t\t\t\t\t<li class=\"elementor-icon-list-item\">\n\t\t\t\t\t\t\t\t\t\t\t<span class=\"elementor-icon-list-icon\">\n\t\t\t\t\t\t\t<i aria-hidden=\"true\" class=\"fab fa-jira\"><\/i>\t\t\t\t\t\t<\/span>\n\t\t\t\t\t\t\t\t\t\t<span class=\"elementor-icon-list-text\">Claramente v\u00e1lido para o ano civil atual<\/span>\n\t\t\t\t\t\t\t\t\t<\/li>\n\t\t\t\t\t\t\t\t<li class=\"elementor-icon-list-item\">\n\t\t\t\t\t\t\t\t\t\t\t<span class=\"elementor-icon-list-icon\">\n\t\t\t\t\t\t\t<i aria-hidden=\"true\" class=\"fab fa-jira\"><\/i>\t\t\t\t\t\t<\/span>\n\t\t\t\t\t\t\t\t\t\t<span class=\"elementor-icon-list-text\">Lista claramente o nome, cargo e m\u00eddia de imprensa<\/span>\n\t\t\t\t\t\t\t\t\t<\/li>\n\t\t\t\t\t\t\t\t<li class=\"elementor-icon-list-item\">\n\t\t\t\t\t\t\t\t\t\t\t<span class=\"elementor-icon-list-icon\">\n\t\t\t\t\t\t\t<i aria-hidden=\"true\" class=\"fab fa-jira\"><\/i>\t\t\t\t\t\t<\/span>\n\t\t\t\t\t\t\t\t\t\t<span class=\"elementor-icon-list-text\">Gradiente de cor protege contra falsifica\u00e7\u00e3o<\/span>\n\t\t\t\t\t\t\t\t\t<\/li>\n\t\t\t\t\t\t\t\t<li class=\"elementor-icon-list-item\">\n\t\t\t\t\t\t\t\t\t\t\t<span class=\"elementor-icon-list-icon\">\n\t\t\t\t\t\t\t<i aria-hidden=\"true\" class=\"fab fa-jira\"><\/i>\t\t\t\t\t\t<\/span>\n\t\t\t\t\t\t\t\t\t\t<span class=\"elementor-icon-list-text\">Logotipos dos parceiros de colabora\u00e7\u00e3o da EUPA<\/span>\n\t\t\t\t\t\t\t\t\t<\/li>\n\t\t\t\t\t\t\t\t<li class=\"elementor-icon-list-item\">\n\t\t\t\t\t\t\t\t\t\t\t<span class=\"elementor-icon-list-icon\">\n\t\t\t\t\t\t\t<i aria-hidden=\"true\" class=\"fab fa-jira\"><\/i>\t\t\t\t\t\t<\/span>\n\t\t\t\t\t\t\t\t\t\t<span class=\"elementor-icon-list-text\">Impress\u00e3o de alta qualidade, com qualidade de cart\u00e3o de cr\u00e9dito<\/span>\n\t\t\t\t\t\t\t\t\t<\/li>\n\t\t\t\t\t\t<\/ul>\n\t\t\t\t\t\t<\/div>\n\t\t\t\t<\/div>\n\t\t\t\t\t<\/div>\n\t\t<\/div>\n\t\t\t\t<div class=\"elementor-column elementor-col-50 elementor-inner-column elementor-element elementor-element-ea2001d\" data-id=\"ea2001d\" data-element_type=\"column\">\n\t\t\t<div class=\"elementor-widget-wrap elementor-element-populated\">\n\t\t\t\t\t\t<div class=\"elementor-element elementor-element-dba371d elementor-widget elementor-widget-image\" data-id=\"dba371d\" data-element_type=\"widget\" data-widget_type=\"image.default\">\n\t\t\t\t<div class=\"elementor-widget-container\">\n\t\t\t\t\t\t\t\t\t\t\t\t\t\t\t<img decoding=\"async\" width=\"472\" height=\"800\" data-src=\"https:\/\/b2281902.smushcdn.com\/2281902\/wp-content\/uploads\/reporter2.jpg?lossy=1&strip=1&webp=1\" class=\"attachment-large size-large wp-image-5068 lazyload\" alt=\"\" data-srcset=\"https:\/\/b2281902.smushcdn.com\/2281902\/wp-content\/uploads\/reporter2.jpg?lossy=1&strip=1&webp=1 472w, https:\/\/b2281902.smushcdn.com\/2281902\/wp-content\/uploads\/reporter2-177x300.jpg?lossy=1&strip=1&webp=1 177w, https:\/\/b2281902.smushcdn.com\/2281902\/wp-content\/uploads\/reporter2-7x12.jpg?lossy=1&strip=1&webp=1 7w, https:\/\/b2281902.smushcdn.com\/2281902\/wp-content\/uploads\/reporter2.jpg?size=240x407&lossy=1&strip=1&webp=1 240w\" data-sizes=\"(max-width: 472px) 100vw, 472px\" src=\"data:image\/svg+xml;base64,PHN2ZyB3aWR0aD0iMSIgaGVpZ2h0PSIxIiB4bWxucz0iaHR0cDovL3d3dy53My5vcmcvMjAwMC9zdmciPjwvc3ZnPg==\" style=\"--smush-placeholder-width: 472px; --smush-placeholder-aspect-ratio: 472\/800;\" \/>\t\t\t\t\t\t\t\t\t\t\t\t\t\t\t<\/div>\n\t\t\t\t<\/div>\n\t\t\t\t<div class=\"elementor-element elementor-element-9fd8d1d elementor-widget elementor-widget-heading\" data-id=\"9fd8d1d\" data-element_type=\"widget\" data-widget_type=\"heading.default\">\n\t\t\t\t<div class=\"elementor-widget-container\">\n\t\t\t\t\t<h2 class=\"elementor-heading-title elementor-size-default\">Cart\u00e3o de identifica\u00e7\u00e3o editorial (reverso):<\/h2>\t\t\t\t<\/div>\n\t\t\t\t<\/div>\n\t\t\t\t<div class=\"elementor-element elementor-element-2b1cfb2 elementor-icon-list--layout-traditional elementor-list-item-link-full_width elementor-widget elementor-widget-icon-list\" data-id=\"2b1cfb2\" data-element_type=\"widget\" data-widget_type=\"icon-list.default\">\n\t\t\t\t<div class=\"elementor-widget-container\">\n\t\t\t\t\t\t\t<ul class=\"elementor-icon-list-items\">\n\t\t\t\t\t\t\t<li class=\"elementor-icon-list-item\">\n\t\t\t\t\t\t\t\t\t\t\t<span class=\"elementor-icon-list-icon\">\n\t\t\t\t\t\t\t<i aria-hidden=\"true\" class=\"fab fa-jira\"><\/i>\t\t\t\t\t\t<\/span>\n\t\t\t\t\t\t\t\t\t\t<span class=\"elementor-icon-list-text\">Declara\u00e7\u00e3o de status de correspondente<\/span>\n\t\t\t\t\t\t\t\t\t<\/li>\n\t\t\t\t\t\t\t\t<li class=\"elementor-icon-list-item\">\n\t\t\t\t\t\t\t\t\t\t\t<span class=\"elementor-icon-list-icon\">\n\t\t\t\t\t\t\t<i aria-hidden=\"true\" class=\"fab fa-jira\"><\/i>\t\t\t\t\t\t<\/span>\n\t\t\t\t\t\t\t\t\t\t<span class=\"elementor-icon-list-text\">Vers\u00e3o multil\u00edngue<\/span>\n\t\t\t\t\t\t\t\t\t<\/li>\n\t\t\t\t\t\t\t\t<li class=\"elementor-icon-list-item\">\n\t\t\t\t\t\t\t\t\t\t\t<span class=\"elementor-icon-list-icon\">\n\t\t\t\t\t\t\t<i aria-hidden=\"true\" class=\"fab fa-jira\"><\/i>\t\t\t\t\t\t<\/span>\n\t\t\t\t\t\t\t\t\t\t<span class=\"elementor-icon-list-text\">Informa\u00e7\u00f5es de contato e assinatura da EUPA<\/span>\n\t\t\t\t\t\t\t\t\t<\/li>\n\t\t\t\t\t\t\t\t<li class=\"elementor-icon-list-item\">\n\t\t\t\t\t\t\t\t\t\t\t<span class=\"elementor-icon-list-icon\">\n\t\t\t\t\t\t\t<i aria-hidden=\"true\" class=\"fab fa-jira\"><\/i>\t\t\t\t\t\t<\/span>\n\t\t\t\t\t\t\t\t\t\t<span class=\"elementor-icon-list-text\">Verifique o n\u00famero e a prote\u00e7\u00e3o contra falsifica\u00e7\u00e3o<\/span>\n\t\t\t\t\t\t\t\t\t<\/li>\n\t\t\t\t\t\t\t\t<li class=\"elementor-icon-list-item\">\n\t\t\t\t\t\t\t\t\t\t\t<span class=\"elementor-icon-list-icon\">\n\t\t\t\t\t\t\t<i aria-hidden=\"true\" class=\"fab fa-jira\"><\/i>\t\t\t\t\t\t<\/span>\n\t\t\t\t\t\t\t\t\t\t<span class=\"elementor-icon-list-text\">N\u00famero de identifica\u00e7\u00e3o registrado<\/span>\n\t\t\t\t\t\t\t\t\t<\/li>\n\t\t\t\t\t\t\t\t<li class=\"elementor-icon-list-item\">\n\t\t\t\t\t\t\t\t\t\t\t<span class=\"elementor-icon-list-icon\">\n\t\t\t\t\t\t\t<i aria-hidden=\"true\" class=\"fab fa-jira\"><\/i>\t\t\t\t\t\t<\/span>\n\t\t\t\t\t\t\t\t\t\t<span class=\"elementor-icon-list-text\">Cadastro de c\u00f3digo de barras QR<\/span>\n\t\t\t\t\t\t\t\t\t<\/li>\n\t\t\t\t\t\t<\/ul>\n\t\t\t\t\t\t<\/div>\n\t\t\t\t<\/div>\n\t\t\t\t\t<\/div>\n\t\t<\/div>\n\t\t\t\t\t<\/div>\n\t\t<\/section>\n\t\t\t\t\t<\/div>\n\t\t<\/div>\n\t\t\t\t\t<\/div>\n\t\t<\/section>\n\t\t\t\t<\/div>","protected":false},"excerpt":{"rendered":"<p>Qualquer pessoa que represente a imprensa (a tempo inteiro ou parcial) tem direito a um cart\u00e3o de imprensa. Como membro da EUPA, voc\u00ea receber\u00e1 automaticamente um cart\u00e3o de identifica\u00e7\u00e3o de imprensa. O cart\u00e3o \u00e9 do tamanho de um cart\u00e3o de cr\u00e9dito e pode ser carregado com voc\u00ea o tempo todo. Tamb\u00e9m inclui o nome de\u2026 <a title=\"Cart\u00e3o de identifica\u00e7\u00e3o de imprensa EUPA\" class=\"read-more\" href=\"https:\/\/eupa.uk\/pt\/vip-press-kit\/eupa-press-id-card\/\" aria-label=\"Leia mais sobre Cart\u00e3o de identifica\u00e7\u00e3o de imprensa da EUPA\">Leia mais<\/a><\/p>","protected":false},"author":1,"featured_media":0,"parent":3060,"menu_order":2,"comment_status":"closed","ping_status":"closed","template":"","meta":{"footnotes":""},"class_list":["post-3454","page","type-page","status-publish"],"_links":{"self":[{"href":"https:\/\/eupa.uk\/pt\/wp-json\/wp\/v2\/pages\/3454","targetHints":{"allow":["GET"]}}],"collection":[{"href":"https:\/\/eupa.uk\/pt\/wp-json\/wp\/v2\/pages"}],"about":[{"href":"https:\/\/eupa.uk\/pt\/wp-json\/wp\/v2\/types\/page"}],"author":[{"embeddable":true,"href":"https:\/\/eupa.uk\/pt\/wp-json\/wp\/v2\/users\/1"}],"replies":[{"embeddable":true,"href":"https:\/\/eupa.uk\/pt\/wp-json\/wp\/v2\/comments?post=3454"}],"version-history":[{"count":0,"href":"https:\/\/eupa.uk\/pt\/wp-json\/wp\/v2\/pages\/3454\/revisions"}],"up":[{"embeddable":true,"href":"https:\/\/eupa.uk\/pt\/wp-json\/wp\/v2\/pages\/3060"}],"wp:attachment":[{"href":"https:\/\/eupa.uk\/pt\/wp-json\/wp\/v2\/media?parent=3454"}],"curies":[{"name":"wp","href":"https:\/\/api.w.org\/{rel}","templated":true}]}}