{"id":3466,"date":"2021-03-20T16:24:09","date_gmt":"2021-03-20T16:24:09","guid":{"rendered":"https:\/\/eupa.agency\/?page_id=3466"},"modified":"2021-04-20T11:46:01","modified_gmt":"2021-04-20T11:46:01","slug":"letter-of-accreditation","status":"publish","type":"page","link":"https:\/\/eupa.uk\/pt\/vip-press-kit\/letter-of-accreditation\/","title":{"rendered":"Carta de Credenciamento"},"content":{"rendered":"<div data-elementor-type=\"wp-page\" data-elementor-id=\"3466\" class=\"elementor elementor-3466\" data-elementor-post-type=\"page\">\n\t\t\t\t\t\t<section class=\"elementor-section elementor-top-section elementor-element elementor-element-18857c98 elementor-section-boxed elementor-section-height-default elementor-section-height-default\" data-id=\"18857c98\" data-element_type=\"section\">\n\t\t\t\t\t\t<div class=\"elementor-container elementor-column-gap-default\">\n\t\t\t\t\t<div class=\"elementor-column elementor-col-100 elementor-top-column elementor-element elementor-element-2ac5adf6\" data-id=\"2ac5adf6\" data-element_type=\"column\">\n\t\t\t<div class=\"elementor-widget-wrap elementor-element-populated\">\n\t\t\t\t\t\t<div class=\"elementor-element elementor-element-5c8490ac elementor-widget elementor-widget-text-editor\" data-id=\"5c8490ac\" data-element_type=\"widget\" data-widget_type=\"text-editor.default\">\n\t\t\t\t<div class=\"elementor-widget-container\">\n\t\t\t\t\t\t\t\t\t<p>Uma Carta de Credenciamento da Ag\u00eancia Europeia de Imprensa (EUPA) \u00e9 um documento complementar ao Passe de Imprensa, Cart\u00e3o de Imprensa e ID do Ve\u00edculo de Imprensa inclu\u00eddo em nosso Kit de Imprensa VIP que pode tornar seu trabalho ainda mais f\u00e1cil. Identifica-o como membro da EUPA, fornece prova da sua associa\u00e7\u00e3o \u00e0 nossa ag\u00eancia e indica o foco da sua reportagem, garantindo a pr\u00e1tica desimpedida do seu trabalho jornal\u00edstico.<\/p><p>Em alguns casos, pode ser necess\u00e1rio para que voc\u00ea possa prosseguir com seu trabalho.<\/p><p>Uma carta de credenciamento permite que organizadores e ag\u00eancias de eventos verifiquem seu status como membro de uma organiza\u00e7\u00e3o de m\u00eddia, o que \u00e9 \u00fatil quando voc\u00ea busca acesso a \u00e1reas privadas e confer\u00eancias de imprensa ou deseja tirar fotos em eventos especiais. No entanto, n\u00e3o se esque\u00e7a que cada organizador pode fazer uso das regras da casa e decidir quais representantes da m\u00eddia permitir\u00e3o a entrada.<\/p><p>Cada membro da EUPA receber\u00e1 uma carta de credenciamento gratuita, que especifica a \u00e1rea jornal\u00edstica de foco, ou \u00e1rea, do membro. Voc\u00ea n\u00e3o pode selecionar v\u00e1rias batidas ao mesmo tempo. Se precisar de cartas adicionais, voc\u00ea poder\u00e1 solicit\u00e1-las a qualquer momento por uma pequena taxa adicional.<\/p>\t\t\t\t\t\t\t\t<\/div>\n\t\t\t\t<\/div>\n\t\t\t\t\t<\/div>\n\t\t<\/div>\n\t\t\t\t\t<\/div>\n\t\t<\/section>\n\t\t\t\t<section class=\"elementor-section elementor-top-section elementor-element elementor-element-1a72b73 elementor-section-full_width elementor-section-stretched elementor-section-height-default elementor-section-height-default\" data-id=\"1a72b73\" data-element_type=\"section\" data-settings=\"{&quot;stretch_section&quot;:&quot;section-stretched&quot;,&quot;background_background&quot;:&quot;classic&quot;}\">\n\t\t\t\t\t\t<div class=\"elementor-container elementor-column-gap-default\">\n\t\t\t\t\t<div class=\"elementor-column elementor-col-100 elementor-top-column elementor-element elementor-element-def1d1c\" data-id=\"def1d1c\" data-element_type=\"column\">\n\t\t\t<div class=\"elementor-widget-wrap elementor-element-populated\">\n\t\t\t\t\t\t<section class=\"elementor-section elementor-inner-section elementor-element elementor-element-66e240c elementor-section-boxed elementor-section-height-default elementor-section-height-default\" data-id=\"66e240c\" data-element_type=\"section\">\n\t\t\t\t\t\t<div class=\"elementor-container elementor-column-gap-default\">\n\t\t\t\t\t<div class=\"elementor-column elementor-col-50 elementor-inner-column elementor-element elementor-element-720d7ae\" data-id=\"720d7ae\" data-element_type=\"column\">\n\t\t\t<div class=\"elementor-widget-wrap elementor-element-populated\">\n\t\t\t\t\t\t<div class=\"elementor-element elementor-element-796c9e5 elementor-widget elementor-widget-image\" data-id=\"796c9e5\" data-element_type=\"widget\" data-widget_type=\"image.default\">\n\t\t\t\t<div class=\"elementor-widget-container\">\n\t\t\t\t\t\t\t\t\t\t\t\t\t\t\t<img fetchpriority=\"high\" decoding=\"async\" width=\"362\" height=\"511\" src=\"https:\/\/b2281902.smushcdn.com\/2281902\/wp-content\/uploads\/confirmation-letter-sample.jpg?lossy=1&strip=1&webp=1\" class=\"attachment-large size-large wp-image-5073\" alt=\"\" srcset=\"https:\/\/b2281902.smushcdn.com\/2281902\/wp-content\/uploads\/confirmation-letter-sample.jpg?lossy=1&strip=1&webp=1 362w, https:\/\/b2281902.smushcdn.com\/2281902\/wp-content\/uploads\/confirmation-letter-sample-213x300.jpg?lossy=1&strip=1&webp=1 213w, https:\/\/b2281902.smushcdn.com\/2281902\/wp-content\/uploads\/confirmation-letter-sample-9x12.jpg?lossy=1&strip=1&webp=1 9w\" sizes=\"(max-width: 362px) 100vw, 362px\" \/>\t\t\t\t\t\t\t\t\t\t\t\t\t\t\t<\/div>\n\t\t\t\t<\/div>\n\t\t\t\t\t<\/div>\n\t\t<\/div>\n\t\t\t\t<div class=\"elementor-column elementor-col-50 elementor-inner-column elementor-element elementor-element-e228b45\" data-id=\"e228b45\" data-element_type=\"column\">\n\t\t\t<div class=\"elementor-widget-wrap elementor-element-populated\">\n\t\t\t\t\t\t<div class=\"elementor-element elementor-element-5f70954 elementor-widget elementor-widget-heading\" data-id=\"5f70954\" data-element_type=\"widget\" data-widget_type=\"heading.default\">\n\t\t\t\t<div class=\"elementor-widget-container\">\n\t\t\t\t\t<h2 class=\"elementor-heading-title elementor-size-default\">Caracter\u00edsticas da confirma\u00e7\u00e3o:<\/h2>\t\t\t\t<\/div>\n\t\t\t\t<\/div>\n\t\t\t\t<div class=\"elementor-element elementor-element-98e419c elementor-icon-list--layout-traditional elementor-list-item-link-full_width elementor-widget elementor-widget-icon-list\" data-id=\"98e419c\" data-element_type=\"widget\" data-widget_type=\"icon-list.default\">\n\t\t\t\t<div class=\"elementor-widget-container\">\n\t\t\t\t\t\t\t<ul class=\"elementor-icon-list-items\">\n\t\t\t\t\t\t\t<li class=\"elementor-icon-list-item\">\n\t\t\t\t\t\t\t\t\t\t\t<span class=\"elementor-icon-list-icon\">\n\t\t\t\t\t\t\t<i aria-hidden=\"true\" class=\"fab fa-jira\"><\/i>\t\t\t\t\t\t<\/span>\n\t\t\t\t\t\t\t\t\t\t<span class=\"elementor-icon-list-text\">Design relacionado ao papel timbrado da ag\u00eancia<\/span>\n\t\t\t\t\t\t\t\t\t<\/li>\n\t\t\t\t\t\t\t\t<li class=\"elementor-icon-list-item\">\n\t\t\t\t\t\t\t\t\t\t\t<span class=\"elementor-icon-list-icon\">\n\t\t\t\t\t\t\t<i aria-hidden=\"true\" class=\"fab fa-jira\"><\/i>\t\t\t\t\t\t<\/span>\n\t\t\t\t\t\t\t\t\t\t<span class=\"elementor-icon-list-text\">Inclui selo impresso<\/span>\n\t\t\t\t\t\t\t\t\t<\/li>\n\t\t\t\t\t\t\t\t<li class=\"elementor-icon-list-item\">\n\t\t\t\t\t\t\t\t\t\t\t<span class=\"elementor-icon-list-icon\">\n\t\t\t\t\t\t\t<i aria-hidden=\"true\" class=\"fab fa-jira\"><\/i>\t\t\t\t\t\t<\/span>\n\t\t\t\t\t\t\t\t\t\t<span class=\"elementor-icon-list-text\">Assinado pelo Editor-Chefe<\/span>\n\t\t\t\t\t\t\t\t\t<\/li>\n\t\t\t\t\t\t\t\t<li class=\"elementor-icon-list-item\">\n\t\t\t\t\t\t\t\t\t\t\t<span class=\"elementor-icon-list-icon\">\n\t\t\t\t\t\t\t<i aria-hidden=\"true\" class=\"fab fa-jira\"><\/i>\t\t\t\t\t\t<\/span>\n\t\t\t\t\t\t\t\t\t\t<span class=\"elementor-icon-list-text\">Credenciamento e selos editoriais<\/span>\n\t\t\t\t\t\t\t\t\t<\/li>\n\t\t\t\t\t\t\t\t<li class=\"elementor-icon-list-item\">\n\t\t\t\t\t\t\t\t\t\t\t<span class=\"elementor-icon-list-icon\">\n\t\t\t\t\t\t\t<i aria-hidden=\"true\" class=\"fab fa-jira\"><\/i>\t\t\t\t\t\t<\/span>\n\t\t\t\t\t\t\t\t\t\t<span class=\"elementor-icon-list-text\">Personalizado e intransfer\u00edvel<\/span>\n\t\t\t\t\t\t\t\t\t<\/li>\n\t\t\t\t\t\t\t\t<li class=\"elementor-icon-list-item\">\n\t\t\t\t\t\t\t\t\t\t\t<span class=\"elementor-icon-list-icon\">\n\t\t\t\t\t\t\t<i aria-hidden=\"true\" class=\"fab fa-jira\"><\/i>\t\t\t\t\t\t<\/span>\n\t\t\t\t\t\t\t\t\t\t<span class=\"elementor-icon-list-text\">\u00datil para muitos prop\u00f3sitos<\/span>\n\t\t\t\t\t\t\t\t\t<\/li>\n\t\t\t\t\t\t\t\t<li class=\"elementor-icon-list-item\">\n\t\t\t\t\t\t\t\t\t\t\t<span class=\"elementor-icon-list-icon\">\n\t\t\t\t\t\t\t<i aria-hidden=\"true\" class=\"fab fa-jira\"><\/i>\t\t\t\t\t\t<\/span>\n\t\t\t\t\t\t\t\t\t\t<span class=\"elementor-icon-list-text\">C\u00f3pia original em papel<\/span>\n\t\t\t\t\t\t\t\t\t<\/li>\n\t\t\t\t\t\t\t\t<li class=\"elementor-icon-list-item\">\n\t\t\t\t\t\t\t\t\t\t\t<span class=\"elementor-icon-list-icon\">\n\t\t\t\t\t\t\t<i aria-hidden=\"true\" class=\"fab fa-jira\"><\/i>\t\t\t\t\t\t<\/span>\n\t\t\t\t\t\t\t\t\t\t<span class=\"elementor-icon-list-text\">Formatar aprox. 8,27 polegadas x 11,65 polegadas (21 x 29,60 cm)<\/span>\n\t\t\t\t\t\t\t\t\t<\/li>\n\t\t\t\t\t\t<\/ul>\n\t\t\t\t\t\t<\/div>\n\t\t\t\t<\/div>\n\t\t\t\t\t<\/div>\n\t\t<\/div>\n\t\t\t\t\t<\/div>\n\t\t<\/section>\n\t\t\t\t\t<\/div>\n\t\t<\/div>\n\t\t\t\t\t<\/div>\n\t\t<\/section>\n\t\t\t\t<\/div>","protected":false},"excerpt":{"rendered":"<p>Uma Carta de Credenciamento da Ag\u00eancia Europeia de Imprensa (EUPA) \u00e9 um documento complementar ao Passe de Imprensa, Cart\u00e3o de Imprensa e ID do Ve\u00edculo de Imprensa inclu\u00eddo em nosso Kit de Imprensa VIP que pode tornar seu trabalho ainda mais f\u00e1cil. Identifica voc\u00ea como membro da EUPA, fornece prova de sua associa\u00e7\u00e3o com nossa ag\u00eancia e declara o\u2026 <a title=\"Carta de Credenciamento\" class=\"read-more\" href=\"https:\/\/eupa.uk\/pt\/vip-press-kit\/letter-of-accreditation\/\" aria-label=\"Leia mais sobre Carta de Credenciamento\">Leia mais<\/a><\/p>","protected":false},"author":1,"featured_media":0,"parent":3060,"menu_order":3,"comment_status":"closed","ping_status":"closed","template":"","meta":{"footnotes":""},"class_list":["post-3466","page","type-page","status-publish"],"_links":{"self":[{"href":"https:\/\/eupa.uk\/pt\/wp-json\/wp\/v2\/pages\/3466","targetHints":{"allow":["GET"]}}],"collection":[{"href":"https:\/\/eupa.uk\/pt\/wp-json\/wp\/v2\/pages"}],"about":[{"href":"https:\/\/eupa.uk\/pt\/wp-json\/wp\/v2\/types\/page"}],"author":[{"embeddable":true,"href":"https:\/\/eupa.uk\/pt\/wp-json\/wp\/v2\/users\/1"}],"replies":[{"embeddable":true,"href":"https:\/\/eupa.uk\/pt\/wp-json\/wp\/v2\/comments?post=3466"}],"version-history":[{"count":0,"href":"https:\/\/eupa.uk\/pt\/wp-json\/wp\/v2\/pages\/3466\/revisions"}],"up":[{"embeddable":true,"href":"https:\/\/eupa.uk\/pt\/wp-json\/wp\/v2\/pages\/3060"}],"wp:attachment":[{"href":"https:\/\/eupa.uk\/pt\/wp-json\/wp\/v2\/media?parent=3466"}],"curies":[{"name":"wp","href":"https:\/\/api.w.org\/{rel}","templated":true}]}}