{"id":3478,"date":"2021-03-20T16:30:03","date_gmt":"2021-03-20T16:30:03","guid":{"rendered":"https:\/\/eupa.agency\/?page_id=3478"},"modified":"2021-04-20T11:41:22","modified_gmt":"2021-04-20T11:41:22","slug":"eupa-press-vehicle-id","status":"publish","type":"page","link":"https:\/\/eupa.uk\/pt\/vip-press-kit\/eupa-press-vehicle-id\/","title":{"rendered":"ID do ve\u00edculo de imprensa da EUPA"},"content":{"rendered":"<div data-elementor-type=\"wp-page\" data-elementor-id=\"3478\" class=\"elementor elementor-3478\" data-elementor-post-type=\"page\">\n\t\t\t\t\t\t<section class=\"elementor-section elementor-top-section elementor-element elementor-element-542ebcbf elementor-section-boxed elementor-section-height-default elementor-section-height-default\" data-id=\"542ebcbf\" data-element_type=\"section\">\n\t\t\t\t\t\t<div class=\"elementor-container elementor-column-gap-default\">\n\t\t\t\t\t<div class=\"elementor-column elementor-col-100 elementor-top-column elementor-element elementor-element-2693ced6\" data-id=\"2693ced6\" data-element_type=\"column\">\n\t\t\t<div class=\"elementor-widget-wrap elementor-element-populated\">\n\t\t\t\t\t\t<div class=\"elementor-element elementor-element-597f56e2 elementor-widget elementor-widget-text-editor\" data-id=\"597f56e2\" data-element_type=\"widget\" data-widget_type=\"text-editor.default\">\n\t\t\t\t<div class=\"elementor-widget-container\">\n\t\t\t\t\t\t\t\t\t<p>Como membro da EUPA, voc\u00ea receber\u00e1 uma identifica\u00e7\u00e3o de ve\u00edculo de imprensa certificado para o seu carro, juntamente com seu kit de imprensa VIP, sem nenhum custo adicional. A sinaliza\u00e7\u00e3o normalmente permite a utiliza\u00e7\u00e3o de \u00e1reas de estacionamento reservadas a profissionais de m\u00eddia, ao mesmo tempo que oferece in\u00fameras vantagens na busca di\u00e1ria por uma vaga para estacionar.<\/p><p>Dirigir \u00e9 uma grande parte da rotina di\u00e1ria de pesquisa de um jornalista, e muitos lugares cobram taxas de estacionamento caras. Al\u00e9m do mais, \u00e9 dif\u00edcil encontrar vagas de estacionamento vazias em um local desejado nas grandes cidades e em muitos eventos, tornando tentador deixar o carro em uma zona proibida. Isto torna o nosso EUPA Press Vehicle ID para o carro um companheiro inestim\u00e1vel para os nossos membros, que podem poupar-se ao inc\u00f3modo de procurar um lugar gr\u00e1tis, bem como centenas de euros todos os anos. Este sinal s\u00f3 deve ser utilizado de acordo com as regras de tr\u00e2nsito v\u00e1lidas e n\u00e3o impede necessariamente a compra de um bilhete de estacionamento. O EUPA Press Vehicle ID s\u00f3 pode ser exibido quando o carro estiver realmente sendo usado para fins jornal\u00edsticos e sua validade poder\u00e1 ter que ser comprovada atrav\u00e9s da apresenta\u00e7\u00e3o do EUPA Press Pass do propriet\u00e1rio do carro. O objetivo mais importante deste sinal \u00e9 ajud\u00e1-lo a passar por \u00e1reas p\u00fablicas que foram bloqueadas. Agir com responsabilidade \u00e9 essencial para garantir que voc\u00ea esteja usando seu ID de Ve\u00edculo de Imprensa de maneira adequada.<\/p>\t\t\t\t\t\t\t\t<\/div>\n\t\t\t\t<\/div>\n\t\t\t\t\t<\/div>\n\t\t<\/div>\n\t\t\t\t\t<\/div>\n\t\t<\/section>\n\t\t\t\t<section class=\"elementor-section elementor-top-section elementor-element elementor-element-73b4185 elementor-section-full_width elementor-section-stretched elementor-section-height-default elementor-section-height-default\" data-id=\"73b4185\" data-element_type=\"section\" data-settings=\"{&quot;stretch_section&quot;:&quot;section-stretched&quot;,&quot;background_background&quot;:&quot;classic&quot;}\">\n\t\t\t\t\t\t<div class=\"elementor-container elementor-column-gap-default\">\n\t\t\t\t\t<div class=\"elementor-column elementor-col-100 elementor-top-column elementor-element elementor-element-f405aa3\" data-id=\"f405aa3\" data-element_type=\"column\">\n\t\t\t<div class=\"elementor-widget-wrap elementor-element-populated\">\n\t\t\t\t\t\t<section class=\"elementor-section elementor-inner-section elementor-element elementor-element-af6a58f elementor-section-boxed elementor-section-height-default elementor-section-height-default\" data-id=\"af6a58f\" data-element_type=\"section\">\n\t\t\t\t\t\t<div class=\"elementor-container elementor-column-gap-default\">\n\t\t\t\t\t<div class=\"elementor-column elementor-col-50 elementor-inner-column elementor-element elementor-element-e3fddd5\" data-id=\"e3fddd5\" data-element_type=\"column\">\n\t\t\t<div class=\"elementor-widget-wrap elementor-element-populated\">\n\t\t\t\t\t\t<div class=\"elementor-element elementor-element-ffa4062 elementor-widget elementor-widget-image\" data-id=\"ffa4062\" data-element_type=\"widget\" data-widget_type=\"image.default\">\n\t\t\t\t<div class=\"elementor-widget-container\">\n\t\t\t\t\t\t\t\t\t\t\t\t\t\t\t<img fetchpriority=\"high\" decoding=\"async\" width=\"550\" height=\"454\" src=\"https:\/\/b2281902.smushcdn.com\/2281902\/wp-content\/uploads\/Press-Vehicle-ID_2.png?lossy=1&strip=1&webp=1\" class=\"attachment-large size-large wp-image-3484\" alt=\"\" srcset=\"https:\/\/b2281902.smushcdn.com\/2281902\/wp-content\/uploads\/Press-Vehicle-ID_2.png?lossy=1&strip=1&webp=1 550w, https:\/\/b2281902.smushcdn.com\/2281902\/wp-content\/uploads\/Press-Vehicle-ID_2-300x248.png?lossy=1&strip=1&webp=1 300w, https:\/\/b2281902.smushcdn.com\/2281902\/wp-content\/uploads\/Press-Vehicle-ID_2-16x12.png?lossy=1&strip=1&webp=1 16w, https:\/\/b2281902.smushcdn.com\/2281902\/wp-content\/uploads\/Press-Vehicle-ID_2.png?size=240x198&lossy=1&strip=1&webp=1 240w, https:\/\/b2281902.smushcdn.com\/2281902\/wp-content\/uploads\/Press-Vehicle-ID_2.png?size=480x396&lossy=1&strip=1&webp=1 480w\" sizes=\"(max-width: 550px) 100vw, 550px\" \/>\t\t\t\t\t\t\t\t\t\t\t\t\t\t\t<\/div>\n\t\t\t\t<\/div>\n\t\t\t\t\t<\/div>\n\t\t<\/div>\n\t\t\t\t<div class=\"elementor-column elementor-col-50 elementor-inner-column elementor-element elementor-element-40bebb1\" data-id=\"40bebb1\" data-element_type=\"column\">\n\t\t\t<div class=\"elementor-widget-wrap elementor-element-populated\">\n\t\t\t\t\t\t<div class=\"elementor-element elementor-element-b14afbf elementor-widget elementor-widget-heading\" data-id=\"b14afbf\" data-element_type=\"widget\" data-widget_type=\"heading.default\">\n\t\t\t\t<div class=\"elementor-widget-container\">\n\t\t\t\t\t<h2 class=\"elementor-heading-title elementor-size-default\">ID do ve\u00edculo de imprensa certificado pela EUPA:<\/h2>\t\t\t\t<\/div>\n\t\t\t\t<\/div>\n\t\t\t\t<div class=\"elementor-element elementor-element-c0f773a elementor-icon-list--layout-traditional elementor-list-item-link-full_width elementor-widget elementor-widget-icon-list\" data-id=\"c0f773a\" data-element_type=\"widget\" data-widget_type=\"icon-list.default\">\n\t\t\t\t<div class=\"elementor-widget-container\">\n\t\t\t\t\t\t\t<ul class=\"elementor-icon-list-items\">\n\t\t\t\t\t\t\t<li class=\"elementor-icon-list-item\">\n\t\t\t\t\t\t\t\t\t\t\t<span class=\"elementor-icon-list-icon\">\n\t\t\t\t\t\t\t<i aria-hidden=\"true\" class=\"fab fa-jira\"><\/i>\t\t\t\t\t\t<\/span>\n\t\t\t\t\t\t\t\t\t\t<span class=\"elementor-icon-list-text\">Selo de imprensa certificado aprovado<\/span>\n\t\t\t\t\t\t\t\t\t<\/li>\n\t\t\t\t\t\t\t\t<li class=\"elementor-icon-list-item\">\n\t\t\t\t\t\t\t\t\t\t\t<span class=\"elementor-icon-list-icon\">\n\t\t\t\t\t\t\t<i aria-hidden=\"true\" class=\"fab fa-jira\"><\/i>\t\t\t\t\t\t<\/span>\n\t\t\t\t\t\t\t\t\t\t<span class=\"elementor-icon-list-text\">Selo de imprensa EUPA<\/span>\n\t\t\t\t\t\t\t\t\t<\/li>\n\t\t\t\t\t\t\t\t<li class=\"elementor-icon-list-item\">\n\t\t\t\t\t\t\t\t\t\t\t<span class=\"elementor-icon-list-icon\">\n\t\t\t\t\t\t\t<i aria-hidden=\"true\" class=\"fab fa-jira\"><\/i>\t\t\t\t\t\t<\/span>\n\t\t\t\t\t\t\t\t\t\t<span class=\"elementor-icon-list-text\">Logotipos de parceiros colaboradores<\/span>\n\t\t\t\t\t\t\t\t\t<\/li>\n\t\t\t\t\t\t\t\t<li class=\"elementor-icon-list-item\">\n\t\t\t\t\t\t\t\t\t\t\t<span class=\"elementor-icon-list-icon\">\n\t\t\t\t\t\t\t<i aria-hidden=\"true\" class=\"fab fa-jira\"><\/i>\t\t\t\t\t\t<\/span>\n\t\t\t\t\t\t\t\t\t\t<span class=\"elementor-icon-list-text\">N\u00famero de identifica\u00e7\u00e3o registrado.<\/span>\n\t\t\t\t\t\t\t\t\t<\/li>\n\t\t\t\t\t\t\t\t<li class=\"elementor-icon-list-item\">\n\t\t\t\t\t\t\t\t\t\t\t<span class=\"elementor-icon-list-icon\">\n\t\t\t\t\t\t\t<i aria-hidden=\"true\" class=\"fab fa-jira\"><\/i>\t\t\t\t\t\t<\/span>\n\t\t\t\t\t\t\t\t\t\t<span class=\"elementor-icon-list-text\">N\u00famero da placa certificada<\/span>\n\t\t\t\t\t\t\t\t\t<\/li>\n\t\t\t\t\t\t\t\t<li class=\"elementor-icon-list-item\">\n\t\t\t\t\t\t\t\t\t\t\t<span class=\"elementor-icon-list-icon\">\n\t\t\t\t\t\t\t<i aria-hidden=\"true\" class=\"fab fa-jira\"><\/i>\t\t\t\t\t\t<\/span>\n\t\t\t\t\t\t\t\t\t\t<span class=\"elementor-icon-list-text\">Laminado r\u00edgido selado<\/span>\n\t\t\t\t\t\t\t\t\t<\/li>\n\t\t\t\t\t\t\t\t<li class=\"elementor-icon-list-item\">\n\t\t\t\t\t\t\t\t\t\t\t<span class=\"elementor-icon-list-icon\">\n\t\t\t\t\t\t\t<i aria-hidden=\"true\" class=\"fab fa-jira\"><\/i>\t\t\t\t\t\t<\/span>\n\t\t\t\t\t\t\t\t\t\t<span class=\"elementor-icon-list-text\">\u00c0 prova de falsifica\u00e7\u00e3o<\/span>\n\t\t\t\t\t\t\t\t\t<\/li>\n\t\t\t\t\t\t\t\t<li class=\"elementor-icon-list-item\">\n\t\t\t\t\t\t\t\t\t\t\t<span class=\"elementor-icon-list-icon\">\n\t\t\t\t\t\t\t<i aria-hidden=\"true\" class=\"fab fa-jira\"><\/i>\t\t\t\t\t\t<\/span>\n\t\t\t\t\t\t\t\t\t\t<span class=\"elementor-icon-list-text\">selo anual de holograma<\/span>\n\t\t\t\t\t\t\t\t\t<\/li>\n\t\t\t\t\t\t\t\t<li class=\"elementor-icon-list-item\">\n\t\t\t\t\t\t\t\t\t\t\t<span class=\"elementor-icon-list-icon\">\n\t\t\t\t\t\t\t<i aria-hidden=\"true\" class=\"fab fa-jira\"><\/i>\t\t\t\t\t\t<\/span>\n\t\t\t\t\t\t\t\t\t\t<span class=\"elementor-icon-list-text\">Formatar aprox. 5,83 polegadas x 8,27 polegadas<\/span>\n\t\t\t\t\t\t\t\t\t<\/li>\n\t\t\t\t\t\t<\/ul>\n\t\t\t\t\t\t<\/div>\n\t\t\t\t<\/div>\n\t\t\t\t\t<\/div>\n\t\t<\/div>\n\t\t\t\t\t<\/div>\n\t\t<\/section>\n\t\t\t\t\t<\/div>\n\t\t<\/div>\n\t\t\t\t\t<\/div>\n\t\t<\/section>\n\t\t\t\t<\/div>","protected":false},"excerpt":{"rendered":"<p>Como membro da EUPA, voc\u00ea receber\u00e1 uma identifica\u00e7\u00e3o de ve\u00edculo de imprensa certificado para o seu carro, juntamente com seu kit de imprensa VIP, sem nenhum custo adicional. A sinaliza\u00e7\u00e3o normalmente permite a utiliza\u00e7\u00e3o de \u00e1reas de estacionamento reservadas a profissionais de m\u00eddia, ao mesmo tempo que oferece in\u00fameras vantagens na busca di\u00e1ria por uma vaga para estacionar. Dirigir \u00e9 uma grande\u2026 <a title=\"ID do ve\u00edculo de imprensa da EUPA\" class=\"read-more\" href=\"https:\/\/eupa.uk\/pt\/vip-press-kit\/eupa-press-vehicle-id\/\" aria-label=\"Leia mais sobre EUPA Press Vehicle ID\">Leia mais<\/a><\/p>","protected":false},"author":1,"featured_media":0,"parent":3060,"menu_order":4,"comment_status":"closed","ping_status":"closed","template":"","meta":{"footnotes":""},"class_list":["post-3478","page","type-page","status-publish"],"_links":{"self":[{"href":"https:\/\/eupa.uk\/pt\/wp-json\/wp\/v2\/pages\/3478","targetHints":{"allow":["GET"]}}],"collection":[{"href":"https:\/\/eupa.uk\/pt\/wp-json\/wp\/v2\/pages"}],"about":[{"href":"https:\/\/eupa.uk\/pt\/wp-json\/wp\/v2\/types\/page"}],"author":[{"embeddable":true,"href":"https:\/\/eupa.uk\/pt\/wp-json\/wp\/v2\/users\/1"}],"replies":[{"embeddable":true,"href":"https:\/\/eupa.uk\/pt\/wp-json\/wp\/v2\/comments?post=3478"}],"version-history":[{"count":0,"href":"https:\/\/eupa.uk\/pt\/wp-json\/wp\/v2\/pages\/3478\/revisions"}],"up":[{"embeddable":true,"href":"https:\/\/eupa.uk\/pt\/wp-json\/wp\/v2\/pages\/3060"}],"wp:attachment":[{"href":"https:\/\/eupa.uk\/pt\/wp-json\/wp\/v2\/media?parent=3478"}],"curies":[{"name":"wp","href":"https:\/\/api.w.org\/{rel}","templated":true}]}}