{"id":3502,"date":"2021-03-20T16:42:39","date_gmt":"2021-03-20T16:42:39","guid":{"rendered":"https:\/\/eupa.agency\/?page_id=3502"},"modified":"2021-04-18T23:15:43","modified_gmt":"2021-04-18T23:15:43","slug":"membership","status":"publish","type":"page","link":"https:\/\/eupa.uk\/pt\/membership\/","title":{"rendered":"Associa\u00e7\u00e3o \u2013 Vis\u00e3o Geral"},"content":{"rendered":"<div data-elementor-type=\"wp-page\" data-elementor-id=\"3502\" class=\"elementor elementor-3502\" data-elementor-post-type=\"page\">\n\t\t\t\t\t\t<section class=\"elementor-section elementor-top-section elementor-element elementor-element-47fbbf86 elementor-section-boxed elementor-section-height-default elementor-section-height-default\" data-id=\"47fbbf86\" data-element_type=\"section\">\n\t\t\t\t\t\t<div class=\"elementor-container elementor-column-gap-default\">\n\t\t\t\t\t<div class=\"elementor-column elementor-col-100 elementor-top-column elementor-element elementor-element-549ba2f6\" data-id=\"549ba2f6\" data-element_type=\"column\">\n\t\t\t<div class=\"elementor-widget-wrap elementor-element-populated\">\n\t\t\t\t\t\t<div class=\"elementor-element elementor-element-63040804 elementor-widget elementor-widget-text-editor\" data-id=\"63040804\" data-element_type=\"widget\" data-widget_type=\"text-editor.default\">\n\t\t\t\t<div class=\"elementor-widget-container\">\n\t\t\t\t\t\t\t\t\t<p>Se procura um parceiro de confian\u00e7a que aceite a sua profiss\u00e3o como jornalista a tempo parcial ou a tempo inteiro e que lhe proporcione in\u00fameros benef\u00edcios e servi\u00e7os para o apoiar, veio ao lugar certo aqui na Ag\u00eancia Europeia de Imprensa (EUPA) . Cadastre-se online hoje mesmo ou envie sua inscri\u00e7\u00e3o pelo correio e veja como suas atividades profissionais ficar\u00e3o muito mais f\u00e1ceis em poucos dias.<\/p><p>Receber um Cart\u00e3o de Rep\u00f3rter pessoal, um passe de imprensa e a sua pr\u00f3pria identifica\u00e7\u00e3o de ve\u00edculo de imprensa s\u00e3o apenas alguns dos in\u00fameros benef\u00edcios que voc\u00ea desfruta como membro da EUPA, o que lhe permitir\u00e1 exercer seu trabalho jornal\u00edstico de acordo com os padr\u00f5es da ind\u00fastria. Em todo o mundo, representantes de organiza\u00e7\u00f5es de imprensa e meios de comunica\u00e7\u00e3o tradicionais podem aproveitar vantagens interessantes, que em breve tamb\u00e9m estar\u00e3o dispon\u00edveis para voc\u00ea.<\/p>\t\t\t\t\t\t\t\t<\/div>\n\t\t\t\t<\/div>\n\t\t\t\t<div class=\"elementor-element elementor-element-539e1795 elementor-widget elementor-widget-heading\" data-id=\"539e1795\" data-element_type=\"widget\" data-widget_type=\"heading.default\">\n\t\t\t\t<div class=\"elementor-widget-container\">\n\t\t\t\t\t<h2 class=\"elementor-heading-title elementor-size-default\">Os membros podem desfrutar de v\u00e1rios benef\u00edcios, como<\/h2>\t\t\t\t<\/div>\n\t\t\t\t<\/div>\n\t\t\t\t<div class=\"elementor-element elementor-element-38590ad0 elementor-icon-list--layout-traditional elementor-list-item-link-full_width elementor-widget elementor-widget-icon-list\" data-id=\"38590ad0\" data-element_type=\"widget\" data-widget_type=\"icon-list.default\">\n\t\t\t\t<div class=\"elementor-widget-container\">\n\t\t\t\t\t\t\t<ul class=\"elementor-icon-list-items\">\n\t\t\t\t\t\t\t<li class=\"elementor-icon-list-item\">\n\t\t\t\t\t\t\t\t\t\t\t<span class=\"elementor-icon-list-icon\">\n\t\t\t\t\t\t\t<i aria-hidden=\"true\" class=\"fas fa-check\"><\/i>\t\t\t\t\t\t<\/span>\n\t\t\t\t\t\t\t\t\t\t<span class=\"elementor-icon-list-text\">Descontos de m\u00eddia de grandes empresas, por exemplo, ao viajar, alugar um carro ou comprar um laptop ou c\u00e2mera...<\/span>\n\t\t\t\t\t\t\t\t\t<\/li>\n\t\t\t\t\t\t\t\t<li class=\"elementor-icon-list-item\">\n\t\t\t\t\t\t\t\t\t\t\t<span class=\"elementor-icon-list-icon\">\n\t\t\t\t\t\t\t<i aria-hidden=\"true\" class=\"fas fa-check\"><\/i>\t\t\t\t\t\t<\/span>\n\t\t\t\t\t\t\t\t\t\t<span class=\"elementor-icon-list-text\">Acesso a diversos eventos e feiras<\/span>\n\t\t\t\t\t\t\t\t\t<\/li>\n\t\t\t\t\t\t\t\t<li class=\"elementor-icon-list-item\">\n\t\t\t\t\t\t\t\t\t\t\t<span class=\"elementor-icon-list-icon\">\n\t\t\t\t\t\t\t<i aria-hidden=\"true\" class=\"fas fa-check\"><\/i>\t\t\t\t\t\t<\/span>\n\t\t\t\t\t\t\t\t\t\t<span class=\"elementor-icon-list-text\">Participa\u00e7\u00e3o em concursos publicados no nosso portal de v\u00eddeos e imagens<\/span>\n\t\t\t\t\t\t\t\t\t<\/li>\n\t\t\t\t\t\t\t\t<li class=\"elementor-icon-list-item\">\n\t\t\t\t\t\t\t\t\t\t\t<span class=\"elementor-icon-list-icon\">\n\t\t\t\t\t\t\t<i aria-hidden=\"true\" class=\"fas fa-check\"><\/i>\t\t\t\t\t\t<\/span>\n\t\t\t\t\t\t\t\t\t\t<span class=\"elementor-icon-list-text\">Aconselhamento gratuito sobre legisla\u00e7\u00e3o de m\u00eddia (em breve)<\/span>\n\t\t\t\t\t\t\t\t\t<\/li>\n\t\t\t\t\t\t\t\t<li class=\"elementor-icon-list-item\">\n\t\t\t\t\t\t\t\t\t\t\t<span class=\"elementor-icon-list-icon\">\n\t\t\t\t\t\t\t<i aria-hidden=\"true\" class=\"fas fa-check\"><\/i>\t\t\t\t\t\t<\/span>\n\t\t\t\t\t\t\t\t\t\t<span class=\"elementor-icon-list-text\">Voucher de not\u00edcias EUPA inclu\u00eddo: $20<\/span>\n\t\t\t\t\t\t\t\t\t<\/li>\n\t\t\t\t\t\t\t\t<li class=\"elementor-icon-list-item\">\n\t\t\t\t\t\t\t\t\t\t\t<span class=\"elementor-icon-list-icon\">\n\t\t\t\t\t\t\t<i aria-hidden=\"true\" class=\"fas fa-check\"><\/i>\t\t\t\t\t\t<\/span>\n\t\t\t\t\t\t\t\t\t\t<span class=\"elementor-icon-list-text\">Suporte 24 horas por dia, 7 dias por semana<\/span>\n\t\t\t\t\t\t\t\t\t<\/li>\n\t\t\t\t\t\t\t\t<li class=\"elementor-icon-list-item\">\n\t\t\t\t\t\t\t\t\t\t\t<span class=\"elementor-icon-list-icon\">\n\t\t\t\t\t\t\t<i aria-hidden=\"true\" class=\"fas fa-check\"><\/i>\t\t\t\t\t\t<\/span>\n\t\t\t\t\t\t\t\t\t\t<span class=\"elementor-icon-list-text\">Newsletter com informa\u00e7\u00f5es sobre atividades e promo\u00e7\u00f5es exclusivas para membros<\/span>\n\t\t\t\t\t\t\t\t\t<\/li>\n\t\t\t\t\t\t<\/ul>\n\t\t\t\t\t\t<\/div>\n\t\t\t\t<\/div>\n\t\t\t\t<div class=\"elementor-element elementor-element-3bb24888 elementor-widget elementor-widget-text-editor\" data-id=\"3bb24888\" data-element_type=\"widget\" data-widget_type=\"text-editor.default\">\n\t\t\t\t<div class=\"elementor-widget-container\">\n\t\t\t\t\t\t\t\t\t<p>Ap\u00f3s concluir seu registro, voc\u00ea receber\u00e1 uma confirma\u00e7\u00e3o preliminar nossa, permitindo que voc\u00ea pague sua taxa de registro via cart\u00e3o de cr\u00e9dito ou PayPal. Sua associa\u00e7\u00e3o preliminar ser\u00e1 atualizada para associa\u00e7\u00e3o plena assim que a taxa de registro e a taxa anual proporcional para o ano civil atual forem recebidas. Assim que recebermos o dinheiro, enviaremos pelo correio seu cart\u00e3o de imprensa, seu documento de identifica\u00e7\u00e3o do ve\u00edculo de imprensa e seu Cart\u00e3o de Rep\u00f3rter. Suas informa\u00e7\u00f5es pessoais de login para nossa \u00e1rea de login ser\u00e3o enviadas a voc\u00ea por e-mail. Naturalmente, trataremos suas informa\u00e7\u00f5es cadastrais com confidencialidade e n\u00e3o repassaremos quaisquer dados a terceiros. Ao concluir seu registro, voc\u00ea concorda com as diretrizes da USPA, que podem ser revisadas aqui.<\/p>\t\t\t\t\t\t\t\t<\/div>\n\t\t\t\t<\/div>\n\t\t\t\t<div class=\"elementor-element elementor-element-565af590 elementor-widget elementor-widget-heading\" data-id=\"565af590\" data-element_type=\"widget\" data-widget_type=\"heading.default\">\n\t\t\t\t<div class=\"elementor-widget-container\">\n\t\t\t\t\t<h2 class=\"elementor-heading-title elementor-size-default\">Resumo das taxas de ades\u00e3o<\/h2>\t\t\t\t<\/div>\n\t\t\t\t<\/div>\n\t\t\t\t<div class=\"elementor-element elementor-element-aafab25 elementor-widget elementor-widget-text-editor\" data-id=\"aafab25\" data-element_type=\"widget\" data-widget_type=\"text-editor.default\">\n\t\t\t\t<div class=\"elementor-widget-container\">\n\t\t\t\t\t\t\t\t\tA ades\u00e3o \u00e0 EUPA inclui passe de imprensa internacional, identifica\u00e7\u00e3o de ve\u00edculo de imprensa, carta pessoal de credenciamento e cart\u00e3o de rep\u00f3rter. \t\t\t\t\t\t\t\t<\/div>\n\t\t\t\t<\/div>\n\t\t\t\t<div class=\"elementor-element elementor-element-3d30ddde elementor-icon-list--layout-traditional elementor-list-item-link-full_width elementor-widget elementor-widget-icon-list\" data-id=\"3d30ddde\" data-element_type=\"widget\" data-widget_type=\"icon-list.default\">\n\t\t\t\t<div class=\"elementor-widget-container\">\n\t\t\t\t\t\t\t<ul class=\"elementor-icon-list-items\">\n\t\t\t\t\t\t\t<li class=\"elementor-icon-list-item\">\n\t\t\t\t\t\t\t\t\t\t\t<span class=\"elementor-icon-list-icon\">\n\t\t\t\t\t\t\t<i aria-hidden=\"true\" class=\"fas fa-check\"><\/i>\t\t\t\t\t\t<\/span>\n\t\t\t\t\t\t\t\t\t\t<span class=\"elementor-icon-list-text\">Taxa \u00fanica de inscri\u00e7\u00e3o:<\/span>\n\t\t\t\t\t\t\t\t\t<\/li>\n\t\t\t\t\t\t\t\t<li class=\"elementor-icon-list-item\">\n\t\t\t\t\t\t\t\t\t\t\t<span class=\"elementor-icon-list-icon\">\n\t\t\t\t\t\t\t<i aria-hidden=\"true\" class=\"fas fa-check\"><\/i>\t\t\t\t\t\t<\/span>\n\t\t\t\t\t\t\t\t\t\t<span class=\"elementor-icon-list-text\">Taxa anual de ades\u00e3o:<\/span>\n\t\t\t\t\t\t\t\t\t<\/li>\n\t\t\t\t\t\t<\/ul>\n\t\t\t\t\t\t<\/div>\n\t\t\t\t<\/div>\n\t\t\t\t<div class=\"elementor-element elementor-element-8ea242b elementor-widget elementor-widget-text-editor\" data-id=\"8ea242b\" data-element_type=\"widget\" data-widget_type=\"text-editor.default\">\n\t\t\t\t<div class=\"elementor-widget-container\">\n\t\t\t\t\t\t\t\t\tDependendo do momento da inscri\u00e7\u00e3o, a taxa anual de ades\u00e3o ser\u00e1 rateada.\t\t\t\t\t\t\t\t<\/div>\n\t\t\t\t<\/div>\n\t\t\t\t\t<\/div>\n\t\t<\/div>\n\t\t\t\t\t<\/div>\n\t\t<\/section>\n\t\t\t\t<\/div>","protected":false},"excerpt":{"rendered":"<p>Se procura um parceiro de confian\u00e7a que aceite a sua profiss\u00e3o como jornalista a tempo parcial ou a tempo inteiro e que lhe proporcione in\u00fameros benef\u00edcios e servi\u00e7os para o apoiar, veio ao lugar certo aqui na Ag\u00eancia Europeia de Imprensa (EUPA) . Cadastre-se online hoje mesmo ou envie sua inscri\u00e7\u00e3o por correio e veja como seu profissional\u2026 <a title=\"Associa\u00e7\u00e3o \u2013 Vis\u00e3o Geral\" class=\"read-more\" href=\"https:\/\/eupa.uk\/pt\/membership\/\" aria-label=\"Leia mais sobre Membros \u2013 Vis\u00e3o geral\">Leia mais<\/a><\/p>","protected":false},"author":1,"featured_media":0,"parent":0,"menu_order":3,"comment_status":"closed","ping_status":"closed","template":"","meta":{"footnotes":""},"class_list":["post-3502","page","type-page","status-publish"],"_links":{"self":[{"href":"https:\/\/eupa.uk\/pt\/wp-json\/wp\/v2\/pages\/3502","targetHints":{"allow":["GET"]}}],"collection":[{"href":"https:\/\/eupa.uk\/pt\/wp-json\/wp\/v2\/pages"}],"about":[{"href":"https:\/\/eupa.uk\/pt\/wp-json\/wp\/v2\/types\/page"}],"author":[{"embeddable":true,"href":"https:\/\/eupa.uk\/pt\/wp-json\/wp\/v2\/users\/1"}],"replies":[{"embeddable":true,"href":"https:\/\/eupa.uk\/pt\/wp-json\/wp\/v2\/comments?post=3502"}],"version-history":[{"count":0,"href":"https:\/\/eupa.uk\/pt\/wp-json\/wp\/v2\/pages\/3502\/revisions"}],"wp:attachment":[{"href":"https:\/\/eupa.uk\/pt\/wp-json\/wp\/v2\/media?parent=3502"}],"curies":[{"name":"wp","href":"https:\/\/api.w.org\/{rel}","templated":true}]}}