{"id":3513,"date":"2021-03-20T16:52:19","date_gmt":"2021-03-20T16:52:19","guid":{"rendered":"https:\/\/eupa.agency\/?page_id=3513"},"modified":"2022-03-10T10:30:25","modified_gmt":"2022-03-10T10:30:25","slug":"membership-fees-at-a-glance","status":"publish","type":"page","link":"https:\/\/eupa.uk\/pt\/membership\/membership-fees-at-a-glance\/","title":{"rendered":"Resumo das taxas de ades\u00e3o"},"content":{"rendered":"<div data-elementor-type=\"wp-page\" data-elementor-id=\"3513\" class=\"elementor elementor-3513\" data-elementor-post-type=\"page\">\n\t\t\t\t\t\t<section class=\"elementor-section elementor-top-section elementor-element elementor-element-da61e25 elementor-section-boxed elementor-section-height-default elementor-section-height-default\" data-id=\"da61e25\" data-element_type=\"section\">\n\t\t\t\t\t\t<div class=\"elementor-container elementor-column-gap-default\">\n\t\t\t\t\t<div class=\"elementor-column elementor-col-100 elementor-top-column elementor-element elementor-element-6b50ea18\" data-id=\"6b50ea18\" data-element_type=\"column\">\n\t\t\t<div class=\"elementor-widget-wrap elementor-element-populated\">\n\t\t\t\t\t\t<div class=\"elementor-element elementor-element-4361b7e5 elementor-widget elementor-widget-text-editor\" data-id=\"4361b7e5\" data-element_type=\"widget\" data-widget_type=\"text-editor.default\">\n\t\t\t\t<div class=\"elementor-widget-container\">\n\t\t\t\t\t\t\t\t\t<p>A ades\u00e3o \u00e0 EUPA oferece-lhe a nossa <strong><a href=\"https:\/\/eupa.uk\/pt\/vip-press-kit\/\">Kit de imprensa VIP<\/a><\/strong> gratuitamente, uma conta em nossa comercializa\u00e7\u00e3o <strong><a href=\"https:\/\/eupa.store\" target=\"_blank\" rel=\"noopener\">plataforma<\/a><\/strong> sem custos adicionais e conceder-lhe acesso a todos os nossos servi\u00e7os, incluindo ajuda jur\u00eddica se seus direitos forem amea\u00e7ados ou negados e assist\u00eancia se voc\u00ea for impedido de realizar seu trabalho ou pesquisas na \u00e1rea.<\/p>\t\t\t\t\t\t\t\t<\/div>\n\t\t\t\t<\/div>\n\t\t\t\t<div class=\"elementor-element elementor-element-6aa45b69 elementor-widget elementor-widget-shortcode\" data-id=\"6aa45b69\" data-element_type=\"widget\" data-widget_type=\"shortcode.default\">\n\t\t\t\t<div class=\"elementor-widget-container\">\n\t\t\t\t\t\t\t<div class=\"elementor-shortcode\">\n<table id=\"tablepress-1\" class=\"tablepress tablepress-id-1\">\n<thead>\n<tr class=\"row-1\">\n\t<th class=\"column-1\">Associa\u00e7\u00e3o - profissional da ind\u00fastria de m\u00eddia<\/th><th class=\"column-2\"><center>Custos em euros<\/center><\/th>\n<\/tr>\n<\/thead>\n<tbody class=\"row-striping row-hover\">\n<tr class=\"row-2\">\n\t<td class=\"column-1\"><strong>Acredita\u00e7\u00e3o<\/strong><br \/>\n<span class=\"table-des\">taxa fixa \u00fanica<\/span><\/td><td class=\"column-2\"><center>108,00 euros<\/center><\/td>\n<\/tr>\n<tr class=\"row-3\">\n\t<td class=\"column-1\"><strong>Taxa anual de servi\u00e7o proporcional ao ano de registro<\/strong><br \/>\n<\/td><td class=\"column-2\"><center>48,00 EUR - rateado<\/center><\/td>\n<\/tr>\n<tr class=\"row-4\">\n\t<td class=\"column-1\"><strong>Taxa de servi\u00e7o anual a partir do segundo ano civil (ano seguinte)<\/strong><\/td><td class=\"column-2\"><center>48,00 euros<\/center><\/td>\n<\/tr>\n<tr class=\"row-5\">\n\t<td class=\"column-1\"><strong>Kit de imprensa VIP incluindo passe de imprensa, cart\u00e3o de identifica\u00e7\u00e3o de imprensa, carta de credenciamento e identifica\u00e7\u00e3o de ve\u00edculo de imprensa<\/strong><br \/>\n<span class=\"table-des\">j\u00e1 inclu\u00eddo na taxa de ades\u00e3o<\/span><\/td><td class=\"column-2\"><center>0,00 euros<\/center><\/td>\n<\/tr>\n<tr class=\"row-6\">\n\t<td class=\"column-1\"><strong>Conta na nossa plataforma de comercializa\u00e7\u00e3o <a href=\"https:\/\/www.eupa.store\" target=\"_blank\" rel=\"noopener\">www.eupa.store<\/a><\/strong><br \/>\n<span class=\"table-des\">j\u00e1 inclu\u00eddo na taxa de ades\u00e3o<\/span><\/td><td class=\"column-2\"><center>0,00 euros<\/center><\/td>\n<\/tr>\n<tr class=\"row-7\">\n\t<td class=\"column-1\"><strong>Consultoria e assist\u00eancia jur\u00eddica da EUPA<\/strong><br \/>\n<span class=\"table-des\">j\u00e1 inclu\u00eddo na taxa de ades\u00e3o<\/span><\/td><td class=\"column-2\"><center>0,00 euros<\/center><\/td>\n<\/tr>\n<\/tbody>\n<\/table>\n<!-- #tablepress-1 from cache --><\/div>\n\t\t\t\t\t\t<\/div>\n\t\t\t\t<\/div>\n\t\t\t\t<div class=\"elementor-element elementor-element-7f53da71 elementor-widget-divider--view-line elementor-widget elementor-widget-divider\" data-id=\"7f53da71\" data-element_type=\"widget\" data-widget_type=\"divider.default\">\n\t\t\t\t<div class=\"elementor-widget-container\">\n\t\t\t\t\t\t\t<div class=\"elementor-divider\">\n\t\t\t<span class=\"elementor-divider-separator\">\n\t\t\t\t\t\t<\/span>\n\t\t<\/div>\n\t\t\t\t\t\t<\/div>\n\t\t\t\t<\/div>\n\t\t\t\t\t<\/div>\n\t\t<\/div>\n\t\t\t\t\t<\/div>\n\t\t<\/section>\n\t\t\t\t<section class=\"elementor-section elementor-top-section elementor-element elementor-element-d10631a elementor-section-content-middle elementor-section-stretched elementor-section-boxed elementor-section-height-default elementor-section-height-default\" data-id=\"d10631a\" data-element_type=\"section\" data-settings=\"{&quot;background_background&quot;:&quot;classic&quot;,&quot;stretch_section&quot;:&quot;section-stretched&quot;}\">\n\t\t\t\t\t\t<div class=\"elementor-container elementor-column-gap-default\">\n\t\t\t\t\t<div class=\"elementor-column elementor-col-33 elementor-top-column elementor-element elementor-element-7425d88\" data-id=\"7425d88\" data-element_type=\"column\">\n\t\t\t<div class=\"elementor-widget-wrap elementor-element-populated\">\n\t\t\t\t\t\t<div class=\"elementor-element elementor-element-a7ad434 elementor-widget elementor-widget-heading\" data-id=\"a7ad434\" data-element_type=\"widget\" data-widget_type=\"heading.default\">\n\t\t\t\t<div class=\"elementor-widget-container\">\n\t\t\t\t\t<h2 class=\"elementor-heading-title elementor-size-default\">TAXAS PRORATIVADAS<\/h2>\t\t\t\t<\/div>\n\t\t\t\t<\/div>\n\t\t\t\t<div class=\"elementor-element elementor-element-7ffba03 elementor-widget elementor-widget-text-editor\" data-id=\"7ffba03\" data-element_type=\"widget\" data-widget_type=\"text-editor.default\">\n\t\t\t\t<div class=\"elementor-widget-container\">\n\t\t\t\t\t\t\t\t\t<strong>Um Kit de Imprensa \u00e9 v\u00e1lido apenas por um ano civil, raz\u00e3o pela qual a nossa taxa anual se aplica sempre ao ano em curso. Portanto, sua taxa de ades\u00e3o \u00e9 rateada. N\u00e3o importa quando voc\u00ea se inscreve, voc\u00ea paga apenas pelos meses restantes daquele ano.<\/strong>\n\nExemplo:\n<ul>\n \t<li>Inscreva-se em fevereiro: apenas 44,00 EUR (em vez de 48,00 EUR)<\/li>\n \t<li>Inscreva-se em maio: apenas 32,00 EUR (em vez de 48,00 EUR)<\/li>\n \t<li>Inscreva-se em setembro: apenas 16,00 EUR (em vez de 48,00 EUR)<\/li>\n<\/ul>\t\t\t\t\t\t\t\t<\/div>\n\t\t\t\t<\/div>\n\t\t\t\t\t<\/div>\n\t\t<\/div>\n\t\t\t\t<div class=\"elementor-column elementor-col-33 elementor-top-column elementor-element elementor-element-92d2db0\" data-id=\"92d2db0\" data-element_type=\"column\">\n\t\t\t<div class=\"elementor-widget-wrap elementor-element-populated\">\n\t\t\t\t\t\t<div class=\"elementor-element elementor-element-ce781ac elementor-widget elementor-widget-heading\" data-id=\"ce781ac\" data-element_type=\"widget\" data-widget_type=\"heading.default\">\n\t\t\t\t<div class=\"elementor-widget-container\">\n\t\t\t\t\t<h2 class=\"elementor-heading-title elementor-size-default\">TAXA DE ACREDITA\u00c7\u00c3O<\/h2>\t\t\t\t<\/div>\n\t\t\t\t<\/div>\n\t\t\t\t<div class=\"elementor-element elementor-element-63c90a0 elementor-widget elementor-widget-text-editor\" data-id=\"63c90a0\" data-element_type=\"widget\" data-widget_type=\"text-editor.default\">\n\t\t\t\t<div class=\"elementor-widget-container\">\n\t\t\t\t\t\t\t\t\t<ul><li>Esta taxa \u00e9 sempre cobrada integralmente, independente do m\u00eas de inscri\u00e7\u00e3o, e n\u00e3o \u00e9 reembols\u00e1vel.<\/li><li>Inclui um estudo do seu trabalho e lhe d\u00e1 acesso a todos os nossos benef\u00edcios e servi\u00e7os.<\/li><li>Ajuda-nos a cobrir uma parte dos nossos custos de ag\u00eancia, como, por exemplo, os custos de concep\u00e7\u00e3o e envio do seu Press Kit.<\/li><li>Se voc\u00ea tiver alguma d\u00favida sobre sua capacidade de se tornar um de nossos membros estimados e temer que seu registro n\u00e3o seja aceito, n\u00e3o hesite em <a href=\"https:\/\/eupa.uk\/pt\/contact\/\">Contate-nos<\/a> antes de preencher nosso <a href=\"https:\/\/eupa.store\/register\" target=\"_blank\" rel=\"noopener\">formul\u00e1rio de aplica\u00e7\u00e3o<\/a>.<\/li><\/ul>\t\t\t\t\t\t\t\t<\/div>\n\t\t\t\t<\/div>\n\t\t\t\t\t<\/div>\n\t\t<\/div>\n\t\t\t\t<div class=\"elementor-column elementor-col-33 elementor-top-column elementor-element elementor-element-94cf9a8\" data-id=\"94cf9a8\" data-element_type=\"column\">\n\t\t\t<div class=\"elementor-widget-wrap elementor-element-populated\">\n\t\t\t\t\t\t<div class=\"elementor-element elementor-element-29f1caa elementor-widget elementor-widget-heading\" data-id=\"29f1caa\" data-element_type=\"widget\" data-widget_type=\"heading.default\">\n\t\t\t\t<div class=\"elementor-widget-container\">\n\t\t\t\t\t<h2 class=\"elementor-heading-title elementor-size-default\">ANOS SUBSEQUENTES<\/h2>\t\t\t\t<\/div>\n\t\t\t\t<\/div>\n\t\t\t\t<div class=\"elementor-element elementor-element-71e19d8 elementor-widget elementor-widget-text-editor\" data-id=\"71e19d8\" data-element_type=\"widget\" data-widget_type=\"text-editor.default\">\n\t\t\t\t<div class=\"elementor-widget-container\">\n\t\t\t\t\t\t\t\t\t<ul>\n \t<li>Os elementos do seu Press Kit s\u00e3o renovados todos os anos, uma vez que estas credenciais s\u00e3o v\u00e1lidas apenas para o ano civil em curso.<\/li>\n \t<li>A taxa de renova\u00e7\u00e3o custa 48,00 EUR por ano e ser\u00e1 cobrada automaticamente no cart\u00e3o de cr\u00e9dito que utilizou para subscrever (consulte o nosso <a href=\"https:\/\/eupa.uk\/pt\/rules\/terms-and-conditions\/\">Termos e Condi\u00e7\u00f5es<\/a>).<\/li>\n \t<li>No caso altamente improv\u00e1vel de decidir desistir da sua ades\u00e3o \u00e0 EUPA, pode cancelar a subscri\u00e7\u00e3o at\u00e9 24 horas antes da sua renova\u00e7\u00e3o autom\u00e1tica, ligando para <a href=\"https:\/\/eupa.uk\/pt\/contact\/\">entrando em contato conosco<\/a>.<\/li>\n<\/ul>\t\t\t\t\t\t\t\t<\/div>\n\t\t\t\t<\/div>\n\t\t\t\t\t<\/div>\n\t\t<\/div>\n\t\t\t\t\t<\/div>\n\t\t<\/section>\n\t\t\t\t<\/div>","protected":false},"excerpt":{"rendered":"<p>A ades\u00e3o \u00e0 EUPA oferece-lhe gratuitamente o nosso Kit de Imprensa VIP, uma conta na nossa plataforma de comercializa\u00e7\u00e3o sem custos adicionais e concede-lhe acesso a todos os nossos servi\u00e7os, incluindo ajuda jur\u00eddica se os seus direitos forem amea\u00e7ados ou negados e assist\u00eancia se for impedido de realizar o seu trabalho ou pesquisas na \u00e1rea. TAXAS PRORATIVADAS\u2026 <a title=\"Resumo das taxas de ades\u00e3o\" class=\"read-more\" href=\"https:\/\/eupa.uk\/pt\/membership\/membership-fees-at-a-glance\/\" aria-label=\"Leia mais sobre Resumo das taxas de ades\u00e3o\">Leia mais<\/a><\/p>","protected":false},"author":1,"featured_media":0,"parent":3502,"menu_order":1,"comment_status":"closed","ping_status":"closed","template":"","meta":{"footnotes":""},"class_list":["post-3513","page","type-page","status-publish"],"_links":{"self":[{"href":"https:\/\/eupa.uk\/pt\/wp-json\/wp\/v2\/pages\/3513","targetHints":{"allow":["GET"]}}],"collection":[{"href":"https:\/\/eupa.uk\/pt\/wp-json\/wp\/v2\/pages"}],"about":[{"href":"https:\/\/eupa.uk\/pt\/wp-json\/wp\/v2\/types\/page"}],"author":[{"embeddable":true,"href":"https:\/\/eupa.uk\/pt\/wp-json\/wp\/v2\/users\/1"}],"replies":[{"embeddable":true,"href":"https:\/\/eupa.uk\/pt\/wp-json\/wp\/v2\/comments?post=3513"}],"version-history":[{"count":0,"href":"https:\/\/eupa.uk\/pt\/wp-json\/wp\/v2\/pages\/3513\/revisions"}],"up":[{"embeddable":true,"href":"https:\/\/eupa.uk\/pt\/wp-json\/wp\/v2\/pages\/3502"}],"wp:attachment":[{"href":"https:\/\/eupa.uk\/pt\/wp-json\/wp\/v2\/media?parent=3513"}],"curies":[{"name":"wp","href":"https:\/\/api.w.org\/{rel}","templated":true}]}}