{"id":3537,"date":"2021-03-20T17:21:50","date_gmt":"2021-03-20T17:21:50","guid":{"rendered":"https:\/\/eupa.agency\/?page_id=3537"},"modified":"2021-04-18T23:27:37","modified_gmt":"2021-04-18T23:27:37","slug":"reporter","status":"publish","type":"page","link":"https:\/\/eupa.uk\/pt\/membership\/reporter\/","title":{"rendered":"Rep\u00f3rter de not\u00edcias da EUPA"},"content":{"rendered":"<div data-elementor-type=\"wp-page\" data-elementor-id=\"3537\" class=\"elementor elementor-3537\" data-elementor-post-type=\"page\">\n\t\t\t\t\t\t<section class=\"elementor-section elementor-top-section elementor-element elementor-element-76fcad4b elementor-section-boxed elementor-section-height-default elementor-section-height-default\" data-id=\"76fcad4b\" data-element_type=\"section\">\n\t\t\t\t\t\t<div class=\"elementor-container elementor-column-gap-default\">\n\t\t\t\t\t<div class=\"elementor-column elementor-col-100 elementor-top-column elementor-element elementor-element-6815955c\" data-id=\"6815955c\" data-element_type=\"column\">\n\t\t\t<div class=\"elementor-widget-wrap elementor-element-populated\">\n\t\t\t\t\t\t<div class=\"elementor-element elementor-element-1f687f92 elementor-widget elementor-widget-text-editor\" data-id=\"1f687f92\" data-element_type=\"widget\" data-widget_type=\"text-editor.default\">\n\t\t\t\t<div class=\"elementor-widget-container\">\n\t\t\t\t\t\t\t\t\t<p>Os jornalistas a tempo inteiro e a tempo parcial muitas vezes sonham com o seu pr\u00f3prio ritmo, que torna a apresenta\u00e7\u00e3o profissional do conte\u00fado editorial numa quest\u00e3o de minutos, ao mesmo tempo que lhes permite chegar a potenciais editores de todos os sectores dos meios de comunica\u00e7\u00e3o. O sistema editorial EUPA News permite-lhe divulgar a sua produ\u00e7\u00e3o jornal\u00edstica a um p\u00fablico significativamente mais vasto e, portanto, n\u00e3o atrai apenas jornalistas independentes. Quer pretenda mergulhar no mundo das celebridades como rep\u00f3rter de moda ou escrever artigos significativos sobre a sua regi\u00e3o \u2013 o sistema editorial EUPA News torna o seu trabalho como rep\u00f3rter muito mais f\u00e1cil e permite a publica\u00e7\u00e3o num subdom\u00ednio livremente selecion\u00e1vel.<\/p>\t\t\t\t\t\t\t\t<\/div>\n\t\t\t\t<\/div>\n\t\t\t\t\t<\/div>\n\t\t<\/div>\n\t\t\t\t\t<\/div>\n\t\t<\/section>\n\t\t\t\t<\/div>","protected":false},"excerpt":{"rendered":"<p>Os jornalistas a tempo inteiro e a tempo parcial muitas vezes sonham com o seu pr\u00f3prio ritmo, que torna a apresenta\u00e7\u00e3o profissional do conte\u00fado editorial numa quest\u00e3o de minutos, ao mesmo tempo que lhes permite chegar a potenciais editores de todos os sectores dos meios de comunica\u00e7\u00e3o. O sistema editorial EUPA News permite-lhe divulgar a sua produ\u00e7\u00e3o jornal\u00edstica a um p\u00fablico significativamente mais vasto e, assim, apela n\u00e3o s\u00f3\u2026 <a title=\"Rep\u00f3rter de not\u00edcias da EUPA\" class=\"read-more\" href=\"https:\/\/eupa.uk\/pt\/membership\/reporter\/\" aria-label=\"Leia mais sobre EUPA News Reporter\">Leia mais<\/a><\/p>","protected":false},"author":1,"featured_media":0,"parent":3502,"menu_order":3,"comment_status":"closed","ping_status":"closed","template":"","meta":{"footnotes":""},"class_list":["post-3537","page","type-page","status-publish"],"_links":{"self":[{"href":"https:\/\/eupa.uk\/pt\/wp-json\/wp\/v2\/pages\/3537","targetHints":{"allow":["GET"]}}],"collection":[{"href":"https:\/\/eupa.uk\/pt\/wp-json\/wp\/v2\/pages"}],"about":[{"href":"https:\/\/eupa.uk\/pt\/wp-json\/wp\/v2\/types\/page"}],"author":[{"embeddable":true,"href":"https:\/\/eupa.uk\/pt\/wp-json\/wp\/v2\/users\/1"}],"replies":[{"embeddable":true,"href":"https:\/\/eupa.uk\/pt\/wp-json\/wp\/v2\/comments?post=3537"}],"version-history":[{"count":0,"href":"https:\/\/eupa.uk\/pt\/wp-json\/wp\/v2\/pages\/3537\/revisions"}],"up":[{"embeddable":true,"href":"https:\/\/eupa.uk\/pt\/wp-json\/wp\/v2\/pages\/3502"}],"wp:attachment":[{"href":"https:\/\/eupa.uk\/pt\/wp-json\/wp\/v2\/media?parent=3537"}],"curies":[{"name":"wp","href":"https:\/\/api.w.org\/{rel}","templated":true}]}}