{"id":3543,"date":"2021-03-20T17:39:38","date_gmt":"2021-03-20T17:39:38","guid":{"rendered":"https:\/\/eupa.agency\/?page_id=3543"},"modified":"2022-03-10T11:15:55","modified_gmt":"2022-03-10T11:15:55","slug":"earning-money-with-eupa-news","status":"publish","type":"page","link":"https:\/\/eupa.uk\/pt\/membership\/earning-money-with-eupa-news\/","title":{"rendered":"Ganhar dinheiro com a loja EUPA"},"content":{"rendered":"<div data-elementor-type=\"wp-page\" data-elementor-id=\"3543\" class=\"elementor elementor-3543\" data-elementor-post-type=\"page\">\n\t\t\t\t\t\t<section class=\"elementor-section elementor-top-section elementor-element elementor-element-5f008e0d elementor-section-boxed elementor-section-height-default elementor-section-height-default\" data-id=\"5f008e0d\" data-element_type=\"section\">\n\t\t\t\t\t\t<div class=\"elementor-container elementor-column-gap-default\">\n\t\t\t\t\t<div class=\"elementor-column elementor-col-100 elementor-top-column elementor-element elementor-element-5cf77bea\" data-id=\"5cf77bea\" data-element_type=\"column\">\n\t\t\t<div class=\"elementor-widget-wrap elementor-element-populated\">\n\t\t\t\t\t\t<div class=\"elementor-element elementor-element-5be23319 elementor-widget elementor-widget-text-editor\" data-id=\"5be23319\" data-element_type=\"widget\" data-widget_type=\"text-editor.default\">\n\t\t\t\t<div class=\"elementor-widget-container\">\n\t\t\t\t\t\t\t\t\tA EUPA facilita aos profissionais da comunica\u00e7\u00e3o social e aos jornalistas independentes a publica\u00e7\u00e3o do seu trabalho, como fotos, not\u00edcias, reportagens de investiga\u00e7\u00e3o, hist\u00f3rias, reportagens, entrevistas, informa\u00e7\u00f5es sobre feiras e eventos, etc.\t\t\t\t\t\t\t\t<\/div>\n\t\t\t\t<\/div>\n\t\t\t\t<div class=\"elementor-element elementor-element-2c6d6362 elementor-widget-divider--view-line elementor-widget elementor-widget-divider\" data-id=\"2c6d6362\" data-element_type=\"widget\" data-widget_type=\"divider.default\">\n\t\t\t\t<div class=\"elementor-widget-container\">\n\t\t\t\t\t\t\t<div class=\"elementor-divider\">\n\t\t\t<span class=\"elementor-divider-separator\">\n\t\t\t\t\t\t<\/span>\n\t\t<\/div>\n\t\t\t\t\t\t<\/div>\n\t\t\t\t<\/div>\n\t\t\t\t<div class=\"elementor-element elementor-element-7b614cb6 elementor-widget elementor-widget-heading\" data-id=\"7b614cb6\" data-element_type=\"widget\" data-widget_type=\"heading.default\">\n\t\t\t\t<div class=\"elementor-widget-container\">\n\t\t\t\t\t<h2 class=\"elementor-heading-title elementor-size-default\">Ferramenta inestim\u00e1vel<\/h2>\t\t\t\t<\/div>\n\t\t\t\t<\/div>\n\t\t\t\t<div class=\"elementor-element elementor-element-7ba971af elementor-widget elementor-widget-text-editor\" data-id=\"7ba971af\" data-element_type=\"widget\" data-widget_type=\"text-editor.default\">\n\t\t\t\t<div class=\"elementor-widget-container\">\n\t\t\t\t\t\t\t\t\t<p>EUPA oferece uma plataforma \u2013 <a href=\"https:\/\/eupa.store\" target=\"_blank\" rel=\"noopener\">EUPA.STORE<\/a> \u2013 que permite criar um portf\u00f3lio online do seu trabalho. Voc\u00ea \u00e9 o propriet\u00e1rio da conta, o que significa que sempre ter\u00e1 acesso direto ao seu conte\u00fado. Publique reportagens, fotos e v\u00eddeos sem demora e disponibilize-os para download. Um carimbo de data\/hora ser\u00e1 adicionado como prova de publica\u00e7\u00e3o.<\/p><p>Se voc\u00ea adora escrever, est\u00e1 interessado em assuntos interessantes e gostaria de aumentar seu n\u00famero de leitores, nossos portais de not\u00edcias oferecem uma maneira simples de complementar sua renda. Mas isso n\u00e3o \u00e9 tudo. <a href=\"https:\/\/eupa.store\" target=\"_blank\" rel=\"noopener\">EUPA.STORE<\/a> pode ajud\u00e1-lo a aumentar o reconhecimento do seu nome online. Tamb\u00e9m oferecemos benef\u00edcios especiais para fot\u00f3grafos (de imprensa).<\/p><p>O foco principal <a href=\"https:\/\/eupa.store\" target=\"_blank\" rel=\"noopener\">EUPA.STORE<\/a> s\u00e3o t\u00f3picos de interesse especial e promo\u00e7\u00f5es da web. Isso inclui not\u00edcias das \u00e1reas de esporte, m\u00fasica, pol\u00edtica, artes pl\u00e1sticas, interesse geral, etc.<\/p>\t\t\t\t\t\t\t\t<\/div>\n\t\t\t\t<\/div>\n\t\t\t\t<div class=\"elementor-element elementor-element-5e3b6f0c elementor-widget elementor-widget-heading\" data-id=\"5e3b6f0c\" data-element_type=\"widget\" data-widget_type=\"heading.default\">\n\t\t\t\t<div class=\"elementor-widget-container\">\n\t\t\t\t\t<h2 class=\"elementor-heading-title elementor-size-default\">Use nossos portais de not\u00edcias para encontrar clientes<\/h2>\t\t\t\t<\/div>\n\t\t\t\t<\/div>\n\t\t\t\t<div class=\"elementor-element elementor-element-848a642 elementor-widget elementor-widget-text-editor\" data-id=\"848a642\" data-element_type=\"widget\" data-widget_type=\"text-editor.default\">\n\t\t\t\t<div class=\"elementor-widget-container\">\n\t\t\t\t\t\t\t\t\t<p><a href=\"https:\/\/eupa.store\" target=\"_blank\" rel=\"noopener\">EUPA.STORE<\/a> conecta sistematicamente jornalistas com leitores, editores e l\u00edderes empresariais. Tudo isso sem lealdade a quaisquer organiza\u00e7\u00f5es comerciais ou terceiros, garantindo assim uma cobertura jornal\u00edstica imparcial, independente e objetiva.<\/p>\t\t\t\t\t\t\t\t<\/div>\n\t\t\t\t<\/div>\n\t\t\t\t<div class=\"elementor-element elementor-element-6256dd95 elementor-widget elementor-widget-heading\" data-id=\"6256dd95\" data-element_type=\"widget\" data-widget_type=\"heading.default\">\n\t\t\t\t<div class=\"elementor-widget-container\">\n\t\t\t\t\t<h2 class=\"elementor-heading-title elementor-size-default\">Quanto posso ganhar?<\/h2>\t\t\t\t<\/div>\n\t\t\t\t<\/div>\n\t\t\t\t<div class=\"elementor-element elementor-element-574fab3f elementor-widget elementor-widget-text-editor\" data-id=\"574fab3f\" data-element_type=\"widget\" data-widget_type=\"text-editor.default\">\n\t\t\t\t<div class=\"elementor-widget-container\">\n\t\t\t\t\t\t\t\t\t<p>Isso depende de muitos fatores, especialmente do n\u00famero de artigos ou fotos que voc\u00ea envia. Quanto mais voc\u00ea publicar, maior ser\u00e1 sua receita potencial. Voc\u00ea ganhar\u00e1 dinheiro com an\u00fancios inseridos em seus artigos. Tudo o que voc\u00ea precisa saber sobre oportunidades de renda para contribuintes pode ser encontrado aqui: <a href=\"#\" target=\"_blank\" rel=\"noopener\">Ganhar dinheiro com EUPA STORE<\/a><\/p><p>Continue ganhando dinheiro m\u00eas ap\u00f3s m\u00eas, no conforto da sua casa. O potencial de ganhos existe h\u00e1 anos. O que voc\u00ea est\u00e1 esperando? Aumente seu n\u00famero de leitores e lucre com o Google AdSense. Leva apenas algumas horas para come\u00e7ar. Aplique agora!<\/p><p>Fornecemos tudo o que voc\u00ea precisa: Aproveite nosso conveniente sistema de gerenciamento de conte\u00fado (CMS), que permite publicar artigos escritos e fotografias que ser\u00e3o automaticamente adicionadas ao seu portf\u00f3lio. Nosso CMS \u00e9 f\u00e1cil de usar e n\u00e3o requer conhecimentos especiais de inform\u00e1tica. Conte\u00fado que voc\u00ea pode publicar <a href=\"https:\/\/eupa.store\" target=\"_blank\" rel=\"noopener\">EUPA.STORE<\/a> inclui neg\u00f3cios, artes pl\u00e1sticas, finan\u00e7as, estilo de vida, animais, ci\u00eancia, sa\u00fade, meio ambiente, turismo, parcerias, entretenimento, interesse geral, casa e lar, pol\u00edtica, hobbies e muito mais.<\/p>\t\t\t\t\t\t\t\t<\/div>\n\t\t\t\t<\/div>\n\t\t\t\t<div class=\"elementor-element elementor-element-56d1e088 elementor-widget elementor-widget-heading\" data-id=\"56d1e088\" data-element_type=\"widget\" data-widget_type=\"heading.default\">\n\t\t\t\t<div class=\"elementor-widget-container\">\n\t\t\t\t\t<h2 class=\"elementor-heading-title elementor-size-default\"> Voc\u00ea est\u00e1 pronto para come\u00e7ar a construir seu portf\u00f3lio e ganhar algum dinheiro adicional? Por que esperar? Inscreva-se hoje! <\/h2>\t\t\t\t<\/div>\n\t\t\t\t<\/div>\n\t\t\t\t\t<\/div>\n\t\t<\/div>\n\t\t\t\t\t<\/div>\n\t\t<\/section>\n\t\t\t\t<\/div>","protected":false},"excerpt":{"rendered":"<p>A EUPA facilita aos profissionais da comunica\u00e7\u00e3o social e aos jornalistas independentes a publica\u00e7\u00e3o do seu trabalho, como fotos, not\u00edcias, reportagens de investiga\u00e7\u00e3o, hist\u00f3rias, reportagens, entrevistas, informa\u00e7\u00f5es sobre feiras e eventos, etc. Ferramenta inestim\u00e1vel A EUPA oferece uma plataforma \u2013 EUPA.STORE \u2013 que permite criar um\u2026 <a title=\"Ganhar dinheiro com a loja EUPA\" class=\"read-more\" href=\"https:\/\/eupa.uk\/pt\/membership\/earning-money-with-eupa-news\/\" aria-label=\"Leia mais sobre Ganhar dinheiro com a EUPA Store\">Leia mais<\/a><\/p>","protected":false},"author":1,"featured_media":0,"parent":3502,"menu_order":4,"comment_status":"closed","ping_status":"closed","template":"","meta":{"footnotes":""},"class_list":["post-3543","page","type-page","status-publish"],"_links":{"self":[{"href":"https:\/\/eupa.uk\/pt\/wp-json\/wp\/v2\/pages\/3543","targetHints":{"allow":["GET"]}}],"collection":[{"href":"https:\/\/eupa.uk\/pt\/wp-json\/wp\/v2\/pages"}],"about":[{"href":"https:\/\/eupa.uk\/pt\/wp-json\/wp\/v2\/types\/page"}],"author":[{"embeddable":true,"href":"https:\/\/eupa.uk\/pt\/wp-json\/wp\/v2\/users\/1"}],"replies":[{"embeddable":true,"href":"https:\/\/eupa.uk\/pt\/wp-json\/wp\/v2\/comments?post=3543"}],"version-history":[{"count":0,"href":"https:\/\/eupa.uk\/pt\/wp-json\/wp\/v2\/pages\/3543\/revisions"}],"up":[{"embeddable":true,"href":"https:\/\/eupa.uk\/pt\/wp-json\/wp\/v2\/pages\/3502"}],"wp:attachment":[{"href":"https:\/\/eupa.uk\/pt\/wp-json\/wp\/v2\/media?parent=3543"}],"curies":[{"name":"wp","href":"https:\/\/api.w.org\/{rel}","templated":true}]}}