{"id":3553,"date":"2021-03-20T17:48:58","date_gmt":"2021-03-20T17:48:58","guid":{"rendered":"https:\/\/eupa.agency\/?page_id=3553"},"modified":"2024-06-19T11:08:10","modified_gmt":"2024-06-19T10:08:10","slug":"the-media","status":"publish","type":"page","link":"https:\/\/eupa.uk\/pt\/membership\/the-media\/","title":{"rendered":"meios de comunica\u00e7\u00e3o"},"content":{"rendered":"<div data-elementor-type=\"wp-page\" data-elementor-id=\"3553\" class=\"elementor elementor-3553\" data-elementor-post-type=\"page\">\n\t\t\t\t\t\t<section class=\"elementor-section elementor-top-section elementor-element elementor-element-5f008e0d elementor-section-boxed elementor-section-height-default elementor-section-height-default\" data-id=\"5f008e0d\" data-element_type=\"section\">\n\t\t\t\t\t\t<div class=\"elementor-container elementor-column-gap-default\">\n\t\t\t\t\t<div class=\"elementor-column elementor-col-100 elementor-top-column elementor-element elementor-element-5cf77bea\" data-id=\"5cf77bea\" data-element_type=\"column\">\n\t\t\t<div class=\"elementor-widget-wrap elementor-element-populated\">\n\t\t\t\t\t\t<div class=\"elementor-element elementor-element-081f381 elementor-widget elementor-widget-video\" data-id=\"081f381\" data-element_type=\"widget\" data-settings=\"{&quot;youtube_url&quot;:&quot;https:\\\/\\\/youtu.be\\\/Qc-nVJj4AQM&quot;,&quot;video_type&quot;:&quot;youtube&quot;,&quot;controls&quot;:&quot;yes&quot;}\" data-widget_type=\"video.default\">\n\t\t\t\t<div class=\"elementor-widget-container\">\n\t\t\t\t\t\t\t<div class=\"elementor-wrapper elementor-open-inline\">\n\t\t\t<div class=\"elementor-video\"><\/div>\t\t<\/div>\n\t\t\t\t\t\t<\/div>\n\t\t\t\t<\/div>\n\t\t\t\t\t<\/div>\n\t\t<\/div>\n\t\t\t\t\t<\/div>\n\t\t<\/section>\n\t\t\t\t<section class=\"elementor-section elementor-top-section elementor-element elementor-element-b6f0465 elementor-section-boxed elementor-section-height-default elementor-section-height-default\" data-id=\"b6f0465\" data-element_type=\"section\">\n\t\t\t\t\t\t<div class=\"elementor-container elementor-column-gap-default\">\n\t\t\t\t\t<div class=\"elementor-column elementor-col-100 elementor-top-column elementor-element elementor-element-cd9d96a\" data-id=\"cd9d96a\" data-element_type=\"column\">\n\t\t\t<div class=\"elementor-widget-wrap elementor-element-populated\">\n\t\t\t\t\t\t<div class=\"elementor-element elementor-element-d18e280 elementor-widget elementor-widget-text-editor\" data-id=\"d18e280\" data-element_type=\"widget\" data-widget_type=\"text-editor.default\">\n\t\t\t\t<div class=\"elementor-widget-container\">\n\t\t\t\t\t\t\t\t\t<p>Voc\u00ea \u00e9 editor de jornal ou trabalha para uma esta\u00e7\u00e3o de r\u00e1dio ou TV e gostaria de receber informa\u00e7\u00f5es abrangentes e bem fundamentadas sobre as \u00faltimas not\u00edcias? Ent\u00e3o voc\u00ea veio ao lugar certo aqui em nosso site, onde gostar\u00edamos de apresentar nosso vers\u00e1til servi\u00e7o de imprensa para todas as \u00e1reas do mundo moderno da m\u00eddia.<\/p><p>Centenas de jornais di\u00e1rios, bem como esta\u00e7\u00f5es de r\u00e1dio e televis\u00e3o em todo o mundo, j\u00e1 tiram partido do nosso servi\u00e7o de imprensa, que a EUPA oferece h\u00e1 muitos anos e que lhe fornece not\u00edcias e material de comunica\u00e7\u00e3o social 24 horas por dia. Al\u00e9m das cl\u00e1ssicas not\u00edcias impressas para jornais e revistas, o nosso servi\u00e7o inclui outros elementos multim\u00e9dia e permite-lhe aceder a fotos, v\u00eddeos e conte\u00fados multim\u00e9dia complementares.<\/p><p>A EUPA disponibiliza dezenas de canais que lhe permitem aceder a not\u00edcias de todos os setores em tempo real e 24 horas por dia, que poder\u00e1 depois adaptar ao seu pr\u00f3prio meio de comunica\u00e7\u00e3o. Muitas reda\u00e7\u00f5es em todo o mundo, bem como centenas de esta\u00e7\u00f5es de r\u00e1dio e TV, j\u00e1 aproveitam o nosso servi\u00e7o abrangente e profissional. Gra\u00e7as aos servi\u00e7os de not\u00edcias desenvolvidos pela EUPA, voc\u00ea pode desfrutar de not\u00edcias, fotos e v\u00eddeos transferidos sem esfor\u00e7o para seus escrit\u00f3rios editoriais. A \u00fanica coisa que voc\u00ea precisa para simplificar seu trabalho di\u00e1rio com a m\u00eddia \u00e9 uma conex\u00e3o com a Internet.<\/p>\t\t\t\t\t\t\t\t<\/div>\n\t\t\t\t<\/div>\n\t\t\t\t\t<\/div>\n\t\t<\/div>\n\t\t\t\t\t<\/div>\n\t\t<\/section>\n\t\t\t\t<\/div>","protected":false},"excerpt":{"rendered":"<p>https:\/\/youtu.be\/Qc-nVJj4AQM Voc\u00ea \u00e9 um editor de jornal ou trabalha para uma esta\u00e7\u00e3o de r\u00e1dio ou TV e gostaria de receber informa\u00e7\u00f5es abrangentes e bem fundamentadas sobre not\u00edcias de \u00faltima hora? Ent\u00e3o voc\u00ea veio ao lugar certo aqui em nosso site, onde gostar\u00edamos de apresentar a voc\u00ea nosso vers\u00e1til servi\u00e7o de imprensa para todas as \u00e1reas do moderno \u2026 <a title=\"meios de comunica\u00e7\u00e3o\" class=\"read-more\" href=\"https:\/\/eupa.uk\/pt\/membership\/the-media\/\" aria-label=\"Leia mais sobre M\u00eddia\">Leia mais<\/a><\/p>","protected":false},"author":1,"featured_media":0,"parent":3502,"menu_order":5,"comment_status":"closed","ping_status":"closed","template":"","meta":{"footnotes":""},"class_list":["post-3553","page","type-page","status-publish"],"_links":{"self":[{"href":"https:\/\/eupa.uk\/pt\/wp-json\/wp\/v2\/pages\/3553","targetHints":{"allow":["GET"]}}],"collection":[{"href":"https:\/\/eupa.uk\/pt\/wp-json\/wp\/v2\/pages"}],"about":[{"href":"https:\/\/eupa.uk\/pt\/wp-json\/wp\/v2\/types\/page"}],"author":[{"embeddable":true,"href":"https:\/\/eupa.uk\/pt\/wp-json\/wp\/v2\/users\/1"}],"replies":[{"embeddable":true,"href":"https:\/\/eupa.uk\/pt\/wp-json\/wp\/v2\/comments?post=3553"}],"version-history":[{"count":0,"href":"https:\/\/eupa.uk\/pt\/wp-json\/wp\/v2\/pages\/3553\/revisions"}],"up":[{"embeddable":true,"href":"https:\/\/eupa.uk\/pt\/wp-json\/wp\/v2\/pages\/3502"}],"wp:attachment":[{"href":"https:\/\/eupa.uk\/pt\/wp-json\/wp\/v2\/media?parent=3553"}],"curies":[{"name":"wp","href":"https:\/\/api.w.org\/{rel}","templated":true}]}}