{"id":3559,"date":"2021-03-20T17:58:32","date_gmt":"2021-03-20T17:58:32","guid":{"rendered":"https:\/\/eupa.agency\/?page_id=3559"},"modified":"2022-03-10T10:22:29","modified_gmt":"2022-03-10T10:22:29","slug":"eupa-documents-verification","status":"publish","type":"page","link":"https:\/\/eupa.uk\/pt\/membership\/eupa-documents-verification\/","title":{"rendered":"VERIFICA\u00c7\u00c3O DE DOCUMENTOS EUPA"},"content":{"rendered":"<div data-elementor-type=\"wp-page\" data-elementor-id=\"3559\" class=\"elementor elementor-3559\" data-elementor-post-type=\"page\">\n\t\t\t\t\t\t<section class=\"elementor-section elementor-top-section elementor-element elementor-element-5f008e0d elementor-section-boxed elementor-section-height-default elementor-section-height-default\" data-id=\"5f008e0d\" data-element_type=\"section\">\n\t\t\t\t\t\t<div class=\"elementor-container elementor-column-gap-default\">\n\t\t\t\t\t<div class=\"elementor-column elementor-col-100 elementor-top-column elementor-element elementor-element-5cf77bea\" data-id=\"5cf77bea\" data-element_type=\"column\">\n\t\t\t<div class=\"elementor-widget-wrap elementor-element-populated\">\n\t\t\t\t\t\t<div class=\"elementor-element elementor-element-3eeb265 elementor-widget elementor-widget-text-editor\" data-id=\"3eeb265\" data-element_type=\"widget\" data-widget_type=\"text-editor.default\">\n\t\t\t\t<div class=\"elementor-widget-container\">\n\t\t\t\t\t\t\t\t\t<p>A capacidade de verificar a autenticidade de um documento \u00e9 crucial para apoiar o trabalho di\u00e1rio dos nossos membros. A EUPA oferece recursos de seguran\u00e7a continuamente aprimorados do mais alto padr\u00e3o, tornando todos os documentos infalsific\u00e1veis. Ter um registo central permite-lhe descobrir se a pessoa que faz uma consulta \u00e9 um membro certificado da nossa organiza\u00e7\u00e3o. A autenticidade de um passe de imprensa EUPA, cart\u00e3o de identifica\u00e7\u00e3o de imprensa EUPA e identifica\u00e7\u00e3o de ve\u00edculo de imprensa EUPA pode ser facilmente verificada por qualquer pessoa, digitalizando o c\u00f3digo QR e verificando assim a exatid\u00e3o das informa\u00e7\u00f5es fornecidas no documento.<\/p>\t\t\t\t\t\t\t\t<\/div>\n\t\t\t\t<\/div>\n\t\t\t\t<div class=\"elementor-element elementor-element-98e6395 elementor-widget elementor-widget-heading\" data-id=\"98e6395\" data-element_type=\"widget\" data-widget_type=\"heading.default\">\n\t\t\t\t<div class=\"elementor-widget-container\">\n\t\t\t\t\t<h2 class=\"elementor-heading-title elementor-size-default\">VANTAGENS DOS DOCUMENTOS EUPA<br>PARA A POL\u00cdCIA, GOVERNOS, AG\u00caNCIAS E ANFITRI\u00d5ES DE EVENTOS<\/h2>\t\t\t\t<\/div>\n\t\t\t\t<\/div>\n\t\t\t\t<div class=\"elementor-element elementor-element-297a342 elementor-widget elementor-widget-text-editor\" data-id=\"297a342\" data-element_type=\"widget\" data-widget_type=\"text-editor.default\">\n\t\t\t\t<div class=\"elementor-widget-container\">\n\t\t\t\t\t\t\t\t\t<p>Um cart\u00e3o de identifica\u00e7\u00e3o de imprensa e\/ou passe de imprensa da EUPA garante que o seu titular agir\u00e1 de forma profissional e conscienciosa.<br \/>Se lhe for apresentado um documento EUPA, pode ter a certeza de que est\u00e1 a lidar com uma parte interessada profissional dos meios de comunica\u00e7\u00e3o social, que cumpre os nossos <a href=\"https:\/\/eupa.uk\/pt\/rules\/code-of-ethics\/\">C\u00f3digo de \u00c9tica<\/a>, emitido pela Sociedade de Jornalismo Profissional.<\/p><p>Dependendo da situa\u00e7\u00e3o de emerg\u00eancia, poder\u00e1 n\u00e3o haver tempo para procedimentos complicados de acredita\u00e7\u00e3o.<br \/>Em vez disso, o cart\u00e3o de imprensa e\/ou o cart\u00e3o de identifica\u00e7\u00e3o de imprensa da EUPA tornam-se provas de atividade jornal\u00edstica leg\u00edtima.<\/p><p>Voc\u00ea n\u00e3o precisa se preocupar com documentos EUPA falsificados, pois eles s\u00e3o feitos com uma t\u00e9cnica de impress\u00e3o dif\u00edcil de copiar e todos apresentam um holograma, tornando quase imposs\u00edvel sua replica\u00e7\u00e3o n\u00e3o autorizada.<br \/>Para aumentar a seguran\u00e7a, os nossos documentos s\u00e3o emitidos apenas durante um ano civil de cada vez.<\/p>\t\t\t\t\t\t\t\t<\/div>\n\t\t\t\t<\/div>\n\t\t\t\t\t<\/div>\n\t\t<\/div>\n\t\t\t\t\t<\/div>\n\t\t<\/section>\n\t\t\t\t<\/div>","protected":false},"excerpt":{"rendered":"<p>A capacidade de verificar a autenticidade de um documento \u00e9 crucial para apoiar o trabalho di\u00e1rio dos nossos membros. A EUPA oferece recursos de seguran\u00e7a continuamente aprimorados do mais alto padr\u00e3o, tornando todos os documentos infalsific\u00e1veis. Ter um registo central permite-lhe descobrir se a pessoa que faz uma consulta \u00e9 um membro certificado da nossa organiza\u00e7\u00e3o. A autenticidade\u2026 <a title=\"VERIFICA\u00c7\u00c3O DE DOCUMENTOS EUPA\" class=\"read-more\" href=\"https:\/\/eupa.uk\/pt\/membership\/eupa-documents-verification\/\" aria-label=\"Leia mais sobre VERIFICA\u00c7\u00c3O DE DOCUMENTOS EUPA\">Leia mais<\/a><\/p>","protected":false},"author":1,"featured_media":0,"parent":3502,"menu_order":6,"comment_status":"closed","ping_status":"closed","template":"","meta":{"footnotes":""},"class_list":["post-3559","page","type-page","status-publish"],"_links":{"self":[{"href":"https:\/\/eupa.uk\/pt\/wp-json\/wp\/v2\/pages\/3559","targetHints":{"allow":["GET"]}}],"collection":[{"href":"https:\/\/eupa.uk\/pt\/wp-json\/wp\/v2\/pages"}],"about":[{"href":"https:\/\/eupa.uk\/pt\/wp-json\/wp\/v2\/types\/page"}],"author":[{"embeddable":true,"href":"https:\/\/eupa.uk\/pt\/wp-json\/wp\/v2\/users\/1"}],"replies":[{"embeddable":true,"href":"https:\/\/eupa.uk\/pt\/wp-json\/wp\/v2\/comments?post=3559"}],"version-history":[{"count":0,"href":"https:\/\/eupa.uk\/pt\/wp-json\/wp\/v2\/pages\/3559\/revisions"}],"up":[{"embeddable":true,"href":"https:\/\/eupa.uk\/pt\/wp-json\/wp\/v2\/pages\/3502"}],"wp:attachment":[{"href":"https:\/\/eupa.uk\/pt\/wp-json\/wp\/v2\/media?parent=3559"}],"curies":[{"name":"wp","href":"https:\/\/api.w.org\/{rel}","templated":true}]}}