{"id":3640,"date":"2021-03-20T19:22:30","date_gmt":"2021-03-20T19:22:30","guid":{"rendered":"https:\/\/eupa.agency\/?page_id=3640"},"modified":"2021-04-28T12:18:20","modified_gmt":"2021-04-28T12:18:20","slug":"media-discounts","status":"publish","type":"page","link":"https:\/\/eupa.uk\/pt\/membership\/media-discounts\/","title":{"rendered":"Descontos e ofertas especiais para membros"},"content":{"rendered":"<div data-elementor-type=\"wp-page\" data-elementor-id=\"3640\" class=\"elementor elementor-3640\" data-elementor-post-type=\"page\">\n\t\t\t\t\t\t<section class=\"elementor-section elementor-top-section elementor-element elementor-element-28eb62b7 elementor-section-boxed elementor-section-height-default elementor-section-height-default\" data-id=\"28eb62b7\" data-element_type=\"section\">\n\t\t\t\t\t\t<div class=\"elementor-container elementor-column-gap-default\">\n\t\t\t\t\t<div class=\"elementor-column elementor-col-100 elementor-top-column elementor-element elementor-element-2ac5af5c\" data-id=\"2ac5af5c\" data-element_type=\"column\">\n\t\t\t<div class=\"elementor-widget-wrap elementor-element-populated\">\n\t\t\t\t\t\t<div class=\"elementor-element elementor-element-49b7a373 elementor-widget elementor-widget-text-editor\" data-id=\"49b7a373\" data-element_type=\"widget\" data-widget_type=\"text-editor.default\">\n\t\t\t\t<div class=\"elementor-widget-container\">\n\t\t\t\t\t\t\t\t\t<p>Como membro da EUPA e, portanto, representante certificado da m\u00eddia, voc\u00ea pode aproveitar v\u00e1rios benef\u00edcios. Por exemplo, seu passe de imprensa pode lhe render concess\u00f5es especiais em eventos ou na compra de produtos de marca. Mesmo que o jornalismo seja apenas a sua ocupa\u00e7\u00e3o a tempo parcial, poder\u00e1 usufruir de todas estas vantagens, que o ajudar\u00e3o a recuperar rapidamente o custo da sua ades\u00e3o anual \u00e0 EUPA.<\/p><p>Tirar partido de descontos de qualquer tipo \u00e9 t\u00e3o popular na Europa como nos EUA. Como membro da imprensa, voc\u00ea recebe esses descontos em feiras e exposi\u00e7\u00f5es, em museus, em concertos, etc. Muitos lugares oferecem descontos de at\u00e9 40% sobre o pre\u00e7o normal, o que permite negociar melhores neg\u00f3cios, seja em a pr\u00f3xima reserva de hotel, aluguel de carro ou contrato de telefone celular. Cada vez mais sectores empresariais oferecem descontos atraentes na esperan\u00e7a de criar uma imagem positiva junto dos membros da imprensa e receber uma cobertura favor\u00e1vel.<\/p>\t\t\t\t\t\t\t\t<\/div>\n\t\t\t\t<\/div>\n\t\t\t\t<div class=\"elementor-element elementor-element-3036b934 elementor-widget elementor-widget-heading\" data-id=\"3036b934\" data-element_type=\"widget\" data-widget_type=\"heading.default\">\n\t\t\t\t<div class=\"elementor-widget-container\">\n\t\t\t\t\t<h2 class=\"elementor-heading-title elementor-size-default\">Considera\u00e7\u00f5es \u00e9ticas para jornalistas<\/h2>\t\t\t\t<\/div>\n\t\t\t\t<\/div>\n\t\t\t\t<div class=\"elementor-element elementor-element-4897473a elementor-widget elementor-widget-text-editor\" data-id=\"4897473a\" data-element_type=\"widget\" data-widget_type=\"text-editor.default\">\n\t\t\t\t<div class=\"elementor-widget-container\">\n\t\t\t\t\t\t\t\t\t<p>N\u00e3o \u00e9 apenas o panorama da m\u00eddia americana que tem passado por r\u00e1pidas mudan\u00e7as nos \u00faltimos anos. Cada vez mais jornalistas trabalham como freelancers, a tempo inteiro ou a tempo parcial, e j\u00e1 n\u00e3o beneficiam das garantias inerentes ao emprego numa redac\u00e7\u00e3o ou numa editora. Jornalistas independentes sem rendimentos regulares sofrem encargos financeiros significativamente maiores durante os seus esfor\u00e7os di\u00e1rios de investiga\u00e7\u00e3o, com os quais os editores e jornalistas empregados n\u00e3o t\u00eam de se preocupar.<\/p><p>N\u00f3s, na EUPA, dedicamos uma grande parte do nosso apoio aos jornalistas a tempo parcial, a fim de lhes conceder acesso aos mesmos benef\u00edcios que os jornalistas bem estabelecidos. O t\u00edtulo profissional de \u201cjornalista\u201d n\u00e3o \u00e9 protegido por lei e um passe de imprensa padr\u00e3o para todos os membros da m\u00eddia n\u00e3o est\u00e1 dispon\u00edvel nos Estados Unidos. Em vez disso, cada associa\u00e7\u00e3o jornal\u00edstica emite os seus pr\u00f3prios passes. Por raz\u00f5es \u00e9ticas, os jornalistas s\u00f3 devem usufruir dos seus descontos no decorrer das suas pesquisas. No entanto, raramente \u00e9 necess\u00e1rio comprovante de publica\u00e7\u00e3o para receber um desconto.<\/p>\t\t\t\t\t\t\t\t<\/div>\n\t\t\t\t<\/div>\n\t\t\t\t\t<\/div>\n\t\t<\/div>\n\t\t\t\t\t<\/div>\n\t\t<\/section>\n\t\t\t\t<\/div>","protected":false},"excerpt":{"rendered":"<p>Como membro da EUPA e, portanto, representante certificado da m\u00eddia, voc\u00ea pode aproveitar v\u00e1rios benef\u00edcios. Por exemplo, seu passe de imprensa pode lhe render concess\u00f5es especiais em eventos ou na compra de produtos de marca. Mesmo que o jornalismo seja apenas a sua ocupa\u00e7\u00e3o de meio per\u00edodo, voc\u00ea poder\u00e1 desfrutar de todas essas vantagens,\u2026 <a title=\"Descontos e ofertas especiais para membros\" class=\"read-more\" href=\"https:\/\/eupa.uk\/pt\/membership\/media-discounts\/\" aria-label=\"Leia mais sobre Descontos e Ofertas Especiais para Membros\">Leia mais<\/a><\/p>","protected":false},"author":1,"featured_media":0,"parent":3502,"menu_order":9,"comment_status":"closed","ping_status":"closed","template":"","meta":{"footnotes":""},"class_list":["post-3640","page","type-page","status-publish"],"_links":{"self":[{"href":"https:\/\/eupa.uk\/pt\/wp-json\/wp\/v2\/pages\/3640","targetHints":{"allow":["GET"]}}],"collection":[{"href":"https:\/\/eupa.uk\/pt\/wp-json\/wp\/v2\/pages"}],"about":[{"href":"https:\/\/eupa.uk\/pt\/wp-json\/wp\/v2\/types\/page"}],"author":[{"embeddable":true,"href":"https:\/\/eupa.uk\/pt\/wp-json\/wp\/v2\/users\/1"}],"replies":[{"embeddable":true,"href":"https:\/\/eupa.uk\/pt\/wp-json\/wp\/v2\/comments?post=3640"}],"version-history":[{"count":0,"href":"https:\/\/eupa.uk\/pt\/wp-json\/wp\/v2\/pages\/3640\/revisions"}],"up":[{"embeddable":true,"href":"https:\/\/eupa.uk\/pt\/wp-json\/wp\/v2\/pages\/3502"}],"wp:attachment":[{"href":"https:\/\/eupa.uk\/pt\/wp-json\/wp\/v2\/media?parent=3640"}],"curies":[{"name":"wp","href":"https:\/\/api.w.org\/{rel}","templated":true}]}}