{"id":41,"date":"2020-05-06T14:15:50","date_gmt":"2020-05-06T14:15:50","guid":{"rendered":"https:\/\/new.deschenaux.me\/?page_id=41"},"modified":"2021-11-04T11:35:55","modified_gmt":"2021-11-04T11:35:55","slug":"about","status":"publish","type":"page","link":"https:\/\/eupa.uk\/pt\/about\/","title":{"rendered":"Sobre"},"content":{"rendered":"<div data-elementor-type=\"wp-page\" data-elementor-id=\"41\" class=\"elementor elementor-41\" data-elementor-post-type=\"page\">\n\t\t\t\t\t\t<section class=\"elementor-section elementor-top-section elementor-element elementor-element-1e9b934 elementor-section-stretched elementor-section-boxed elementor-section-height-default elementor-section-height-default\" data-id=\"1e9b934\" data-element_type=\"section\" data-settings=\"{&quot;background_background&quot;:&quot;classic&quot;,&quot;stretch_section&quot;:&quot;section-stretched&quot;}\">\n\t\t\t\t\t\t<div class=\"elementor-container elementor-column-gap-default\">\n\t\t\t\t\t<div class=\"elementor-column elementor-col-50 elementor-top-column elementor-element elementor-element-010befe\" data-id=\"010befe\" data-element_type=\"column\">\n\t\t\t<div class=\"elementor-widget-wrap elementor-element-populated\">\n\t\t\t\t\t\t<div class=\"elementor-element elementor-element-d6e7ec0 elementor-widget elementor-widget-video\" data-id=\"d6e7ec0\" data-element_type=\"widget\" data-settings=\"{&quot;youtube_url&quot;:&quot;https:\\\/\\\/youtu.be\\\/ZtQ5gZ2mjtA&quot;,&quot;video_type&quot;:&quot;youtube&quot;,&quot;controls&quot;:&quot;yes&quot;}\" data-widget_type=\"video.default\">\n\t\t\t\t<div class=\"elementor-widget-container\">\n\t\t\t\t\t\t\t<div class=\"elementor-wrapper elementor-open-inline\">\n\t\t\t<div class=\"elementor-video\"><\/div>\t\t<\/div>\n\t\t\t\t\t\t<\/div>\n\t\t\t\t<\/div>\n\t\t\t\t\t<\/div>\n\t\t<\/div>\n\t\t\t\t<div class=\"elementor-column elementor-col-50 elementor-top-column elementor-element elementor-element-3880dac\" data-id=\"3880dac\" data-element_type=\"column\">\n\t\t\t<div class=\"elementor-widget-wrap elementor-element-populated\">\n\t\t\t\t\t\t<div class=\"elementor-element elementor-element-6e47e9d elementor-widget elementor-widget-text-editor\" data-id=\"6e47e9d\" data-element_type=\"widget\" data-widget_type=\"text-editor.default\">\n\t\t\t\t<div class=\"elementor-widget-container\">\n\t\t\t\t\t\t\t\t\t<p>A Ag\u00eancia Europeia de Imprensa \u00e9 a primeira ag\u00eancia de imprensa dedicada a profissionais de comunica\u00e7\u00e3o social verdadeiramente independentes, incluindo jornalistas, rep\u00f3rteres, influenciadores, apresentadores de televis\u00e3o e r\u00e1dio, podcasters e animadores de canais de Internet.<\/p><p>Desde a viragem do s\u00e9culo, o panorama da imprensa global tornou-se mais democr\u00e1tico, revolucionando o mundo dos meios de comunica\u00e7\u00e3o social e, no processo, rompendo com antigas estruturas. Uma conex\u00e3o com a Internet e seu pr\u00f3prio blog s\u00e3o tudo que voc\u00ea precisa para publicar artigos jornal\u00edsticos cuidadosamente pesquisados para o p\u00fablico em geral ver. Os editores de not\u00edcias e as associa\u00e7\u00f5es de jornalismo estabelecidos t\u00eam sentimentos contradit\u00f3rios sobre estes desenvolvimentos, mas s\u00e3o impotentes contra esta tend\u00eancia, que cria uma fonte promissora de receitas para profissionais a tempo inteiro e a tempo parcial, sem experi\u00eancia anterior em jornalismo. V\u00e1rios meios de comunica\u00e7\u00e3o social j\u00e1 aproveitam esta evolu\u00e7\u00e3o e beneficiam da dedica\u00e7\u00e3o demonstrada pelos chamados jornalistas independentes.<\/p>\t\t\t\t\t\t\t\t<\/div>\n\t\t\t\t<\/div>\n\t\t\t\t\t<\/div>\n\t\t<\/div>\n\t\t\t\t\t<\/div>\n\t\t<\/section>\n\t\t\t\t<section class=\"elementor-section elementor-top-section elementor-element elementor-element-45385ed elementor-section-stretched elementor-section-boxed elementor-section-height-default elementor-section-height-default\" data-id=\"45385ed\" data-element_type=\"section\" data-settings=\"{&quot;background_background&quot;:&quot;classic&quot;,&quot;stretch_section&quot;:&quot;section-stretched&quot;}\">\n\t\t\t\t\t\t<div class=\"elementor-container elementor-column-gap-default\">\n\t\t\t\t\t<div class=\"elementor-column elementor-col-100 elementor-top-column elementor-element elementor-element-282a88d\" data-id=\"282a88d\" data-element_type=\"column\">\n\t\t\t<div class=\"elementor-widget-wrap elementor-element-populated\">\n\t\t\t\t\t\t<div class=\"elementor-element elementor-element-8ac7334 elementor-widget elementor-widget-text-editor\" data-id=\"8ac7334\" data-element_type=\"widget\" data-widget_type=\"text-editor.default\">\n\t\t\t\t<div class=\"elementor-widget-container\">\n\t\t\t\t\t\t\t\t\t<p>Dado que nenhum jornalista \u00e9 omnipresente ou pode prever determinados acontecimentos, as organiza\u00e7\u00f5es de comunica\u00e7\u00e3o social contam com artigos e imagens de alta qualidade criados no local e que garantem a diversidade jornal\u00edstica. Cada vez mais jornais e revistas recebem, portanto, conte\u00fados de jornalistas independentes, al\u00e9m do seu pr\u00f3prio pessoal jornal\u00edstico, e o rendimento individual destes colaboradores n\u00e3o \u00e9 nada desprez\u00edvel.<\/p><p>Todos os dias, centenas de hist\u00f3rias e fotografias s\u00e3o criadas por jornalistas independentes e adaptadas para televis\u00e3o, jornais e portais online na Am\u00e9rica e em outros pa\u00edses. Fotografias de alta qualidade podem ser vendidas por valores de tr\u00eas ou at\u00e9 quatro d\u00edgitos, por exemplo, se as editoras as comprarem exclusivamente a jornalistas independentes. Os jornalistas estabelecidos podem considerar esta nova forma de trabalho jornal\u00edstico inferior, mas sem d\u00favida cria um novo nicho no mundo dos meios de comunica\u00e7\u00e3o modernos e ajuda jornalistas motivados e conscienciosos a ganhar a vida.<\/p>\t\t\t\t\t\t\t\t<\/div>\n\t\t\t\t<\/div>\n\t\t\t\t\t<\/div>\n\t\t<\/div>\n\t\t\t\t\t<\/div>\n\t\t<\/section>\n\t\t\t\t<\/div>","protected":false},"excerpt":{"rendered":"<p>https:\/\/youtu.be\/ZtQ5gZ2mjtA A Ag\u00eancia Europeia de Imprensa \u00e9 a primeira ag\u00eancia de imprensa dedicada a profissionais de m\u00eddia verdadeiramente independentes, incluindo jornalistas, rep\u00f3rteres, influenciadores, apresentadores de televis\u00e3o e r\u00e1dio, podcasters e animadores de canais de internet. Desde a viragem do s\u00e9culo, o panorama da imprensa global tornou-se mais democr\u00e1tico, revolucionando o mundo dos meios de comunica\u00e7\u00e3o social e, no processo, rompendo com antigas estruturas. \u2026 <a title=\"Sobre\" class=\"read-more\" href=\"https:\/\/eupa.uk\/pt\/about\/\" aria-label=\"Leia mais sobre About\">Leia mais<\/a><\/p>","protected":false},"author":1,"featured_media":0,"parent":0,"menu_order":2,"comment_status":"closed","ping_status":"closed","template":"","meta":{"footnotes":""},"class_list":["post-41","page","type-page","status-publish"],"_links":{"self":[{"href":"https:\/\/eupa.uk\/pt\/wp-json\/wp\/v2\/pages\/41","targetHints":{"allow":["GET"]}}],"collection":[{"href":"https:\/\/eupa.uk\/pt\/wp-json\/wp\/v2\/pages"}],"about":[{"href":"https:\/\/eupa.uk\/pt\/wp-json\/wp\/v2\/types\/page"}],"author":[{"embeddable":true,"href":"https:\/\/eupa.uk\/pt\/wp-json\/wp\/v2\/users\/1"}],"replies":[{"embeddable":true,"href":"https:\/\/eupa.uk\/pt\/wp-json\/wp\/v2\/comments?post=41"}],"version-history":[{"count":0,"href":"https:\/\/eupa.uk\/pt\/wp-json\/wp\/v2\/pages\/41\/revisions"}],"wp:attachment":[{"href":"https:\/\/eupa.uk\/pt\/wp-json\/wp\/v2\/media?parent=41"}],"curies":[{"name":"wp","href":"https:\/\/api.w.org\/{rel}","templated":true}]}}