{"id":4906,"date":"2021-04-19T16:17:08","date_gmt":"2021-04-19T16:17:08","guid":{"rendered":"https:\/\/eupa.agency\/?page_id=4906"},"modified":"2021-04-22T11:51:19","modified_gmt":"2021-04-22T11:51:19","slug":"code-of-ethics","status":"publish","type":"page","link":"https:\/\/eupa.uk\/pt\/rules\/code-of-ethics\/","title":{"rendered":"C\u00f3digo de \u00c9tica"},"content":{"rendered":"<div data-elementor-type=\"wp-page\" data-elementor-id=\"4906\" class=\"elementor elementor-4906\" data-elementor-post-type=\"page\">\n\t\t\t\t\t\t<section class=\"elementor-section elementor-top-section elementor-element elementor-element-ad26532 elementor-section-boxed elementor-section-height-default elementor-section-height-default\" data-id=\"ad26532\" data-element_type=\"section\">\n\t\t\t\t\t\t<div class=\"elementor-container elementor-column-gap-default\">\n\t\t\t\t\t<div class=\"elementor-column elementor-col-100 elementor-top-column elementor-element elementor-element-2e0a5a5\" data-id=\"2e0a5a5\" data-element_type=\"column\">\n\t\t\t<div class=\"elementor-widget-wrap elementor-element-populated\">\n\t\t\t\t\t\t<div class=\"elementor-element elementor-element-08c3963 elementor-widget elementor-widget-text-editor\" data-id=\"08c3963\" data-element_type=\"widget\" data-widget_type=\"text-editor.default\">\n\t\t\t\t<div class=\"elementor-widget-container\">\n\t\t\t\t\t\t\t\t\t<h2>PRE\u00c2MBULO<\/h2>\n<p>Solicita-se a todos os nossos associados que leiam, aprovem e apliquem o c\u00f3digo de \u00e9tica da SPJ (Sociedade de Jornalismo Profissional) no exerc\u00edcio de suas atividades. Como membro da Sociedade de Jornalistas Profissionais, a EUPA acredita \u201cque o esclarecimento p\u00fablico \u00e9 o precursor da justi\u00e7a e a base da democracia. O jornalismo \u00e9tico se esfor\u00e7a para garantir a livre troca de informa\u00e7\u00f5es precisas, justas e completas. Um jornalista \u00e9tico age com integridade. A Sociedade declara estes quatro princ\u00edpios como a base do jornalismo \u00e9tico e incentiva a sua utiliza\u00e7\u00e3o na sua pr\u00e1tica por todas as pessoas em todos os meios de comunica\u00e7\u00e3o.\u201d<\/p>\t\t\t\t\t\t\t\t<\/div>\n\t\t\t\t<\/div>\n\t\t\t\t<div class=\"elementor-element elementor-element-c307109 elementor-widget elementor-widget-text-editor\" data-id=\"c307109\" data-element_type=\"widget\" data-widget_type=\"text-editor.default\">\n\t\t\t\t<div class=\"elementor-widget-container\">\n\t\t\t\t\t\t\t\t\t<h2>BUSQUE A VERDADE E RELATE-A<\/h2><p>O jornalismo \u00e9tico deve ser preciso e justo. Os jornalistas devem ser honestos e corajosos na recolha, reportagem e interpreta\u00e7\u00e3o da informa\u00e7\u00e3o.<\/p><p><b>Os jornalistas devem:<\/b><\/p><ul><li>Assuma a responsabilidade pela precis\u00e3o de seu trabalho. Verifique as informa\u00e7\u00f5es antes de divulg\u00e1-las. Use fontes originais sempre que poss\u00edvel.<\/li><li>Lembre-se de que nem a velocidade nem o formato desculpam a imprecis\u00e3o.<\/li><li>Forne\u00e7a contexto. Tome especial cuidado para n\u00e3o deturpar ou simplificar demais a promo\u00e7\u00e3o, a visualiza\u00e7\u00e3o ou o resumo de uma hist\u00f3ria.<\/li><li>Re\u00fana, atualize e corrija informa\u00e7\u00f5es ao longo da vida de uma not\u00edcia.<\/li><li>Seja cauteloso ao fazer promessas, mas cumpra as promessas que eles fizerem.<\/li><li>Identifique as fontes claramente. O p\u00fablico tem direito ao m\u00e1ximo de informa\u00e7\u00e3o poss\u00edvel para julgar a fiabilidade e as motiva\u00e7\u00f5es das fontes.<\/li><li>Considere os motivos das fontes antes de prometer anonimato. Reserve o anonimato para fontes que possam enfrentar perigo, retalia\u00e7\u00e3o ou outros danos e que possuam informa\u00e7\u00f5es que n\u00e3o possam ser obtidas em outro lugar. Explique por que o anonimato foi concedido.<\/li><li>Procure diligentemente os assuntos da cobertura noticiosa para lhes permitir responder a cr\u00edticas ou alega\u00e7\u00f5es de irregularidades.<\/li><li>Evite m\u00e9todos secretos ou outros m\u00e9todos sub-rept\u00edcios de recolha de informa\u00e7\u00f5es, a menos que os m\u00e9todos tradicionais e abertos n\u00e3o produzam informa\u00e7\u00f5es vitais para o p\u00fablico.<\/li><li>Seja vigilante e corajoso ao responsabilizar aqueles que det\u00eam o poder. D\u00ea voz aos que n\u00e3o t\u00eam voz.<\/li><li>Apoiar a troca de opini\u00f5es aberta e civilizada, mesmo as que considerem repugnantes.<\/li><li>Reconhecer a obriga\u00e7\u00e3o especial de servir como vigilantes dos assuntos p\u00fablicos e do governo. Procurar garantir que os neg\u00f3cios do p\u00fablico sejam conduzidos abertamente e que os registros p\u00fablicos sejam abertos a todos.<\/li><li>Fornecer acesso ao material de origem quando for relevante e apropriado.<\/li><li>Conte corajosamente a hist\u00f3ria da diversidade e magnitude da experi\u00eancia humana. Procure fontes cujas vozes raramente ouvimos.<\/li><li>Evite estere\u00f3tipos. Os jornalistas devem examinar a forma como os seus valores e experi\u00eancias podem moldar as suas reportagens.<\/li><li>Defesa de r\u00f3tulos e coment\u00e1rios.<\/li><li>Nunca distor\u00e7a deliberadamente factos ou contexto, incluindo informa\u00e7\u00f5es visuais. Rotule claramente as ilustra\u00e7\u00f5es e reconstitui\u00e7\u00f5es.<\/li><li>Nunca plagie. Sempre atribua.<\/li><\/ul>\t\t\t\t\t\t\t\t<\/div>\n\t\t\t\t<\/div>\n\t\t\t\t<div class=\"elementor-element elementor-element-a1ab6da elementor-widget elementor-widget-text-editor\" data-id=\"a1ab6da\" data-element_type=\"widget\" data-widget_type=\"text-editor.default\">\n\t\t\t\t<div class=\"elementor-widget-container\">\n\t\t\t\t\t\t\t\t\t<h2>MINIMIZAR DANOS<\/h2><p>O jornalismo \u00e9tico trata as fontes, os sujeitos, os colegas e os membros do p\u00fablico como seres humanos que merecem respeito.<\/p><p><b>Os jornalistas devem:<\/b><\/p><ul><li>Equilibre a necessidade de informa\u00e7\u00e3o do p\u00fablico com potenciais danos ou desconforto. A busca por not\u00edcias n\u00e3o \u00e9 licen\u00e7a para arrog\u00e2ncia ou intromiss\u00e3o indevida.<\/li><li>Mostre compaix\u00e3o por aqueles que podem ser afetados pela cobertura noticiosa. Use maior sensibilidade ao lidar com menores, v\u00edtimas de crimes sexuais e fontes ou sujeitos inexperientes ou incapazes de dar consentimento. Considere as diferen\u00e7as culturais na abordagem e no tratamento.<\/li><li>Reconhe\u00e7a que o acesso legal \u00e0 informa\u00e7\u00e3o difere de uma justificativa \u00e9tica para publicar ou transmitir.<\/li><li>Perceba que as pessoas privadas t\u00eam maior direito de controlar informa\u00e7\u00f5es sobre si mesmas do que as figuras p\u00fablicas e outras pessoas que buscam poder, influ\u00eancia ou aten\u00e7\u00e3o. Avalie as consequ\u00eancias da publica\u00e7\u00e3o ou transmiss\u00e3o de informa\u00e7\u00f5es pessoais.<\/li><li>Evite ceder \u00e0 curiosidade escabrosa, mesmo que outros o fa\u00e7am.<\/li><li>Equilibre o direito de um suspeito a um julgamento justo com o direito do p\u00fablico de saber. Considere as implica\u00e7\u00f5es de identificar suspeitos de crimes antes de enfrentarem acusa\u00e7\u00f5es legais.<\/li><li>Considere as implica\u00e7\u00f5es a longo prazo do alcance alargado e da perman\u00eancia da publica\u00e7\u00e3o. Fornecer informa\u00e7\u00f5es atualizadas e mais completas, conforme apropriado.<\/li><\/ul>\t\t\t\t\t\t\t\t<\/div>\n\t\t\t\t<\/div>\n\t\t\t\t<div class=\"elementor-element elementor-element-18d8f37 elementor-widget elementor-widget-text-editor\" data-id=\"18d8f37\" data-element_type=\"widget\" data-widget_type=\"text-editor.default\">\n\t\t\t\t<div class=\"elementor-widget-container\">\n\t\t\t\t\t\t\t\t\t<h2>AJA DE FORMA INDEPENDENTE<\/h2><p>A obriga\u00e7\u00e3o mais elevada e prim\u00e1ria do jornalismo \u00e9tico \u00e9 servir o p\u00fablico.<\/p><p><b>Os jornalistas devem:<\/b><\/p><ul><li>Evite conflitos de interesse, reais ou percebidos. Divulgue conflitos inevit\u00e1veis.<\/li><li>Recuse presentes, favores, honor\u00e1rios, viagens gratuitas e tratamento especial, e evite atividades pol\u00edticas e outras atividades externas que possam comprometer a integridade ou a imparcialidade, ou que possam prejudicar a credibilidade.<\/li><li>Desconfie de fontes que oferecem informa\u00e7\u00f5es em troca de favores ou dinheiro; n\u00e3o pague pelo acesso \u00e0s not\u00edcias. Identifique o conte\u00fado fornecido por fontes externas, pagas ou n\u00e3o.<\/li><li>Negar tratamento preferencial a anunciantes, doadores ou quaisquer outros interesses especiais e resistir \u00e0 press\u00e3o interna e externa para influenciar a cobertura.<\/li><li>Distinguir not\u00edcias de publicidade e evitar h\u00edbridos que confundam os limites entre as duas. Rotule com destaque o conte\u00fado patrocinado.<\/li><\/ul>\t\t\t\t\t\t\t\t<\/div>\n\t\t\t\t<\/div>\n\t\t\t\t<div class=\"elementor-element elementor-element-29850be elementor-widget elementor-widget-text-editor\" data-id=\"29850be\" data-element_type=\"widget\" data-widget_type=\"text-editor.default\">\n\t\t\t\t<div class=\"elementor-widget-container\">\n\t\t\t\t\t\t\t\t\t<h2>SEJA RESPONS\u00c1VEL E TRANSPARENTE<\/h2><p>Jornalismo \u00e9tico significa assumir a responsabilidade pelo seu trabalho e explicar as suas decis\u00f5es ao p\u00fablico.<\/p><p><b>Os jornalistas devem:<\/b><\/p><ul><li>Explique escolhas e processos \u00e9ticos ao p\u00fablico. Incentivar um di\u00e1logo civil com o p\u00fablico sobre pr\u00e1ticas jornal\u00edsticas, cobertura e conte\u00fado noticioso.<\/li><li>Responda rapidamente a perguntas sobre precis\u00e3o, clareza e justi\u00e7a.<\/li><li>Reconhe\u00e7a os erros e corrija-os prontamente e com destaque. Explique as corre\u00e7\u00f5es e esclarecimentos com cuidado e clareza.<\/li><li>Expor condutas anti\u00e9ticas no jornalismo, inclusive dentro de suas organiza\u00e7\u00f5es.<\/li><li>Cumprir os mesmos padr\u00f5es elevados que esperam dos outros.<\/li><\/ul>\t\t\t\t\t\t\t\t<\/div>\n\t\t\t\t<\/div>\n\t\t\t\t<div class=\"elementor-element elementor-element-8d4655b elementor-widget-divider--view-line_text elementor-widget-divider--element-align-center elementor-widget elementor-widget-divider\" data-id=\"8d4655b\" data-element_type=\"widget\" data-widget_type=\"divider.default\">\n\t\t\t\t<div class=\"elementor-widget-container\">\n\t\t\t\t\t\t\t<div class=\"elementor-divider\">\n\t\t\t<span class=\"elementor-divider-separator\">\n\t\t\t\t\t\t\t<span class=\"elementor-divider__text elementor-divider__element\">\n\t\t\t\tFonte: https:\/\/www.spj.org\/ethicscode.asp\t\t\t\t<\/span>\n\t\t\t\t\t\t<\/span>\n\t\t<\/div>\n\t\t\t\t\t\t<\/div>\n\t\t\t\t<\/div>\n\t\t\t\t\t<\/div>\n\t\t<\/div>\n\t\t\t\t\t<\/div>\n\t\t<\/section>\n\t\t\t\t<\/div>","protected":false},"excerpt":{"rendered":"<p>PRE\u00c2MBULO Solicita-se a todos os nossos associados que leiam, aprovem e apliquem o c\u00f3digo de \u00e9tica da SPJ (Sociedade de Jornalismo Profissional) no exerc\u00edcio de suas atividades. Como membro da Sociedade de Jornalistas Profissionais, a EUPA acredita \u201cque o esclarecimento p\u00fablico \u00e9 o precursor da justi\u00e7a e a base da democracia. O jornalismo \u00e9tico se esfor\u00e7a para garantir ... <a title=\"C\u00f3digo de \u00c9tica\" class=\"read-more\" href=\"https:\/\/eupa.uk\/pt\/rules\/code-of-ethics\/\" aria-label=\"Leia mais sobre C\u00f3digo de \u00c9tica\">Leia mais<\/a><\/p>","protected":false},"author":1,"featured_media":0,"parent":3062,"menu_order":1,"comment_status":"closed","ping_status":"closed","template":"","meta":{"footnotes":""},"class_list":["post-4906","page","type-page","status-publish"],"_links":{"self":[{"href":"https:\/\/eupa.uk\/pt\/wp-json\/wp\/v2\/pages\/4906","targetHints":{"allow":["GET"]}}],"collection":[{"href":"https:\/\/eupa.uk\/pt\/wp-json\/wp\/v2\/pages"}],"about":[{"href":"https:\/\/eupa.uk\/pt\/wp-json\/wp\/v2\/types\/page"}],"author":[{"embeddable":true,"href":"https:\/\/eupa.uk\/pt\/wp-json\/wp\/v2\/users\/1"}],"replies":[{"embeddable":true,"href":"https:\/\/eupa.uk\/pt\/wp-json\/wp\/v2\/comments?post=4906"}],"version-history":[{"count":0,"href":"https:\/\/eupa.uk\/pt\/wp-json\/wp\/v2\/pages\/4906\/revisions"}],"up":[{"embeddable":true,"href":"https:\/\/eupa.uk\/pt\/wp-json\/wp\/v2\/pages\/3062"}],"wp:attachment":[{"href":"https:\/\/eupa.uk\/pt\/wp-json\/wp\/v2\/media?parent=4906"}],"curies":[{"name":"wp","href":"https:\/\/api.w.org\/{rel}","templated":true}]}}