{"id":4914,"date":"2021-04-19T16:20:07","date_gmt":"2021-04-19T16:20:07","guid":{"rendered":"https:\/\/eupa.agency\/?page_id=4914"},"modified":"2022-03-10T11:23:31","modified_gmt":"2022-03-10T11:23:31","slug":"edition","status":"publish","type":"page","link":"https:\/\/eupa.uk\/pt\/rules\/edition\/","title":{"rendered":"Edi\u00e7\u00e3o"},"content":{"rendered":"<div data-elementor-type=\"wp-page\" data-elementor-id=\"4914\" class=\"elementor elementor-4914\" data-elementor-post-type=\"page\">\n\t\t\t\t\t\t<section class=\"elementor-section elementor-top-section elementor-element elementor-element-ad26532 elementor-section-boxed elementor-section-height-default elementor-section-height-default\" data-id=\"ad26532\" data-element_type=\"section\">\n\t\t\t\t\t\t<div class=\"elementor-container elementor-column-gap-default\">\n\t\t\t\t\t<div class=\"elementor-column elementor-col-100 elementor-top-column elementor-element elementor-element-2e0a5a5\" data-id=\"2e0a5a5\" data-element_type=\"column\">\n\t\t\t<div class=\"elementor-widget-wrap elementor-element-populated\">\n\t\t\t\t\t\t<div class=\"elementor-element elementor-element-29850be elementor-widget elementor-widget-text-editor\" data-id=\"29850be\" data-element_type=\"widget\" data-widget_type=\"text-editor.default\">\n\t\t\t\t<div class=\"elementor-widget-container\">\n\t\t\t\t\t\t\t\t\t<p>A EUPA oferece aos seus membros a oportunidade de publicar e vender o seu trabalho atrav\u00e9s de um processo r\u00e1pido e simples, atrav\u00e9s da sua plataforma de conte\u00fados dedicada: <a href=\"https:\/\/www.eupa.store\" target=\"_blank\" rel=\"noopener\">WWW.EUPA.STORE<\/a><\/p><p>O sistema editorial \u00e9 f\u00e1cil de usar e n\u00e3o requer conhecimentos especiais de programa\u00e7\u00e3o \u2013 bastam conhecimentos b\u00e1sicos de inform\u00e1tica e uma conex\u00e3o \u00e0 Internet. Ele permite fazer upload de fotos, v\u00eddeos e textos.<\/p><p>A plataforma pode at\u00e9 ser conectada ao nosso App, permitindo que qualquer correntista membro EUPA participe e transmita eventos em modo ao vivo e ganhe dinheiro com isso. Gra\u00e7as aos seus membros localizados em todo o mundo, a EUPA proporciona cobertura medi\u00e1tica e de imprensa internacional.<\/p><p><strong>Todas as vantagens do sistema editorial em resumo:<\/strong><\/p><ul><li>Documenta\u00e7\u00e3o de todo o seu trabalho jornal\u00edstico<\/li><li>Diversas fontes de receita imediata (comercializa\u00e7\u00e3o de conte\u00fado e cobertura de eventos)<\/li><li>Prova de publica\u00e7\u00e3o, \u00fatil para extensas pesquisas e processos de acredita\u00e7\u00e3o<\/li><li>Oportunidades de marketing<\/li><\/ul>\t\t\t\t\t\t\t\t<\/div>\n\t\t\t\t<\/div>\n\t\t\t\t\t<\/div>\n\t\t<\/div>\n\t\t\t\t\t<\/div>\n\t\t<\/section>\n\t\t\t\t<\/div>","protected":false},"excerpt":{"rendered":"<p>A EUPA oferece aos seus membros a oportunidade de publicar e vender o seu trabalho atrav\u00e9s de um processo r\u00e1pido e simples, atrav\u00e9s da sua plataforma de conte\u00fados dedicada: WWW.EUPA.STORE O sistema editorial \u00e9 f\u00e1cil de usar e n\u00e3o requer conhecimentos especiais de programa\u00e7\u00e3o \u2013 conhecimentos b\u00e1sicos de inform\u00e1tica e uma conex\u00e3o com a Internet \u00e9 tudo que voc\u00ea precisa. Ele permite que voc\u00ea ... <a title=\"Edi\u00e7\u00e3o\" class=\"read-more\" href=\"https:\/\/eupa.uk\/pt\/rules\/edition\/\" aria-label=\"Leia mais sobre Edi\u00e7\u00e3o\">Leia mais<\/a><\/p>","protected":false},"author":1,"featured_media":0,"parent":3062,"menu_order":2,"comment_status":"closed","ping_status":"closed","template":"","meta":{"footnotes":""},"class_list":["post-4914","page","type-page","status-publish"],"_links":{"self":[{"href":"https:\/\/eupa.uk\/pt\/wp-json\/wp\/v2\/pages\/4914","targetHints":{"allow":["GET"]}}],"collection":[{"href":"https:\/\/eupa.uk\/pt\/wp-json\/wp\/v2\/pages"}],"about":[{"href":"https:\/\/eupa.uk\/pt\/wp-json\/wp\/v2\/types\/page"}],"author":[{"embeddable":true,"href":"https:\/\/eupa.uk\/pt\/wp-json\/wp\/v2\/users\/1"}],"replies":[{"embeddable":true,"href":"https:\/\/eupa.uk\/pt\/wp-json\/wp\/v2\/comments?post=4914"}],"version-history":[{"count":0,"href":"https:\/\/eupa.uk\/pt\/wp-json\/wp\/v2\/pages\/4914\/revisions"}],"up":[{"embeddable":true,"href":"https:\/\/eupa.uk\/pt\/wp-json\/wp\/v2\/pages\/3062"}],"wp:attachment":[{"href":"https:\/\/eupa.uk\/pt\/wp-json\/wp\/v2\/media?parent=4914"}],"curies":[{"name":"wp","href":"https:\/\/api.w.org\/{rel}","templated":true}]}}